{"id":753,"date":"2024-01-08T16:44:29","date_gmt":"2024-01-08T16:44:29","guid":{"rendered":"http:\/\/lenders.fi\/?page_id=753"},"modified":"2024-01-08T18:41:30","modified_gmt":"2024-01-08T18:41:30","slug":"vertailu","status":"publish","type":"page","link":"https:\/\/lenders.fi\/en\/vertailu\/","title":{"rendered":"Vertailu"},"content":{"rendered":"<p><\/p><form action=\"\" class=\"electro_form\" method=\"POST\" id=\"electro_form\" data-trp-original-action=\"\"><div class=\"electro_sliders\"><div class=\"electro_header\"><div class=\"electro_fixed\"><div class=\"electro-range electro-slider-principal\">\n\t<div class=\"electro_slider_output\"><div class=\"output-pad\"><span class=\"circle-down circle-control\"><\/span><span class=\"output-number\"><span class=\"output-label\">Vuosikulutus:<\/span><br> <output><\/output><\/span><span class=\"circle-up circle-control\"><\/span><\/div><\/div>\n\t<input type=\"range\" class=\"sc_loan_amount\" name=\"loan-amount\" min=\"500\" max=\"30000\" value=\"3000\" step=\"500\" data-electro>\n\t<\/div><\/div><\/div><div><div><div class=\"companys_matches\">\n\t\t<div class=\"offers\">Vertaa sopimukset (<span class=\"numberofoffers\"><\/span>kpl)<\/div>\n\t\t<div class=\"lastupdated\">P\u00e4ivitetty: <b>09.02.2024<\/b><\/div><\/div>\n\n<\/div><div class=\"electro_rates\"><\/div><\/div>\n\n\t<div id=\"lc_show_more\"><div class=\"bg\"><\/div>\n\t<div class=\"fg\">N\u00e4yt\u00e4 lis\u00e4\u00e4<\/div>\n\n\t<\/div>\n\n\n\t<input type=\"hidden\" name=\"trp-form-language\" value=\"en\"\/><\/form><p><\/p>","protected":false},"excerpt":{"rendered":"","protected":false},"author":1,"featured_media":0,"parent":0,"menu_order":0,"comment_status":"closed","ping_status":"closed","template":"","meta":{"_monsterinsights_skip_tracking":false,"_monsterinsights_sitenote_active":false,"_monsterinsights_sitenote_note":"","_monsterinsights_sitenote_category":0,"footnotes":""},"class_list":["post-753","page","type-page","status-publish","hentry","post-wrapper","thrv_wrapper"],"yoast_head":"<!-- This site is optimized with the Yoast SEO plugin v21.8 - https:\/\/yoast.com\/wordpress\/plugins\/seo\/ -->\n<title>Vertailu - Lenders.fi<\/title>\n<meta name=\"robots\" content=\"index, follow, max-snippet:-1, max-image-preview:large, max-video-preview:-1\" \/>\n<link rel=\"canonical\" href=\"https:\/\/lenders.fi\/en\/vertailu\/\" \/>\n<meta property=\"og:locale\" content=\"en_US\" \/>\n<meta property=\"og:type\" content=\"article\" \/>\n<meta property=\"og:title\" content=\"Vertailu - Lenders.fi\" \/>\n<meta property=\"og:url\" content=\"https:\/\/lenders.fi\/en\/vertailu\/\" \/>\n<meta property=\"og:site_name\" content=\"Lenders.fi\" \/>\n<meta property=\"article:modified_time\" content=\"2024-01-08T18:41:30+00:00\" \/>\n<meta name=\"twitter:card\" content=\"summary_large_image\" \/>\n<script type=\"application\/ld+json\" class=\"yoast-schema-graph\">{\"@context\":\"https:\/\/schema.org\",\"@graph\":[{\"@type\":\"WebPage\",\"@id\":\"https:\/\/lenders.fi\/en\/vertailu\/\",\"url\":\"https:\/\/lenders.fi\/en\/vertailu\/\",\"name\":\"Vertailu - Lenders.fi\",\"isPartOf\":{\"@id\":\"https:\/\/lenders.fi\/#website\"},\"datePublished\":\"2024-01-08T16:44:29+00:00\",\"dateModified\":\"2024-01-08T18:41:30+00:00\",\"breadcrumb\":{\"@id\":\"https:\/\/lenders.fi\/en\/vertailu\/#breadcrumb\"},\"inLanguage\":\"en-US\",\"potentialAction\":[{\"@type\":\"ReadAction\",\"target\":[\"https:\/\/lenders.fi\/en\/vertailu\/\"]}]},{\"@type\":\"BreadcrumbList\",\"@id\":\"https:\/\/lenders.fi\/en\/vertailu\/#breadcrumb\",\"itemListElement\":[{\"@type\":\"ListItem\",\"position\":1,\"name\":\"Etusivu\",\"item\":\"http:\/\/lenders.fi\/en\/\"},{\"@type\":\"ListItem\",\"position\":2,\"name\":\"Vertailu\"}]},{\"@type\":\"WebSite\",\"@id\":\"https:\/\/lenders.fi\/#website\",\"url\":\"https:\/\/lenders.fi\/\",\"name\":\"Lenders.fi\",\"description\":\"Vertaamme lainantarjoajat puolestasi\",\"potentialAction\":[{\"@type\":\"SearchAction\",\"target\":{\"@type\":\"EntryPoint\",\"urlTemplate\":\"https:\/\/lenders.fi\/?s={search_term_string}\"},\"query-input\":\"required name=search_term_string\"}],\"inLanguage\":\"en-US\"}]}<\/script>\n<!-- \/ Yoast SEO plugin. -->","yoast_head_json":{"title":"Vertailu - Lenders.fi","robots":{"index":"index","follow":"follow","max-snippet":"max-snippet:-1","max-image-preview":"max-image-preview:large","max-video-preview":"max-video-preview:-1"},"canonical":"https:\/\/lenders.fi\/en\/vertailu\/","og_locale":"en_US","og_type":"article","og_title":"Vertailu - Lenders.fi","og_url":"https:\/\/lenders.fi\/en\/vertailu\/","og_site_name":"Lenders.fi","article_modified_time":"2024-01-08T18:41:30+00:00","twitter_card":"summary_large_image","schema":{"@context":"https:\/\/schema.org","@graph":[{"@type":"WebPage","@id":"https:\/\/lenders.fi\/en\/vertailu\/","url":"https:\/\/lenders.fi\/en\/vertailu\/","name":"Vertailu - Lenders.fi","isPartOf":{"@id":"https:\/\/lenders.fi\/#website"},"datePublished":"2024-01-08T16:44:29+00:00","dateModified":"2024-01-08T18:41:30+00:00","breadcrumb":{"@id":"https:\/\/lenders.fi\/en\/vertailu\/#breadcrumb"},"inLanguage":"en-US","potentialAction":[{"@type":"ReadAction","target":["https:\/\/lenders.fi\/en\/vertailu\/"]}]},{"@type":"BreadcrumbList","@id":"https:\/\/lenders.fi\/en\/vertailu\/#breadcrumb","itemListElement":[{"@type":"ListItem","position":1,"name":"Etusivu","item":"http:\/\/lenders.fi\/en\/"},{"@type":"ListItem","position":2,"name":"Vertailu"}]},{"@type":"WebSite","@id":"https:\/\/lenders.fi\/#website","url":"https:\/\/lenders.fi\/","name":"Lenders.fi","description":"Vertaamme lainantarjoajat puolestasi","potentialAction":[{"@type":"SearchAction","target":{"@type":"EntryPoint","urlTemplate":"https:\/\/lenders.fi\/?s={search_term_string}"},"query-input":"required name=search_term_string"}],"inLanguage":"en-US"}]}},"_links":{"self":[{"href":"https:\/\/lenders.fi\/en\/wp-json\/wp\/v2\/pages\/753"}],"collection":[{"href":"https:\/\/lenders.fi\/en\/wp-json\/wp\/v2\/pages"}],"about":[{"href":"https:\/\/lenders.fi\/en\/wp-json\/wp\/v2\/types\/page"}],"author":[{"embeddable":true,"href":"https:\/\/lenders.fi\/en\/wp-json\/wp\/v2\/users\/1"}],"replies":[{"embeddable":true,"href":"https:\/\/lenders.fi\/en\/wp-json\/wp\/v2\/comments?post=753"}],"version-history":[{"count":5,"href":"https:\/\/lenders.fi\/en\/wp-json\/wp\/v2\/pages\/753\/revisions"}],"predecessor-version":[{"id":762,"href":"https:\/\/lenders.fi\/en\/wp-json\/wp\/v2\/pages\/753\/revisions\/762"}],"wp:attachment":[{"href":"https:\/\/lenders.fi\/en\/wp-json\/wp\/v2\/media?parent=753"}],"curies":[{"name":"wp","href":"https:\/\/api.w.org\/{rel}","templated":true}]}}