{"id":72,"date":"2022-09-06T07:34:49","date_gmt":"2022-09-06T07:34:49","guid":{"rendered":"http:\/\/lenders.fi\/?page_id=72"},"modified":"2023-02-22T08:12:58","modified_gmt":"2023-02-22T08:12:58","slug":"pikalaina","status":"publish","type":"page","link":"https:\/\/lenders.fi\/en\/quick-loan\/","title":{"rendered":"Quick loan"},"content":{"rendered":"<h1>Quick loan instantly on your account<\/h1>\n<p style=\"\">An easy quick loan is ideal for sudden cash needs. Fill in the loan application and get loan offers in minutes.<\/p>\n<ul>\n<li style=\"padding-bottom: 6px !important;\">                    <span style=\"\"><span style=\"\">Complete the loan application in 1 minute<\/span><\/span><\/li>\n<li style=\"padding-bottom: 6px !important;\">                    <span style=\"\">Choose the loan that best suits your needs<\/span><\/li>\n<li style=\"padding-bottom: 6px !important;\"><span style=\"\">Get your money in your account today!<\/span><\/li>\n<\/ul>\n<h1 data-pm-slice=\"1 1 []\">Easy quick loan online<\/h1>\n<p>Apply for a quick loan now and you could get <a href=\"https:\/\/lenders.fi\/en\/unsecured-loan\/\">money immediately into your account<\/a>! Through our partners, you can apply for a fast loan from several different financial institutions with a single application. It takes just a few minutes to complete the application, and you will receive a loan decision almost immediately after submitting your application.<\/p>\n<p>Fill in the loan application now and get yourself an affordable quick loan in no time.<\/p>\n<h2>What is a quick loan?<\/h2>\n<p>A quick loan is an unsecured loan that can be applied for online in just a few minutes. No collateral is required for a quick loan, which means that you can usually get a loan decision almost immediately after submitting your application. A quick loan is handy when you need money in your account quickly.<\/p>\n<p>You can apply for a quick loan online at any time, and filling in the application is completely free.<\/p>\n<h2>How to apply for a quick loan<\/h2>\n<p><span style=\"\"><img decoding=\"async\" alt=\"\" data-id=\"476\" data-init-width=\"720\" data-init-height=\"532\" title=\"\" loading=\"lazy\" src=\"http:\/\/lenders.fi\/wp-content\/uploads\/2022\/12\/shutterstock_14632293591-e1671911863789.jpg\" data-width=\"396\" data-height=\"293\" data-link-wrap=\"true\" style=\"\" mt-d=\"0\" mt-m=\"0\" center-v-d=\"false\" mt-t=\"-32\" ml-t=\"0\" ml-m=\"0\" ml-d=\"0\" center-h-d=\"false\" width=\"396\" height=\"293\"><\/span><\/p>\n<h3>Think about how much you need to borrow<\/h3>\n<p>When you apply for a loan, the first thing to consider is how much you need. It's a good idea to apply for enough, but if you borrow more than you need, you may be tempted to spend money unnecessarily. So when applying for a loan, you should always think carefully about whether you can actually pay it back.<\/p>\n<p>On the other hand, it is better to apply for a little more than too little, as you can always repay the loan faster than the planned repayment schedule.<\/p>\n<p><span style=\"\"><img decoding=\"async\" alt=\"\" data-id=\"477\" data-init-width=\"1000\" data-init-height=\"644\" title=\"\" loading=\"lazy\" src=\"http:\/\/lenders.fi\/wp-content\/uploads\/2022\/12\/shutterstock_1555297910.jpg\" data-width=\"461\" data-height=\"297\" data-link-wrap=\"true\" style=\"\" mt-d=\"0\" mt-m=\"0\" center-v-d=\"false\" mt-t=\"-32\" ml-t=\"0\" ml-m=\"0\" ml-d=\"0\" center-h-d=\"false\" width=\"461\" height=\"297\"><\/span><\/p>\n<h3>Fill in the loan application<\/h3>\n<p>Once you know how much loan you need, it's time to fill in a loan application. You can apply for a loan through our partners with a single loan application from several different financial institutions, so it's not necessary to fill in a loan application at different services.<\/p>\n<p>Completing the loan application is quick and easy - just fill in the application form, add the necessary attachments (such as proof of income) and submit the application.<\/p>\n<p><span style=\"\"><img decoding=\"async\" alt=\"\" data-id=\"413\" data-init-width=\"500\" data-init-height=\"334\" title=\"\" loading=\"lazy\" src=\"http:\/\/lenders.fi\/wp-content\/uploads\/2022\/11\/shutterstock_1887352297.jpg\" data-width=\"396\" data-height=\"265\" data-link-wrap=\"true\" style=\"\" mt-d=\"0\" mt-m=\"0\" center-v-d=\"false\" mt-t=\"-32\" ml-t=\"0\" ml-m=\"0\" ml-d=\"0\" center-h-d=\"false\" width=\"396\" height=\"265\"><\/span><\/p>\n<h3>Compare loan providers<\/h3>\n<p>After filling in the loan application form, the application is processed by different financial institutions and you will receive a loan decision from different providers, usually within minutes.<\/p>\n<p>You will usually receive several loan offers at once, so at this stage it is worth comparing the different loans, including the term of the loan, the annual percentage rate of charge, the opening fee and other costs. The loan amount and term may also vary between different loan offers.<\/p>\n<h3>Choose the most suitable loan<\/h3>\n<p>After receiving the loan offers, you can choose the loan that suits you best and accept the offer.<\/p>\n<p>Simply filling in the loan application form does not commit you to anything. This means that you can still opt out of the loan if you wish.<\/p>\n<p>However, if you find a loan offer that suits you, you can easily accept it with just a few clicks.<\/p>\n<h3>Get the money in your account<\/h3>\n<p>Once your loan offer has been accepted, you will usually receive the money immediately. So the fast loan is true to its name - at best, the loan will be in your account within minutes of approval.<\/p>\n<p>Please note, however, that between 7am and 11pm, you cannot withdraw money from your account. There are legal restrictions on withdrawals.<\/p>\n<h2>Who is eligible for a quick loan?<\/h2>\n<p>A quick loan is a convenient loan product because it can be obtained without collateral - i.e. without a guarantor or property.<\/p>\n<p>However, not just anyone can get a quick loan today. You must be at least the age of majority - over 22 or 23 for many lenders. You must also have a regular income (and proof of it) and a good credit history.<\/p>\n<p>There are no further requirements for a fast-track loan as such. However, please note that your income level, among other things, will affect the amount of the fast loan you can get. For example, a EUR 10 000 fast loan may not be available to everyone.<\/p>\n<p>Through our website partners, you can apply for loans up to \u20ac70 000.<\/p>\n<h2>A quick loan for fast cash needs<\/h2>\n<p>A quick loan is usually a good solution when you need money quickly. A secured loan from a bank can be too slow when something unexpected happens in life - bank loans can take several days to process.<\/p>\n<p>In many cases, a quick loan is the solution, for example, if your phone breaks or you have other unexpected expenses.<\/p>\n<h2>You can get a quick loan without collateral<\/h2>\n<p>No collateral is required for a quick loan. This speeds up the loan application process - there is no need to estimate the amount or value of collateral.<\/p>\n<p>This also makes it easier to get a loan - not everyone who needs a loan has any collateral or guarantors, and in this case a quick loan may be the only way to get a loan.<\/p>\n<h2>Quick loan or quick loan?<\/h2>\n<p>Quick loan and <a href=\"https:\/\/lenders.fi\/en\/instant-loan\/\">Instant loan<\/a> mean almost the same thing - a quick, unsecured payment to an account <a href=\"https:\/\/lenders.fi\/en\/loan\/\">Quoted from<\/a>, which can be accessed online.<\/p>\n<p>However, a quick loan usually refers to small loans of between \u20ac50 and \u20ac1000. A quick loan, on the other hand, most often refers to loans of any size, <a href=\"https:\/\/lenders.fi\/en\/fast-loan\/\">quick loans<\/a>. However, the line is blurred, and in many cases the terms are used to mean exactly the same loan.<\/p>\n<h2>It is always worth competing for quick loans<\/h2>\n<p>It is always a good idea to compete for a quick loan, i.e. to apply for a loan from several financial institutions at the same time.<\/p>\n<p>The reason for this is simple: the interest rate, repayment period and costs can vary significantly between different loan providers, and in the worst case, choosing your first loan can cost you thousands of euros more than you need.<\/p>\n<p>Luckily, through our partners, it's easy to compete for a loan: apply for a loan from different financial institutions in one application, and compare different loan offers in one go.<\/p>\n<h2>Quick loan instantly on your account<\/h2>\n<p>While a normal bank loan may be paid with a delay, the situation is different for a fast loan: at best, it is possible to get a fast loan immediately. You can apply for a loan at any time, and you can usually withdraw it between 7am and 11pm.<\/p>\n<h2 data-pm-slice=\"1 1 []\">Quick loan: frequently asked questions<\/h2>","protected":false},"excerpt":{"rendered":"<p>Quick loan instantly to your account An easy quick loan is ideal for those who need money quickly. Fill in the loan application and get loan offers in just a few minutes. Complete the loan application in 1 minute Choose the loan that best suits your needs Get your money in your account today! Easy online quick loan Apply for a quick loan now and get the money in your account right away! Through our partners, you can apply for a quick loan from several different financial institutions with a single application. You can complete the application in just a few [...]<\/p>","protected":false},"author":1,"featured_media":0,"parent":0,"menu_order":0,"comment_status":"closed","ping_status":"closed","template":"","meta":{"_monsterinsights_skip_tracking":false,"_monsterinsights_sitenote_active":false,"_monsterinsights_sitenote_note":"","_monsterinsights_sitenote_category":0,"footnotes":""},"class_list":["post-72","page","type-page","status-publish","hentry","post-wrapper","thrv_wrapper"],"yoast_head":"<!-- This site is optimized with the Yoast SEO plugin v21.8 - https:\/\/yoast.com\/wordpress\/plugins\/seo\/ -->\n<title>Nopea pikalaina heti tilille | Lenders.fi<\/title>\n<meta name=\"robots\" content=\"index, follow, max-snippet:-1, max-image-preview:large, max-video-preview:-1\" \/>\n<link rel=\"canonical\" href=\"https:\/\/lenders.fi\/en\/quick-loan\/\" \/>\n<meta property=\"og:locale\" content=\"en_US\" \/>\n<meta property=\"og:type\" content=\"article\" \/>\n<meta property=\"og:title\" content=\"Nopea pikalaina heti tilille | Lenders.fi\" \/>\n<meta property=\"og:description\" content=\"Pikalaina heti tilille Helppo pikalaina sopii \u00e4killiseen rahantarpeeseen. T\u00e4yt\u00e4 lainahakemus ja saat lainatarjouksia jo muutamassa minuutissa. T\u00e4yt\u00e4 lainahakemus 1 minuutissa Valitse tarpeisiisi sopivin laina Nosta rahat tilille jo t\u00e4n\u00e4\u00e4n! Helppo pikalaina netist\u00e4 Hae pikalainaa nyt ja voit saada rahat heti tilille! Kumppanimme kautta voit hakea pikalainaa useilta eri rahoituslaitoksilta yhdell\u00e4 hakemuksella. Hakemuksen t\u00e4ytt\u00e4minen onnistuu muutamassa [&hellip;]\" \/>\n<meta property=\"og:url\" content=\"https:\/\/lenders.fi\/en\/quick-loan\/\" \/>\n<meta property=\"og:site_name\" content=\"Lenders.fi\" \/>\n<meta property=\"article:modified_time\" content=\"2023-02-22T08:12:58+00:00\" \/>\n<meta property=\"og:image\" content=\"http:\/\/lenders.fi\/wp-content\/uploads\/2022\/12\/shutterstock_14632293591-e1671911863789.jpg\" \/>\n<meta name=\"twitter:card\" content=\"summary_large_image\" \/>\n<meta name=\"twitter:label1\" content=\"Est. reading time\" \/>\n\t<meta name=\"twitter:data1\" content=\"7 minutes\" \/>\n<script type=\"application\/ld+json\" class=\"yoast-schema-graph\">{\"@context\":\"https:\/\/schema.org\",\"@graph\":[{\"@type\":\"WebPage\",\"@id\":\"https:\/\/lenders.fi\/en\/quick-loan\/\",\"url\":\"https:\/\/lenders.fi\/en\/quick-loan\/\",\"name\":\"Nopea pikalaina heti tilille | Lenders.fi\",\"isPartOf\":{\"@id\":\"https:\/\/lenders.fi\/#website\"},\"datePublished\":\"2022-09-06T07:34:49+00:00\",\"dateModified\":\"2023-02-22T08:12:58+00:00\",\"breadcrumb\":{\"@id\":\"https:\/\/lenders.fi\/en\/quick-loan\/#breadcrumb\"},\"inLanguage\":\"en-US\",\"potentialAction\":[{\"@type\":\"ReadAction\",\"target\":[\"https:\/\/lenders.fi\/en\/quick-loan\/\"]}]},{\"@type\":\"BreadcrumbList\",\"@id\":\"https:\/\/lenders.fi\/en\/quick-loan\/#breadcrumb\",\"itemListElement\":[{\"@type\":\"ListItem\",\"position\":1,\"name\":\"Etusivu\",\"item\":\"http:\/\/lenders.fi\/en\/\"},{\"@type\":\"ListItem\",\"position\":2,\"name\":\"Pikalaina\"}]},{\"@type\":\"WebSite\",\"@id\":\"https:\/\/lenders.fi\/#website\",\"url\":\"https:\/\/lenders.fi\/\",\"name\":\"Lenders.fi\",\"description\":\"Vertaamme lainantarjoajat puolestasi\",\"potentialAction\":[{\"@type\":\"SearchAction\",\"target\":{\"@type\":\"EntryPoint\",\"urlTemplate\":\"https:\/\/lenders.fi\/?s={search_term_string}\"},\"query-input\":\"required name=search_term_string\"}],\"inLanguage\":\"en-US\"}]}<\/script>\n<!-- \/ Yoast SEO plugin. -->","yoast_head_json":{"title":"Nopea pikalaina heti tilille | Lenders.fi","robots":{"index":"index","follow":"follow","max-snippet":"max-snippet:-1","max-image-preview":"max-image-preview:large","max-video-preview":"max-video-preview:-1"},"canonical":"https:\/\/lenders.fi\/en\/quick-loan\/","og_locale":"en_US","og_type":"article","og_title":"Nopea pikalaina heti tilille | Lenders.fi","og_description":"Pikalaina heti tilille Helppo pikalaina sopii \u00e4killiseen rahantarpeeseen. T\u00e4yt\u00e4 lainahakemus ja saat lainatarjouksia jo muutamassa minuutissa. T\u00e4yt\u00e4 lainahakemus 1 minuutissa Valitse tarpeisiisi sopivin laina Nosta rahat tilille jo t\u00e4n\u00e4\u00e4n! Helppo pikalaina netist\u00e4 Hae pikalainaa nyt ja voit saada rahat heti tilille! Kumppanimme kautta voit hakea pikalainaa useilta eri rahoituslaitoksilta yhdell\u00e4 hakemuksella. Hakemuksen t\u00e4ytt\u00e4minen onnistuu muutamassa [&hellip;]","og_url":"https:\/\/lenders.fi\/en\/quick-loan\/","og_site_name":"Lenders.fi","article_modified_time":"2023-02-22T08:12:58+00:00","og_image":[{"url":"http:\/\/lenders.fi\/wp-content\/uploads\/2022\/12\/shutterstock_14632293591-e1671911863789.jpg"}],"twitter_card":"summary_large_image","twitter_misc":{"Est. reading time":"7 minutes"},"schema":{"@context":"https:\/\/schema.org","@graph":[{"@type":"WebPage","@id":"https:\/\/lenders.fi\/en\/quick-loan\/","url":"https:\/\/lenders.fi\/en\/quick-loan\/","name":"Nopea pikalaina heti tilille | Lenders.fi","isPartOf":{"@id":"https:\/\/lenders.fi\/#website"},"datePublished":"2022-09-06T07:34:49+00:00","dateModified":"2023-02-22T08:12:58+00:00","breadcrumb":{"@id":"https:\/\/lenders.fi\/en\/quick-loan\/#breadcrumb"},"inLanguage":"en-US","potentialAction":[{"@type":"ReadAction","target":["https:\/\/lenders.fi\/en\/quick-loan\/"]}]},{"@type":"BreadcrumbList","@id":"https:\/\/lenders.fi\/en\/quick-loan\/#breadcrumb","itemListElement":[{"@type":"ListItem","position":1,"name":"Etusivu","item":"http:\/\/lenders.fi\/en\/"},{"@type":"ListItem","position":2,"name":"Pikalaina"}]},{"@type":"WebSite","@id":"https:\/\/lenders.fi\/#website","url":"https:\/\/lenders.fi\/","name":"Lenders.fi","description":"Vertaamme lainantarjoajat puolestasi","potentialAction":[{"@type":"SearchAction","target":{"@type":"EntryPoint","urlTemplate":"https:\/\/lenders.fi\/?s={search_term_string}"},"query-input":"required name=search_term_string"}],"inLanguage":"en-US"}]}},"_links":{"self":[{"href":"https:\/\/lenders.fi\/en\/wp-json\/wp\/v2\/pages\/72"}],"collection":[{"href":"https:\/\/lenders.fi\/en\/wp-json\/wp\/v2\/pages"}],"about":[{"href":"https:\/\/lenders.fi\/en\/wp-json\/wp\/v2\/types\/page"}],"author":[{"embeddable":true,"href":"https:\/\/lenders.fi\/en\/wp-json\/wp\/v2\/users\/1"}],"replies":[{"embeddable":true,"href":"https:\/\/lenders.fi\/en\/wp-json\/wp\/v2\/comments?post=72"}],"version-history":[{"count":13,"href":"https:\/\/lenders.fi\/en\/wp-json\/wp\/v2\/pages\/72\/revisions"}],"predecessor-version":[{"id":686,"href":"https:\/\/lenders.fi\/en\/wp-json\/wp\/v2\/pages\/72\/revisions\/686"}],"wp:attachment":[{"href":"https:\/\/lenders.fi\/en\/wp-json\/wp\/v2\/media?parent=72"}],"curies":[{"name":"wp","href":"https:\/\/api.w.org\/{rel}","templated":true}]}}