{"id":68,"date":"2022-09-06T07:28:29","date_gmt":"2022-09-06T07:28:29","guid":{"rendered":"http:\/\/lenders.fi\/?page_id=68"},"modified":"2023-02-22T06:52:38","modified_gmt":"2023-02-22T06:52:38","slug":"vippi","status":"publish","type":"page","link":"https:\/\/lenders.fi\/en\/vippi\/","title":{"rendered":"Payday loan"},"content":{"rendered":"<h1>Easy withdrawal to your account instantly<\/h1>\n<p style=\"\">Compare loan services and get a quick withdrawal instantly into your account - in just minutes.<\/p>\n<ul>\n<li style=\"padding-bottom: 6px !important;\">                    <span style=\"\"><span style=\"\">Complete the loan application in 1 minute<\/span><\/span><\/li>\n<li style=\"padding-bottom: 6px !important;\">                    <span style=\"\">Choose the loan that best suits your needs<\/span><\/li>\n<li style=\"padding-bottom: 6px !important;\"><span style=\"\">Get your money in your account today!<\/span><\/li>\n<\/ul>\n<p>A short-term unsecured loan is a convenient solution for sudden cash needs. When your phone or washing machine breaks down, or you just need a small amount of money immediately, a credit line is usually the right solution.<\/p>\n<p><span style=\"\"><img decoding=\"async\" alt=\"\" data-id=\"437\" data-init-width=\"500\" data-init-height=\"334\" title=\"\" loading=\"lazy\" src=\"http:\/\/lenders.fi\/wp-content\/uploads\/2022\/11\/shutterstock_2182128245.jpg\" data-width=\"396\" data-height=\"265\" data-link-wrap=\"true\" style=\"\" mt-d=\"0\" mt-m=\"0\" center-v-d=\"false\" mt-t=\"-32\" ml-t=\"0\" ml-m=\"0\" ml-d=\"0\" center-h-d=\"false\" width=\"396\" height=\"265\"><\/span><\/p>\n<h2 data-pm-slice=\"1 1 []\">You can apply for a voucher without collateral<\/h2>\n<p>A voucher is well suited for quick loan needs because it can be applied for and obtained without collateral. Secured <a href=\"https:\/\/lenders.fi\/en\/loan\/\">loans<\/a> are usually applied for at banks, and it can take a long time to find out what the collateral is.<\/p>\n<p>A voucher, on the other hand, can at best be granted within minutes of completing the application. Usually, the voucher is also paid into the account on the same day.<\/p>\n<p><span style=\"\"><img decoding=\"async\" alt=\"\" data-id=\"438\" data-init-width=\"500\" data-init-height=\"334\" title=\"\" loading=\"lazy\" src=\"http:\/\/lenders.fi\/wp-content\/uploads\/2022\/11\/shutterstock_1150770380.jpg\" data-width=\"461\" data-height=\"308\" data-link-wrap=\"true\" style=\"\" mt-d=\"0\" mt-m=\"0\" center-v-d=\"false\" mt-t=\"-32\" ml-t=\"0\" ml-m=\"0\" ml-d=\"0\" center-h-d=\"false\" width=\"461\" height=\"308\"><\/span><\/p>\n<h3 data-pm-slice=\"1 1 []\">Always compare levers first<\/h3>\n<p data-pm-slice=\"1 1 []\">There are differences in interest rates and charges, so it is always worth comparing the interest rates before taking out a loan. Through our website partners, you can easily apply for a loan and compare providers in one easy application.The amount to be repaid remains reasonable when you compare interest rates and costs before taking out a loan. Please note that the duration of the loan also has a significant impact on the total cost of the loan. In fact, a vip is usually intended for short-term borrowing needs, and in most cases the vip is repaid within a few months at the latest.<\/p>\n<p><span style=\"\"><img decoding=\"async\" alt=\"\" data-id=\"439\" data-init-width=\"500\" data-init-height=\"333\" title=\"\" loading=\"lazy\" src=\"http:\/\/lenders.fi\/wp-content\/uploads\/2022\/11\/shutterstock_569207518.jpg\" data-width=\"434\" data-height=\"289\" data-link-wrap=\"true\" style=\"\" mt-d=\"0\" mt-m=\"0\" center-v-d=\"false\" mt-t=\"-32\" ml-t=\"0\" ml-m=\"0\" ml-d=\"0\" center-h-d=\"false\" width=\"434\" height=\"289\"><\/span><\/p>\n<h3 data-pm-slice=\"1 1 []\">Expenses for vipers<\/h3>\n<p data-pm-slice=\"1 1 []\">The Vippi does not necessarily have a particularly good reputation, and there is a reason for that. Years ago, when the APR was not yet capped as it is today, the vip was the start of a debt spiral and a default record for many people. The reason for this was the APRs, which could be hundreds or even thousands of percent.But today, such loans are history. Nevertheless, it is always worth calculating exactly how much you will pay back with different loan amounts.<\/p>\n<p><strong>The quiz may include expenses such as:<\/strong><\/p>\n<ul>\n<li>\n<p>Corkage<\/p>\n<\/li>\n<li>\n<p>Account management fee (or administrative fee)<\/p>\n<\/li>\n<li>\n<p>Opening fee (or withdrawal fee)<\/p>\n<\/li>\n<li>\n<p>Billing surcharge<\/p>\n<\/li>\n<li>\n<p>Late fees (if repayment is delayed)<\/p>\n<\/li>\n<\/ul>\n<p>Some of the above charges - such as the opening fee - are billed only once, while an account management fee, for example, may be a monthly charge.<\/p>\n<p>In addition, there is of course no late payment fee if the instalments are paid on time. However, you should be aware of the amount of the late payment fee so that you can choose a loan with the lowest possible fees. Sometimes life can take you by surprise and the repayment of the loan can be delayed, despite your initial plans.<\/p>\n<h2>The benefits of Vip<\/h2>\n<p>The advantage of Vip is its speed and ease of use. Vippi is usually paid into your account on the same day, and it only takes minutes to complete the loan application.<\/p>\n<p>A voucher is also a loan that you can use for anything. This means that a vip is suitable for practically any quick cash need.<\/p>\n<p>Today, the vippi also involves significantly less risk than it did a few years ago. In 2019, all consumer loans will be subject to a 20% interest rate cap. This cap will also limit the interest rates on fast loans. The reason for the interest rate cap is that the interest rates on the market in the past could have been significantly higher than this.<\/p>\n<h2>The risks of quips<\/h2>\n<p>Even though the annual interest rate on a voucher is now significantly lower than in the past, it is still always worth paying back the voucher on time. By paying back your loan on time, you save yourself from additional late repayment fees.<\/p>\n<p>You can also usually repay the loan early without incurring extra charges. You also save on interest costs, as the loan period is shorter.<\/p>\n<p>It's also worth considering whether you really need a vippi. Although it is easy to apply for a loan online, it is not wise to take out a loan on a whim. So only apply for a loan when you really need it.<\/p>\n<h2>Remember these when you apply for a voucher<\/h2>\n<ul>\n<li>\n<p>You can apply for a quail for any need you want<\/p>\n<\/li>\n<li>\n<p>While it's easy to get a quiz, always think about whether you really need it<\/p>\n<\/li>\n<li>\n<p>The tip is usually paid immediately into the account (between 7am and 11pm)<\/p>\n<\/li>\n<li>\n<p>It is always best to repay the loan as soon as possible<\/p>\n<\/li>\n<li>\n<p>Always check the annual percentage rate of charge<\/p>\n<\/li>\n<li>\n<p>Keep the loan period as short as possible<\/p>\n<\/li>\n<li>\n<p>Budget your loan repayments in advance<\/p>\n<\/li>\n<\/ul>\n<h2 data-pm-slice=\"1 1 []\">Vippi: Frequently asked questions<\/h2>\n\n<!-- Page-list plugin v.5.6 wordpress.org\/plugins\/page-list\/ -->\n<div class=\"page-list page-list-ext\">\n<div class=\"page-list-ext-item\"><h3 class=\"page-list-ext-title\"><a href=\"https:\/\/lenders.fi\/en\/vippi\/100-e\/\" title=\"100\u20ac vippi\">100\u20ac vippi<\/a><\/h3><\/div>\n<div class=\"page-list-ext-item\"><h3 class=\"page-list-ext-title\"><a href=\"https:\/\/lenders.fi\/en\/vippi\/1000-e\/\" title=\"1000\u20ac vippi\">1000\u20ac vippi<\/a><\/h3><\/div>\n<div class=\"page-list-ext-item\"><h3 class=\"page-list-ext-title\"><a href=\"https:\/\/lenders.fi\/en\/vippi\/10000-e-2\/\" title=\"10000\u20ac vippi\">10000\u20ac vippi<\/a><\/h3><\/div>\n<div class=\"page-list-ext-item\"><h3 class=\"page-list-ext-title\"><a href=\"https:\/\/lenders.fi\/en\/vippi\/150-e-2\/\" title=\"150\u20ac vippi\">150\u20ac vippi<\/a><\/h3><\/div>\n<div class=\"page-list-ext-item\"><h3 class=\"page-list-ext-title\"><a href=\"https:\/\/lenders.fi\/en\/vippi\/1500-e-3\/\" title=\"1500\u20ac vippi\">1500\u20ac vippi<\/a><\/h3><\/div>\n<div class=\"page-list-ext-item\"><h3 class=\"page-list-ext-title\"><a href=\"https:\/\/lenders.fi\/en\/vippi\/20-e-2\/\" title=\"20\u20ac vippi\">20\u20ac vippi<\/a><\/h3><\/div>\n<div class=\"page-list-ext-item\"><h3 class=\"page-list-ext-title\"><a href=\"https:\/\/lenders.fi\/en\/vippi\/20-e-2\/\" title=\"20\u20ac vippi\">20\u20ac vippi<\/a><\/h3><\/div>\n<div class=\"page-list-ext-item\"><h3 class=\"page-list-ext-title\"><a href=\"https:\/\/lenders.fi\/en\/vippi\/200-e\/\" title=\"200\u20ac vippi\">200\u20ac vippi<\/a><\/h3><\/div>\n<div class=\"page-list-ext-item\"><h3 class=\"page-list-ext-title\"><a href=\"https:\/\/lenders.fi\/en\/vippi\/2000-e-2\/\" title=\"2000\u20ac vippi\">2000\u20ac vippi<\/a><\/h3><\/div>\n<div class=\"page-list-ext-item\"><h3 class=\"page-list-ext-title\"><a href=\"https:\/\/lenders.fi\/en\/vippi\/250-e-2\/\" title=\"250\u20ac vippi\">250\u20ac vippi<\/a><\/h3><\/div>\n<div class=\"page-list-ext-item\"><h3 class=\"page-list-ext-title\"><a href=\"https:\/\/lenders.fi\/en\/vippi\/2500-e-2\/\" title=\"2500\u20ac vippi\">2500\u20ac vippi<\/a><\/h3><\/div>\n<div class=\"page-list-ext-item\"><h3 class=\"page-list-ext-title\"><a href=\"https:\/\/lenders.fi\/en\/vippi\/30-e-2\/\" title=\"30\u20ac vippi\">30\u20ac vippi<\/a><\/h3><\/div>\n<div class=\"page-list-ext-item\"><h3 class=\"page-list-ext-title\"><a href=\"https:\/\/lenders.fi\/en\/vippi\/300-e-2\/\" title=\"300\u20ac vippi\">300\u20ac vippi<\/a><\/h3><\/div>\n<div class=\"page-list-ext-item\"><h3 class=\"page-list-ext-title\"><a href=\"https:\/\/lenders.fi\/en\/vippi\/3000-e-3\/\" title=\"3000\u20ac vippi\">3000\u20ac vippi<\/a><\/h3><\/div>\n<div class=\"page-list-ext-item\"><h3 class=\"page-list-ext-title\"><a href=\"https:\/\/lenders.fi\/en\/vippi\/350-e-2\/\" title=\"350\u20ac vippi\">350\u20ac vippi<\/a><\/h3><\/div>\n<div class=\"page-list-ext-item\"><h3 class=\"page-list-ext-title\"><a href=\"https:\/\/lenders.fi\/en\/vippi\/3500-e-2\/\" title=\"3500\u20ac vippi\">3500\u20ac vippi<\/a><\/h3><\/div>\n<div class=\"page-list-ext-item\"><h3 class=\"page-list-ext-title\"><a href=\"https:\/\/lenders.fi\/en\/vippi\/40-e-2\/\" title=\"40\u20ac vippi\">40\u20ac vippi<\/a><\/h3><\/div>\n<div class=\"page-list-ext-item\"><h3 class=\"page-list-ext-title\"><a href=\"https:\/\/lenders.fi\/en\/vippi\/400-e-2\/\" title=\"400\u20ac vippi\">400\u20ac vippi<\/a><\/h3><\/div>\n<div class=\"page-list-ext-item\"><h3 class=\"page-list-ext-title\"><a href=\"https:\/\/lenders.fi\/en\/vippi\/4000-e-2\/\" title=\"4000\u20ac vippi\">4000\u20ac vippi<\/a><\/h3><\/div>\n<div class=\"page-list-ext-item\"><h3 class=\"page-list-ext-title\"><a href=\"https:\/\/lenders.fi\/en\/vippi\/450-e-3\/\" title=\"450\u20ac vippi\">450\u20ac vippi<\/a><\/h3><\/div>\n<div class=\"page-list-ext-item\"><h3 class=\"page-list-ext-title\"><a href=\"https:\/\/lenders.fi\/en\/vippi\/4500-e-3\/\" title=\"4500\u20ac vippi\">4500\u20ac vippi<\/a><\/h3><\/div>\n<div class=\"page-list-ext-item\"><h3 class=\"page-list-ext-title\"><a href=\"https:\/\/lenders.fi\/en\/vippi\/50-e\/\" title=\"50\u20ac vippi\">50\u20ac vippi<\/a><\/h3><\/div>\n<div class=\"page-list-ext-item\"><h3 class=\"page-list-ext-title\"><a href=\"https:\/\/lenders.fi\/en\/vippi\/500-e\/\" title=\"500\u20ac vippi\">500\u20ac vippi<\/a><\/h3><\/div>\n<div class=\"page-list-ext-item\"><h3 class=\"page-list-ext-title\"><a href=\"https:\/\/lenders.fi\/en\/vippi\/5000-e-3\/\" title=\"5000\u20ac vippi\">5000\u20ac vippi<\/a><\/h3><\/div>\n<div class=\"page-list-ext-item\"><h3 class=\"page-list-ext-title\"><a href=\"https:\/\/lenders.fi\/en\/vippi\/600-e-2\/\" title=\"600\u20ac vippi\">600\u20ac vippi<\/a><\/h3><\/div>\n<div class=\"page-list-ext-item\"><h3 class=\"page-list-ext-title\"><a href=\"https:\/\/lenders.fi\/en\/vippi\/700-e-2\/\" title=\"700\u20ac vippi\">700\u20ac vippi<\/a><\/h3><\/div>\n<div class=\"page-list-ext-item\"><h3 class=\"page-list-ext-title\"><a href=\"https:\/\/lenders.fi\/en\/vippi\/800-e-2\/\" title=\"800\u20ac vippi\">800\u20ac vippi<\/a><\/h3><\/div>\n<div class=\"page-list-ext-item\"><h3 class=\"page-list-ext-title\"><a href=\"https:\/\/lenders.fi\/en\/vippi\/900-e-2\/\" title=\"900\u20ac vippi\">900\u20ac vippi<\/a><\/h3><\/div>\n\n<\/div>\n<h2>See also:<\/h2>\n<ul>\n<li><a href=\"https:\/\/lenders.fi\/en\/loan\/\">Laina<\/a><\/li>\n<li><a href=\"https:\/\/lenders.fi\/en\/quick-loan\/\">Quick loan<\/a><\/li>\n<li><a href=\"https:\/\/lenders.fi\/en\/instant-loan\/\">Quick loan<\/a><\/li>\n<\/ul>","protected":false},"excerpt":{"rendered":"<p>Easy withdrawal instantly Compare loan services and withdraw a quick withdrawal instantly - in just minutes. Complete the loan application in 1 minute Choose the loan that best suits your needs Get your money in your account today! A short term unsecured loan is a convenient solution to your sudden cash needs. When your phone or washing machine breaks down or you just need a small amount of money in your bank account right away, a voucher [...]<\/p>","protected":false},"author":1,"featured_media":0,"parent":0,"menu_order":0,"comment_status":"closed","ping_status":"closed","template":"","meta":{"_monsterinsights_skip_tracking":false,"_monsterinsights_sitenote_active":false,"_monsterinsights_sitenote_note":"","_monsterinsights_sitenote_category":0,"footnotes":""},"class_list":["post-68","page","type-page","status-publish","hentry","post-wrapper","thrv_wrapper"],"yoast_head":"<!-- This site is optimized with the Yoast SEO plugin v21.8 - https:\/\/yoast.com\/wordpress\/plugins\/seo\/ -->\n<title>Vippi - Lenders.fi<\/title>\n<meta name=\"robots\" content=\"index, follow, max-snippet:-1, max-image-preview:large, max-video-preview:-1\" \/>\n<link rel=\"canonical\" href=\"https:\/\/lenders.fi\/en\/vippi\/\" \/>\n<meta property=\"og:locale\" content=\"en_US\" \/>\n<meta property=\"og:type\" content=\"article\" \/>\n<meta property=\"og:title\" content=\"Vippi - Lenders.fi\" \/>\n<meta property=\"og:description\" content=\"Helppo vippi heti tilille Vertaa lainapalvelut ja nosta nopea vippi heti tilille \u2013 vain muutamassa minuutissa. T\u00e4yt\u00e4 lainahakemus 1 minuutissa Valitse tarpeisiisi sopivin laina Nosta rahat tilille jo t\u00e4n\u00e4\u00e4n! Vippi eli lyhytaikainen vakuudeton laina on k\u00e4tev\u00e4 ratkaisu \u00e4killisiin rahantarpeisiin. Kun puhelin tai pesukone hajoaa tai tarvitset muuten vain pienen summan rahaa heti tilille, on vippi [&hellip;]\" \/>\n<meta property=\"og:url\" content=\"https:\/\/lenders.fi\/en\/vippi\/\" \/>\n<meta property=\"og:site_name\" content=\"Lenders.fi\" \/>\n<meta property=\"article:modified_time\" content=\"2023-02-22T06:52:38+00:00\" \/>\n<meta property=\"og:image\" content=\"http:\/\/lenders.fi\/wp-content\/uploads\/2022\/11\/shutterstock_2182128245.jpg\" \/>\n<meta name=\"twitter:card\" content=\"summary_large_image\" \/>\n<meta name=\"twitter:label1\" content=\"Est. reading time\" \/>\n\t<meta name=\"twitter:data1\" content=\"3 minutes\" \/>\n<script type=\"application\/ld+json\" class=\"yoast-schema-graph\">{\"@context\":\"https:\/\/schema.org\",\"@graph\":[{\"@type\":\"WebPage\",\"@id\":\"https:\/\/lenders.fi\/vippi\/\",\"url\":\"https:\/\/lenders.fi\/vippi\/\",\"name\":\"Vippi - Lenders.fi\",\"isPartOf\":{\"@id\":\"https:\/\/lenders.fi\/#website\"},\"datePublished\":\"2022-09-06T07:28:29+00:00\",\"dateModified\":\"2023-02-22T06:52:38+00:00\",\"breadcrumb\":{\"@id\":\"https:\/\/lenders.fi\/vippi\/#breadcrumb\"},\"inLanguage\":\"en-US\",\"potentialAction\":[{\"@type\":\"ReadAction\",\"target\":[\"https:\/\/lenders.fi\/vippi\/\"]}]},{\"@type\":\"BreadcrumbList\",\"@id\":\"https:\/\/lenders.fi\/vippi\/#breadcrumb\",\"itemListElement\":[{\"@type\":\"ListItem\",\"position\":1,\"name\":\"Etusivu\",\"item\":\"http:\/\/lenders.fi\/en\/\"},{\"@type\":\"ListItem\",\"position\":2,\"name\":\"Vippi\"}]},{\"@type\":\"WebSite\",\"@id\":\"https:\/\/lenders.fi\/#website\",\"url\":\"https:\/\/lenders.fi\/\",\"name\":\"Lenders.fi\",\"description\":\"Vertaamme lainantarjoajat puolestasi\",\"potentialAction\":[{\"@type\":\"SearchAction\",\"target\":{\"@type\":\"EntryPoint\",\"urlTemplate\":\"https:\/\/lenders.fi\/?s={search_term_string}\"},\"query-input\":\"required name=search_term_string\"}],\"inLanguage\":\"en-US\"}]}<\/script>\n<!-- \/ Yoast SEO plugin. -->","yoast_head_json":{"title":"Vippi - Lenders.fi","robots":{"index":"index","follow":"follow","max-snippet":"max-snippet:-1","max-image-preview":"max-image-preview:large","max-video-preview":"max-video-preview:-1"},"canonical":"https:\/\/lenders.fi\/en\/vippi\/","og_locale":"en_US","og_type":"article","og_title":"Vippi - Lenders.fi","og_description":"Helppo vippi heti tilille Vertaa lainapalvelut ja nosta nopea vippi heti tilille \u2013 vain muutamassa minuutissa. T\u00e4yt\u00e4 lainahakemus 1 minuutissa Valitse tarpeisiisi sopivin laina Nosta rahat tilille jo t\u00e4n\u00e4\u00e4n! Vippi eli lyhytaikainen vakuudeton laina on k\u00e4tev\u00e4 ratkaisu \u00e4killisiin rahantarpeisiin. Kun puhelin tai pesukone hajoaa tai tarvitset muuten vain pienen summan rahaa heti tilille, on vippi [&hellip;]","og_url":"https:\/\/lenders.fi\/en\/vippi\/","og_site_name":"Lenders.fi","article_modified_time":"2023-02-22T06:52:38+00:00","og_image":[{"url":"http:\/\/lenders.fi\/wp-content\/uploads\/2022\/11\/shutterstock_2182128245.jpg"}],"twitter_card":"summary_large_image","twitter_misc":{"Est. reading time":"3 minutes"},"schema":{"@context":"https:\/\/schema.org","@graph":[{"@type":"WebPage","@id":"https:\/\/lenders.fi\/vippi\/","url":"https:\/\/lenders.fi\/vippi\/","name":"Vippi - Lenders.fi","isPartOf":{"@id":"https:\/\/lenders.fi\/#website"},"datePublished":"2022-09-06T07:28:29+00:00","dateModified":"2023-02-22T06:52:38+00:00","breadcrumb":{"@id":"https:\/\/lenders.fi\/vippi\/#breadcrumb"},"inLanguage":"en-US","potentialAction":[{"@type":"ReadAction","target":["https:\/\/lenders.fi\/vippi\/"]}]},{"@type":"BreadcrumbList","@id":"https:\/\/lenders.fi\/vippi\/#breadcrumb","itemListElement":[{"@type":"ListItem","position":1,"name":"Etusivu","item":"http:\/\/lenders.fi\/en\/"},{"@type":"ListItem","position":2,"name":"Vippi"}]},{"@type":"WebSite","@id":"https:\/\/lenders.fi\/#website","url":"https:\/\/lenders.fi\/","name":"Lenders.fi","description":"Vertaamme lainantarjoajat puolestasi","potentialAction":[{"@type":"SearchAction","target":{"@type":"EntryPoint","urlTemplate":"https:\/\/lenders.fi\/?s={search_term_string}"},"query-input":"required name=search_term_string"}],"inLanguage":"en-US"}]}},"_links":{"self":[{"href":"https:\/\/lenders.fi\/en\/wp-json\/wp\/v2\/pages\/68"}],"collection":[{"href":"https:\/\/lenders.fi\/en\/wp-json\/wp\/v2\/pages"}],"about":[{"href":"https:\/\/lenders.fi\/en\/wp-json\/wp\/v2\/types\/page"}],"author":[{"embeddable":true,"href":"https:\/\/lenders.fi\/en\/wp-json\/wp\/v2\/users\/1"}],"replies":[{"embeddable":true,"href":"https:\/\/lenders.fi\/en\/wp-json\/wp\/v2\/comments?post=68"}],"version-history":[{"count":16,"href":"https:\/\/lenders.fi\/en\/wp-json\/wp\/v2\/pages\/68\/revisions"}],"predecessor-version":[{"id":663,"href":"https:\/\/lenders.fi\/en\/wp-json\/wp\/v2\/pages\/68\/revisions\/663"}],"wp:attachment":[{"href":"https:\/\/lenders.fi\/en\/wp-json\/wp\/v2\/media?parent=68"}],"curies":[{"name":"wp","href":"https:\/\/api.w.org\/{rel}","templated":true}]}}