{"id":66,"date":"2022-09-06T07:26:39","date_gmt":"2022-09-06T07:26:39","guid":{"rendered":"http:\/\/lenders.fi\/?page_id=66"},"modified":"2023-02-22T07:13:09","modified_gmt":"2023-02-22T07:13:09","slug":"lainaa","status":"publish","type":"page","link":"https:\/\/lenders.fi\/en\/loan\/","title":{"rendered":"Loans"},"content":{"rendered":"<h1>Borrow easily and quickly online<\/h1>\n<p style=\"\">Apply for a loan in minutes and get the money in your account today. Check out what our partners have to offer and apply for a loan between \u20ac100 and \u20ac70 000 right now.<\/p>\n<ul>\n<li style=\"padding-bottom: 6px !important;\">                    <span style=\"\"><span style=\"\">Complete the loan application in 1 minute<\/span><\/span><\/li>\n<li style=\"padding-bottom: 6px !important;\">                    <span style=\"\">Choose the loan that best suits your needs<\/span><\/li>\n<li style=\"padding-bottom: 6px !important;\"><span style=\"\">Get your money in your account today!<\/span><\/li>\n<\/ul>\n<p>Do you need <a href=\"https:\/\/lenders.fi\/en\/fast-loan\/\" target=\"_blank\" rel=\"noopener\">a loan quickly<\/a>? Through our partners, you can apply for a loan of \u20ac100-70 000 in one application from several different financial institutions. Your loan application will be processed by several financial institutions in one go, and you can choose the loan that suits you best from a wide range of loan offers.<\/p>\n<h2>Get a loan quickly and easily online<\/h2>\n<p>You can apply for a loan via an easy online form that takes just minutes to fill in. Unsecured loans can ideally be paid into your account within the same day.<\/p>\n<h2>Who is an unsecured loan granted to?<\/h2>\n<p>Unsecured loans are usually granted to people who have a regular income, a good credit record and are over 22 or 23 years old.<\/p>\n<p>Loan conditions vary from one financial institution to another, which is why it's a good idea to apply for a loan from several different places at once - fortunately, you can do this with a single application through our partners,<\/p>\n<h2>How to apply for a loan<\/h2>\n<p>Applying for a loan is easy. However, here is a list of the main things to consider when applying for a loan.<\/p>\n<p><span style=\"\"><img decoding=\"async\" alt=\"\" data-id=\"481\" data-init-width=\"712\" data-init-height=\"562\" title=\"Distracted,From,Work,Worried,Young,Woman,Sitting,On,Couch,With\" loading=\"lazy\" src=\"http:\/\/lenders.fi\/wp-content\/uploads\/2022\/12\/shutterstock_1667439832-e1671914352160.jpg\" data-width=\"396\" data-height=\"313\" data-link-wrap=\"true\" style=\"\" mt-d=\"0\" mt-m=\"0\" center-v-d=\"false\" mt-t=\"-32\" ml-t=\"0\" ml-m=\"0\" ml-d=\"0\" center-h-d=\"false\" width=\"396\" height=\"313\"><\/span><\/p>\n<h3>Think about how much you need to borrow<\/h3>\n<p>Before applying for a loan, you should consider what kind of loan is right for you. It is never a good idea to take out a loan without a reason, and in most cases the amount you need is already known before you fill in the application form. Only apply for a loan when you need it.<\/p>\n<p><span style=\"\"><img decoding=\"async\" alt=\"\" data-id=\"482\" data-init-width=\"712\" data-init-height=\"540\" title=\"\" loading=\"lazy\" src=\"http:\/\/lenders.fi\/wp-content\/uploads\/2022\/12\/shutterstock_1974733904-e1671914413750.jpg\" data-width=\"461\" data-height=\"349\" data-link-wrap=\"true\" style=\"\" mt-d=\"0\" mt-m=\"0\" center-v-d=\"false\" mt-t=\"-32\" ml-t=\"0\" ml-m=\"0\" ml-d=\"0\" center-h-d=\"false\" width=\"461\" height=\"349\"><\/span><\/p>\n<h3>Fill in the loan application<\/h3>\n<p>Once you know the amount you need, you can easily apply for a loan with a single application from several different financial institutions.<\/p>\n<p>With a single application, you can usually get a loan decision in minutes - usually from several different financial institutions at the same time.<\/p>\n<p><span style=\"\"><img decoding=\"async\" alt=\"\" data-id=\"483\" data-init-width=\"1000\" data-init-height=\"667\" title=\"\" loading=\"lazy\" src=\"http:\/\/lenders.fi\/wp-content\/uploads\/2022\/12\/shutterstock_2078660146.jpg\" data-width=\"434\" data-height=\"289\" data-link-wrap=\"true\" style=\"\" mt-d=\"0\" mt-m=\"0\" center-v-d=\"false\" mt-t=\"-32\" ml-t=\"0\" ml-m=\"0\" ml-d=\"0\" center-h-d=\"false\" width=\"434\" height=\"289\"><\/span><\/p>\n<h3>Compare loan offers<\/h3>\n<p>Once you have received loan offers, it's time to compare the interest rates, fees and other terms of the loans. This is the most important step when applying for a loan - if you choose an expensive loan, you could end up paying up to thousands of euros more than you need over the life of the loan.<\/p>\n<p>In addition to the duration of the loan, check at least the annual percentage rate of charge and the amount of late payment fees.<\/p>\n<p><span style=\"\"><img decoding=\"async\" alt=\"\" data-id=\"484\" data-init-width=\"1000\" data-init-height=\"667\" title=\"\" loading=\"lazy\" src=\"http:\/\/lenders.fi\/wp-content\/uploads\/2022\/12\/shutterstock_2078660023.jpg\" data-width=\"461\" data-height=\"307\" data-link-wrap=\"true\" style=\"\" mt-d=\"0\" mt-m=\"0\" center-v-d=\"false\" mt-t=\"-32\" ml-t=\"0\" ml-m=\"0\" ml-d=\"0\" center-h-d=\"false\" width=\"461\" height=\"307\"><\/span><\/p>\n<h3>Accept the most suitable loan offer<\/h3>\n<p>Once you have compared the loan offers and found the best loan, it's time to choose the one that suits you best. Loan approval is usually just a few clicks away, and in most cases the loan is paid into your account the same day.<\/p>\n<h2>Various loans<\/h2>\n<p>Through our partners, you can apply for an unsecured loan up to EUR 70 000. However, the loans sometimes go by slightly different names, and there may be slight differences. Here we look at the most common types of loans and their differences, pluses and minuses.<\/p>\n<h3>Consumer credit<\/h3>\n<p><a href=\"https:\/\/lenders.fi\/en\/unsecured-loan\/\">Consumer credit<\/a> generally refers to a loan of thousands or tens of thousands of euros, which you can use as you wish. Consumer credit from ordinary banks may be unsecured, or it may require collateral or guarantors.<\/p>\n<p>However, consumer credit granted through our partners is always an unsecured loan. This means that you do not need any guarantors or assets to take out a loan.<\/p>\n<p>An unsecured loan is usually quicker to obtain than a secured loan, as there is no need to make a separate declaration of collateral or guarantors. It is possible to obtain an unsecured loan simply by proving your own income.<\/p>\n<p>Unsecured loans are often used for renovations, buying a car or a home, for example. With a consumer loan, the term of the loan (i.e. the repayment period) is known in advance and is usually between 1 and 15 years.<\/p>\n<p>Unsecured consumer credit can be credited to your account even on the same day. You can apply for consumer credit through our partners from EUR 100 to EUR 70 000.<\/p>\n<h3>Quick loan<\/h3>\n<p><a href=\"https:\/\/lenders.fi\/en\/instant-loan\/\" target=\"_blank\" rel=\"noopener\">Quick loan<\/a> has gained a somewhat dubious reputation in recent years, and not without reason: before the changes in the law that restricted interest rates, the interest rates on fast loans could be thousands of percent per year.<\/p>\n<p>Today, however, interest rates on quick loans are no longer as high. The Consumer Credit Interest Act, which came into force in 2019, limits the nominal interest rate on all consumer credit to 20%. This means that the really expensive fast loans of the past are practically history.<\/p>\n<p>In practice, a quick loan is nowadays an unsecured consumer loan of a relatively small amount and with a relatively short repayment period.<\/p>\n<h3>Quick loan<\/h3>\n<p><a href=\"https:\/\/lenders.fi\/en\/quick-loan\/\" target=\"_blank\" rel=\"noopener\">Quick loan<\/a> is generally not a clear definition - it is used as a synonym for both instant credit and consumer credit generally available online. However, in most cases, the term \"quick loan\" refers to the same thing as \"quick mortgage\", i.e. a small unsecured loan.<\/p>\n<h3>Flexible credit<\/h3>\n<p><a href=\"https:\/\/lenders.fi\/en\/unsecured-loan\/\">Flexible credit<\/a> is the credit limit within which you can withdraw the amount you need. You can also withdraw more if necessary, if the credit limit is not yet fully used.<\/p>\n<p>You can either withdraw the entire amount of the loan at once, or make several smaller withdrawals. Flexible credit therefore works a bit like a credit card - the only difference is that you can withdraw the money from your account.<\/p>\n<p>Flexible credit is also often referred to by other names, such as flexi-credit, income credit, credit line or simple limit.<\/p>\n<h3>Peer-to-peer lending<\/h3>\n<p>In practice, a peer-to-peer loan is also an unsecured consumer credit. However, the difference between peer-to-peer lending and normal consumer credit is that peer-to-peer lending is financed by private investors instead of financial institutions and banks.<\/p>\n<p>However, peer-to-peer lending is not usually sought directly from private investors, but through a peer-to-peer lending intermediary. The role of the intermediary is to arrange the lending of money from investors to people seeking a loan.<\/p>\n<p>In practice, there is no difference between a peer-to-peer loan and a consumer loan from the point of view of the borrower. The loan is paid back to the loan intermediary. For a peer-to-peer loan, it is worth checking the interest and charges on the loan, just as for other consumer loans.<\/p>\n<h3>Consolidation loan<\/h3>\n<p>A combination loan is a single loan used to combine or pay off many smaller bills or consumer loans. The terms \"bridge loan\" and \"loan transfer\" are also used.<\/p>\n<p>In practical terms, a consolidation loan is therefore a consumer loan, but the loan must be used to pay off old loans. Often the consolidation loan is not paid to the account of the borrower in the meantime, but the financial institution granting the loan pays the loans to be consolidated directly into the accounts of these lenders.<\/p>\n<p>The reason for applying for a bridging loan is usually that by merging old loans, you can save significantly on the interest costs of the loan. Some companies even concentrate exclusively on providing consolidation loans.<\/p>\n<p>You can also easily tender for consolidation loans through our partners. In many cases, you can get a better interest rate on a consolidation loan than on previous loans if you have managed your finances properly with previous loans.<\/p>\n<h2>Terms related to loans<\/h2>\n<h3>Annual percentage rate of charge on the loan<\/h3>\n<p>The annual percentage rate of charge on a loan includes all the costs associated with the loan. The interest on the loan is usually not the only cost - in addition to the interest, other charges may include an opening fee, account management fees and billing surcharges. However, all these costs are included in the annual percentage rate of charge.<\/p>\n<p>The nominal interest rate on a loan, on the other hand, refers only to the interest on the loan, excluding other costs of the loan.<\/p>\n<p>The annual percentage rate of charge (APR) is required by law to be disclosed in the loan information, and is often the most convenient way to compare the total cost of loans.<\/p>\n<h3>Loan period<\/h3>\n<p>Loan term refers to the repayment period of the loan. Loans through our partners can have a repayment term of between 1 and 15 years. Some vouchers may have a shorter loan term than this.<\/p>\n<p>The duration of the loan always affects the total cost of the loan. If the loan period is longer than necessary, the interest on the loan will have time to accumulate more costs within the loan period. On the other hand, the loan period should be chosen so that the loan can be repaid on time.<\/p>\n<p>However, the loan period does not mean that the loan should be kept for such a long time. If possible, the loan can also be repaid sooner. This will keep the total cost of the loan lower.<\/p>\n<h3>Opening fee<\/h3>\n<p>The loan opening fee is a charge that may be levied on the establishment of the loan. The opening fee is charged only once for a single loan.<\/p>\n<p>The opening fee is also referred to as an establishment fee, an initiation fee, an arrangement fee, a withdrawal fee and a withdrawal fee. However, they all mean the same thing - a one-off fee for opening a loan.<\/p>\n<h3>Account management fee<\/h3>\n<p>The account management fee is a loan servicing charge, which is usually levied monthly when the loan is repaid. The amount of the service charge is usually fixed, i.e. the same amount in euros is charged each month.<\/p>\n<p>An account management fee is also referred to as an account management fee.<\/p>\n<h3>Loan application<\/h3>\n<p>A loan application is basically a form that you fill in to apply for a loan. The loan application is usually filled in with at least your personal details and is usually accompanied by proof of income, such as a pay slip or tax statement.<\/p>\n<p>In many cases, you can also apply for a loan together with another person. In this case, the loan application must of course be filled in by both applicants.<\/p>\n<p>However, you do not need to apply for a loan separately to each financial institution. With our partners, you can compete for loans from up to a dozen different financial institutions with a single application - in just a few minutes.<\/p>\n<h3>Unsecured loan<\/h3>\n<p>An unsecured loan is a loan that can be granted without collateral or a guarantor. You can easily apply for an unsecured loan online and, ideally, you can get the money in your account virtually immediately after the loan offer is approved.<\/p>\n<h2>It is always worth doing a loan comparison<\/h2>\n<p>It is always a good idea to do a loan comparison when applying for a loan. When comparing loans, you should pay attention to the following costs, among others:<\/p>\n<ul>\n<li>\n<p>Annual percentage rate of charge on the loan<\/p>\n<\/li>\n<li>\n<p>Loan servicing fees<\/p>\n<\/li>\n<li>\n<p>Loan opening fees<\/p>\n<\/li>\n<li>\n<p>Loan invoicing surcharges<\/p>\n<\/li>\n<li>\n<p>Loan late fees<\/p>\n<\/li>\n<\/ul>\n<p>You should also check the loan for the following:<\/p>\n<ul>\n<li>\n<p>Monthly instalment of the loan<\/p>\n<\/li>\n<li>\n<p>Nominal interest rate on the loan<\/p>\n<\/li>\n<\/ul>\n<p>Loan costs vary significantly, so it is always worth taking a moment to compare loans. Choosing the most expensive loan can cost up to thousands of euros more than a loan found through a competitive process.<\/p>\n<p>If you have already taken out an expensive loan, combining your loans can save you money on future borrowing costs. Loan consolidation is a handy way of competing with old loans. With a consolidation loan, you can pay off your old loans, leaving only a new, cheaper loan to repay.<\/p>\n<h2>How to get a loan now<\/h2>\n<p>Through our partners, you can get an instant loan on your account (between 7am and 11pm) as follows:<\/p>\n<ol>\n<li>\n<p>Fill in the loan application<\/p>\n<\/li>\n<li>\n<p>Choose the best loan offer for you<\/p>\n<\/li>\n<li>\n<p>Accept the loan offer<\/p>\n<\/li>\n<li>\n<p>You usually get the money in your account immediately<\/p>\n<\/li>\n<\/ol>\n<h3>You can also apply for a loan at night and on weekends<\/h3>\n<p>You can also apply for a loan through our partners during weekdays and weekends.<\/p>\n<p>Please note, however, that the loan can only be paid into your account between 7am and 11pm on weekdays. Therefore, although you can apply for a loan at other times, the loan will not be paid immediately.<\/p>\n<h2>Only apply for a loan when you really need it<\/h2>\n<p>Today, it is quick and easy to apply for a loan online. In many cases, you can get a loan on the same day and the amount can be up to \u20ac70 000 for an unsecured consumer loan.<\/p>\n<p>But only ever apply for a loan when you really need it. Although it's easy to apply for a loan these days, the worst that can happen is that you can end up in a spiral of defaulting on your loan and late payments.<\/p>\n<p>So when you apply for a loan, carefully consider the actual need for the loan and take into account the repayment costs over the entire loan period.<\/p>\n<h2>What can a loan without collateral or guarantors be used for?<\/h2>\n<p>A loan applied for through our partners can be used for anything - it is not restricted to a specific purpose, like a mortgage.<\/p>\n<p>This makes an unsecured loan a convenient solution for many situations - you can apply for a loan to renovate your home, buy a car, finance a holiday or buy a computer.<\/p>\n<p>Although a financial institution can grant a loan in this way, only apply for a loan in situations where you really need it. For example, you should not apply for a loan of \u20ac10 000 without a reason, as it can cost hundreds of euros a month to repay the loan.<\/p>\n<p>Before applying for a loan, you should carefully budget your income and expenditure to avoid any unpleasant surprises.<\/p>\n<h2 data-pm-slice=\"1 1 []\">Loan: Frequently asked questions<\/h2>","protected":false},"excerpt":{"rendered":"<p>Get a quick and easy loan online Get a loan in minutes and get the money in your account today. Check out what our partners have to offer and apply for a loan between \u20ac100 and \u20ac70 000 right now. Fill in a loan application in 1 minute Choose the loan that suits your needs Get the money in your account today! Need a loan fast? Through our partners, you can apply for a loan from \u20ac100 to \u20ac70 000 in one application [...]<\/p>","protected":false},"author":1,"featured_media":0,"parent":0,"menu_order":0,"comment_status":"closed","ping_status":"closed","template":"","meta":{"_monsterinsights_skip_tracking":false,"_monsterinsights_sitenote_active":false,"_monsterinsights_sitenote_note":"","_monsterinsights_sitenote_category":0,"footnotes":""},"class_list":["post-66","page","type-page","status-publish","hentry","post-wrapper","thrv_wrapper"],"yoast_head":"<!-- This site is optimized with the Yoast SEO plugin v21.8 - https:\/\/yoast.com\/wordpress\/plugins\/seo\/ -->\n<title>Lainaa - Lenders.fi<\/title>\n<meta name=\"robots\" content=\"index, follow, max-snippet:-1, max-image-preview:large, max-video-preview:-1\" \/>\n<link rel=\"canonical\" href=\"https:\/\/lenders.fi\/en\/loan\/\" \/>\n<meta property=\"og:locale\" content=\"en_US\" \/>\n<meta property=\"og:type\" content=\"article\" \/>\n<meta property=\"og:title\" content=\"Lainaa - Lenders.fi\" \/>\n<meta property=\"og:description\" content=\"Lainaa helposti ja nopeasti netist\u00e4 Hae lainaa minuuteissa ja voit saada rahat tilillesi jo t\u00e4n\u00e4\u00e4n. Tutustu kumppaniemme tarjontaan ja hae lainaa 100 &#8211; 70 000 euroa heti. T\u00e4yt\u00e4 lainahakemus 1 minuutissa Valitse tarpeisiisi sopivin laina Nosta rahat tilille jo t\u00e4n\u00e4\u00e4n! Tarvitsetko lainaa nopeasti? Kumppaniemme kautta voit hakea lainaa 100 \u2013 70 000 euroa yhdell\u00e4 hakemuksella [&hellip;]\" \/>\n<meta property=\"og:url\" content=\"https:\/\/lenders.fi\/en\/loan\/\" \/>\n<meta property=\"og:site_name\" content=\"Lenders.fi\" \/>\n<meta property=\"article:modified_time\" content=\"2023-02-22T07:13:09+00:00\" \/>\n<meta property=\"og:image\" content=\"http:\/\/lenders.fi\/wp-content\/uploads\/2022\/12\/shutterstock_1667439832-e1671914352160.jpg\" \/>\n<meta name=\"twitter:card\" content=\"summary_large_image\" \/>\n<meta name=\"twitter:label1\" content=\"Est. reading time\" \/>\n\t<meta name=\"twitter:data1\" content=\"8 minutes\" \/>\n<script type=\"application\/ld+json\" class=\"yoast-schema-graph\">{\"@context\":\"https:\/\/schema.org\",\"@graph\":[{\"@type\":\"WebPage\",\"@id\":\"https:\/\/lenders.fi\/lainaa\/\",\"url\":\"https:\/\/lenders.fi\/lainaa\/\",\"name\":\"Lainaa - Lenders.fi\",\"isPartOf\":{\"@id\":\"https:\/\/lenders.fi\/#website\"},\"datePublished\":\"2022-09-06T07:26:39+00:00\",\"dateModified\":\"2023-02-22T07:13:09+00:00\",\"breadcrumb\":{\"@id\":\"https:\/\/lenders.fi\/lainaa\/#breadcrumb\"},\"inLanguage\":\"en-US\",\"potentialAction\":[{\"@type\":\"ReadAction\",\"target\":[\"https:\/\/lenders.fi\/lainaa\/\"]}]},{\"@type\":\"BreadcrumbList\",\"@id\":\"https:\/\/lenders.fi\/lainaa\/#breadcrumb\",\"itemListElement\":[{\"@type\":\"ListItem\",\"position\":1,\"name\":\"Etusivu\",\"item\":\"http:\/\/lenders.fi\/en\/\"},{\"@type\":\"ListItem\",\"position\":2,\"name\":\"Lainaa\"}]},{\"@type\":\"WebSite\",\"@id\":\"https:\/\/lenders.fi\/#website\",\"url\":\"https:\/\/lenders.fi\/\",\"name\":\"Lenders.fi\",\"description\":\"Vertaamme lainantarjoajat puolestasi\",\"potentialAction\":[{\"@type\":\"SearchAction\",\"target\":{\"@type\":\"EntryPoint\",\"urlTemplate\":\"https:\/\/lenders.fi\/?s={search_term_string}\"},\"query-input\":\"required name=search_term_string\"}],\"inLanguage\":\"en-US\"}]}<\/script>\n<!-- \/ Yoast SEO plugin. -->","yoast_head_json":{"title":"Lainaa - Lenders.fi","robots":{"index":"index","follow":"follow","max-snippet":"max-snippet:-1","max-image-preview":"max-image-preview:large","max-video-preview":"max-video-preview:-1"},"canonical":"https:\/\/lenders.fi\/en\/loan\/","og_locale":"en_US","og_type":"article","og_title":"Lainaa - Lenders.fi","og_description":"Lainaa helposti ja nopeasti netist\u00e4 Hae lainaa minuuteissa ja voit saada rahat tilillesi jo t\u00e4n\u00e4\u00e4n. Tutustu kumppaniemme tarjontaan ja hae lainaa 100 &#8211; 70 000 euroa heti. T\u00e4yt\u00e4 lainahakemus 1 minuutissa Valitse tarpeisiisi sopivin laina Nosta rahat tilille jo t\u00e4n\u00e4\u00e4n! Tarvitsetko lainaa nopeasti? Kumppaniemme kautta voit hakea lainaa 100 \u2013 70 000 euroa yhdell\u00e4 hakemuksella [&hellip;]","og_url":"https:\/\/lenders.fi\/en\/loan\/","og_site_name":"Lenders.fi","article_modified_time":"2023-02-22T07:13:09+00:00","og_image":[{"url":"http:\/\/lenders.fi\/wp-content\/uploads\/2022\/12\/shutterstock_1667439832-e1671914352160.jpg"}],"twitter_card":"summary_large_image","twitter_misc":{"Est. reading time":"8 minutes"},"schema":{"@context":"https:\/\/schema.org","@graph":[{"@type":"WebPage","@id":"https:\/\/lenders.fi\/lainaa\/","url":"https:\/\/lenders.fi\/lainaa\/","name":"Lainaa - Lenders.fi","isPartOf":{"@id":"https:\/\/lenders.fi\/#website"},"datePublished":"2022-09-06T07:26:39+00:00","dateModified":"2023-02-22T07:13:09+00:00","breadcrumb":{"@id":"https:\/\/lenders.fi\/lainaa\/#breadcrumb"},"inLanguage":"en-US","potentialAction":[{"@type":"ReadAction","target":["https:\/\/lenders.fi\/lainaa\/"]}]},{"@type":"BreadcrumbList","@id":"https:\/\/lenders.fi\/lainaa\/#breadcrumb","itemListElement":[{"@type":"ListItem","position":1,"name":"Etusivu","item":"http:\/\/lenders.fi\/en\/"},{"@type":"ListItem","position":2,"name":"Lainaa"}]},{"@type":"WebSite","@id":"https:\/\/lenders.fi\/#website","url":"https:\/\/lenders.fi\/","name":"Lenders.fi","description":"Vertaamme lainantarjoajat puolestasi","potentialAction":[{"@type":"SearchAction","target":{"@type":"EntryPoint","urlTemplate":"https:\/\/lenders.fi\/?s={search_term_string}"},"query-input":"required name=search_term_string"}],"inLanguage":"en-US"}]}},"_links":{"self":[{"href":"https:\/\/lenders.fi\/en\/wp-json\/wp\/v2\/pages\/66"}],"collection":[{"href":"https:\/\/lenders.fi\/en\/wp-json\/wp\/v2\/pages"}],"about":[{"href":"https:\/\/lenders.fi\/en\/wp-json\/wp\/v2\/types\/page"}],"author":[{"embeddable":true,"href":"https:\/\/lenders.fi\/en\/wp-json\/wp\/v2\/users\/1"}],"replies":[{"embeddable":true,"href":"https:\/\/lenders.fi\/en\/wp-json\/wp\/v2\/comments?post=66"}],"version-history":[{"count":12,"href":"https:\/\/lenders.fi\/en\/wp-json\/wp\/v2\/pages\/66\/revisions"}],"predecessor-version":[{"id":667,"href":"https:\/\/lenders.fi\/en\/wp-json\/wp\/v2\/pages\/66\/revisions\/667"}],"wp:attachment":[{"href":"https:\/\/lenders.fi\/en\/wp-json\/wp\/v2\/media?parent=66"}],"curies":[{"name":"wp","href":"https:\/\/api.w.org\/{rel}","templated":true}]}}