{"id":586,"date":"2023-02-20T20:09:40","date_gmt":"2023-02-20T20:09:40","guid":{"rendered":"http:\/\/lenders.fi\/?page_id=586"},"modified":"2023-02-20T20:09:40","modified_gmt":"2023-02-20T20:09:40","slug":"tietoa-meista","status":"publish","type":"page","link":"https:\/\/lenders.fi\/en\/information-about-us\/","title":{"rendered":"About us"},"content":{"rendered":"<p><strong>Lenders.fi<\/strong> is a domestic service established in 2022 that helps you find the best unsecured loan for your needs easily and effortlessly.<\/p>\n\n\n\n<p>Lenders.fi provides unbiased information on the different types of unsecured loans, the differences between loan types, how to apply for a loan, how to compare loans and the economy in general.<\/p>\n\n\n\n<p>Our aim is to help Finns find the most suitable unsecured loan easily and quickly from a wide range of financial institutions.<\/p>\n\n\n\n<p>Many companies advertising unsecured loans and instant loans have had a questionable reputation in recent years, due to various marketing techniques that have failed to take the best interests of consumers into account.<\/p>\n\n\n\n<p>Our mission is to provide unbiased information on the different unsecured loan products available, so that anyone in need of such a loan can find the best loan option for their needs. We do not want to encourage anyone to take out a loan unnecessarily, as it is never a good idea to take out a loan if you are not completely sure of your ability to repay.<\/p>\n\n\n\n<p>On our website, you can compare different loan providers easily and for free. There is also no obligation to withdraw a loan when applying for a loan from our partners. So you can compare loan providers and even apply for a loan completely free of charge and without any obligation.<\/p>\n\n\n\n<h2 class=\"wp-block-heading\">Contact<\/h2>\n\n\n\n<p>If you have any questions, comments or suggestions for improvements to our website, you can contact us by email: <strong>info@lenders.fi<\/strong><\/p>","protected":false},"excerpt":{"rendered":"<p>Lenders.fi is a domestic service established in 2022 that helps you find the best unsecured loan for your needs easily and effortlessly. Lenders.fi provides unbiased information on different types of unsecured loans, the differences between loan types, how to apply for a loan, how to compare loans and the economy in general. Our aim is to help Finns find the most suitable unsecured loan easily and quickly from a wide range of financial institutions. Many unsecured loans and instant loans [...]<\/p>","protected":false},"author":1,"featured_media":0,"parent":0,"menu_order":0,"comment_status":"closed","ping_status":"open","template":"","meta":{"_monsterinsights_skip_tracking":false,"_monsterinsights_sitenote_active":false,"_monsterinsights_sitenote_note":"","_monsterinsights_sitenote_category":0,"footnotes":""},"class_list":["post-586","page","type-page","status-publish","hentry","post-wrapper","thrv_wrapper"],"yoast_head":"<!-- This site is optimized with the Yoast SEO plugin v21.8 - https:\/\/yoast.com\/wordpress\/plugins\/seo\/ -->\n<title>Tietoa meist\u00e4 - Lenders.fi<\/title>\n<meta name=\"robots\" content=\"index, follow, max-snippet:-1, max-image-preview:large, max-video-preview:-1\" \/>\n<link rel=\"canonical\" href=\"https:\/\/lenders.fi\/en\/information-about-us\/\" \/>\n<meta property=\"og:locale\" content=\"en_US\" \/>\n<meta property=\"og:type\" content=\"article\" \/>\n<meta property=\"og:title\" content=\"Tietoa meist\u00e4 - Lenders.fi\" \/>\n<meta property=\"og:description\" content=\"Lenders.fi on vuonna 2022 perustettu kotimainen palvelu, joka auttaa sinua l\u00f6yt\u00e4m\u00e4\u00e4n tarpeisiisi sopivimman vakuudettoman lainan helposti ja vaivattomasti. Lenders.fi tarjoaa puolueetonta informaatiota liittyen erilaisiin vakuudettomiin lainoihin, lainatyyppien eroihin, lainan hakemiseen, lainojen vertailuun ja talouteen yleisesti. Tarkoituksenamme on auttaa suomalaisia l\u00f6yt\u00e4m\u00e4\u00e4n sopivin vakuudeton laina helposti ja nopeasti lukemattomien eri rahoituslaitosten joukosta. Monet vakuudettomia lainoja ja pikavippej\u00e4 [&hellip;]\" \/>\n<meta property=\"og:url\" content=\"https:\/\/lenders.fi\/en\/information-about-us\/\" \/>\n<meta property=\"og:site_name\" content=\"Lenders.fi\" \/>\n<meta name=\"twitter:card\" content=\"summary_large_image\" \/>\n<meta name=\"twitter:label1\" content=\"Est. reading time\" \/>\n\t<meta name=\"twitter:data1\" content=\"1 minute\" \/>\n<script type=\"application\/ld+json\" class=\"yoast-schema-graph\">{\"@context\":\"https:\/\/schema.org\",\"@graph\":[{\"@type\":\"WebPage\",\"@id\":\"https:\/\/lenders.fi\/tietoa-meista\/\",\"url\":\"https:\/\/lenders.fi\/tietoa-meista\/\",\"name\":\"Tietoa meist\u00e4 - Lenders.fi\",\"isPartOf\":{\"@id\":\"https:\/\/lenders.fi\/#website\"},\"datePublished\":\"2023-02-20T20:09:40+00:00\",\"dateModified\":\"2023-02-20T20:09:40+00:00\",\"breadcrumb\":{\"@id\":\"https:\/\/lenders.fi\/tietoa-meista\/#breadcrumb\"},\"inLanguage\":\"en-US\",\"potentialAction\":[{\"@type\":\"ReadAction\",\"target\":[\"https:\/\/lenders.fi\/tietoa-meista\/\"]}]},{\"@type\":\"BreadcrumbList\",\"@id\":\"https:\/\/lenders.fi\/tietoa-meista\/#breadcrumb\",\"itemListElement\":[{\"@type\":\"ListItem\",\"position\":1,\"name\":\"Etusivu\",\"item\":\"http:\/\/lenders.fi\/en\/\"},{\"@type\":\"ListItem\",\"position\":2,\"name\":\"Tietoa meist\u00e4\"}]},{\"@type\":\"WebSite\",\"@id\":\"https:\/\/lenders.fi\/#website\",\"url\":\"https:\/\/lenders.fi\/\",\"name\":\"Lenders.fi\",\"description\":\"Vertaamme lainantarjoajat puolestasi\",\"potentialAction\":[{\"@type\":\"SearchAction\",\"target\":{\"@type\":\"EntryPoint\",\"urlTemplate\":\"https:\/\/lenders.fi\/?s={search_term_string}\"},\"query-input\":\"required name=search_term_string\"}],\"inLanguage\":\"en-US\"}]}<\/script>\n<!-- \/ Yoast SEO plugin. -->","yoast_head_json":{"title":"Tietoa meist\u00e4 - Lenders.fi","robots":{"index":"index","follow":"follow","max-snippet":"max-snippet:-1","max-image-preview":"max-image-preview:large","max-video-preview":"max-video-preview:-1"},"canonical":"https:\/\/lenders.fi\/en\/information-about-us\/","og_locale":"en_US","og_type":"article","og_title":"Tietoa meist\u00e4 - Lenders.fi","og_description":"Lenders.fi on vuonna 2022 perustettu kotimainen palvelu, joka auttaa sinua l\u00f6yt\u00e4m\u00e4\u00e4n tarpeisiisi sopivimman vakuudettoman lainan helposti ja vaivattomasti. Lenders.fi tarjoaa puolueetonta informaatiota liittyen erilaisiin vakuudettomiin lainoihin, lainatyyppien eroihin, lainan hakemiseen, lainojen vertailuun ja talouteen yleisesti. Tarkoituksenamme on auttaa suomalaisia l\u00f6yt\u00e4m\u00e4\u00e4n sopivin vakuudeton laina helposti ja nopeasti lukemattomien eri rahoituslaitosten joukosta. Monet vakuudettomia lainoja ja pikavippej\u00e4 [&hellip;]","og_url":"https:\/\/lenders.fi\/en\/information-about-us\/","og_site_name":"Lenders.fi","twitter_card":"summary_large_image","twitter_misc":{"Est. reading time":"1 minute"},"schema":{"@context":"https:\/\/schema.org","@graph":[{"@type":"WebPage","@id":"https:\/\/lenders.fi\/tietoa-meista\/","url":"https:\/\/lenders.fi\/tietoa-meista\/","name":"Tietoa meist\u00e4 - Lenders.fi","isPartOf":{"@id":"https:\/\/lenders.fi\/#website"},"datePublished":"2023-02-20T20:09:40+00:00","dateModified":"2023-02-20T20:09:40+00:00","breadcrumb":{"@id":"https:\/\/lenders.fi\/tietoa-meista\/#breadcrumb"},"inLanguage":"en-US","potentialAction":[{"@type":"ReadAction","target":["https:\/\/lenders.fi\/tietoa-meista\/"]}]},{"@type":"BreadcrumbList","@id":"https:\/\/lenders.fi\/tietoa-meista\/#breadcrumb","itemListElement":[{"@type":"ListItem","position":1,"name":"Etusivu","item":"http:\/\/lenders.fi\/en\/"},{"@type":"ListItem","position":2,"name":"Tietoa meist\u00e4"}]},{"@type":"WebSite","@id":"https:\/\/lenders.fi\/#website","url":"https:\/\/lenders.fi\/","name":"Lenders.fi","description":"Vertaamme lainantarjoajat puolestasi","potentialAction":[{"@type":"SearchAction","target":{"@type":"EntryPoint","urlTemplate":"https:\/\/lenders.fi\/?s={search_term_string}"},"query-input":"required name=search_term_string"}],"inLanguage":"en-US"}]}},"_links":{"self":[{"href":"https:\/\/lenders.fi\/en\/wp-json\/wp\/v2\/pages\/586"}],"collection":[{"href":"https:\/\/lenders.fi\/en\/wp-json\/wp\/v2\/pages"}],"about":[{"href":"https:\/\/lenders.fi\/en\/wp-json\/wp\/v2\/types\/page"}],"author":[{"embeddable":true,"href":"https:\/\/lenders.fi\/en\/wp-json\/wp\/v2\/users\/1"}],"replies":[{"embeddable":true,"href":"https:\/\/lenders.fi\/en\/wp-json\/wp\/v2\/comments?post=586"}],"version-history":[{"count":1,"href":"https:\/\/lenders.fi\/en\/wp-json\/wp\/v2\/pages\/586\/revisions"}],"predecessor-version":[{"id":587,"href":"https:\/\/lenders.fi\/en\/wp-json\/wp\/v2\/pages\/586\/revisions\/587"}],"wp:attachment":[{"href":"https:\/\/lenders.fi\/en\/wp-json\/wp\/v2\/media?parent=586"}],"curies":[{"name":"wp","href":"https:\/\/api.w.org\/{rel}","templated":true}]}}