{"id":45,"date":"2022-09-06T07:04:28","date_gmt":"2022-09-06T07:04:28","guid":{"rendered":"http:\/\/lenders.fi\/generated-homepage\/"},"modified":"2023-12-11T17:05:30","modified_gmt":"2023-12-11T17:05:30","slug":"generated-homepage","status":"publish","type":"page","link":"https:\/\/lenders.fi\/en\/","title":{"rendered":"Generated Homepage"},"content":{"rendered":"<h1 style=\"\">Compare <span style=\"--tcb-applied-color:var$(--tcb-skin-color-19)  !important; color: var(--tcb-skin-color-19)  !important;\">more than 25 loan providers<\/span> with one application<\/h1>\n<p style=\"\">Fill in a free loan application through our partner and you can receive multiple loan offers instantly.<\/p>\n<h2 style=\"text-align: center;\">How do I apply for a loan?<\/h2>\n<h4>Fill in the loan application<\/h4>\n<p>Filling in the loan application is free and does not commit you to anything.<\/p>\n<h4>Compare loan offers<\/h4>\n<p>You can usually get loan offers instantly, within minutes of filling in your loan application.<\/p>\n<h4>Choose the most suitable loan<\/h4>\n<p>Once you've found the loan that suits you best, you can withdraw the loan amount on the same day.<\/p>\n<h2 style=\"text-align: center;\">Save money with loan comparison.<\/h2>\n<p>Loans vary widely in interest rates and costs, and taking an expensive loan can mean thousands of euros in extra charges over the repayment period. By comparing loans you can easily find the best loan offer for you and choose the offer that best suits your needs.<\/p>\n<p>Through our extensive network of partners, you can apply for a loan from up to dozens of banks and lenders in one go. This makes it easy to find best loan offers with just one application.<\/p>\n<h2 style=\"text-align: center;\"><strong>More information<\/strong><\/h2>\n<p style=\"text-align: center;\">Read our articles to learn more about the different types of loans available.<\/p>\n<h4><a href=\"https:\/\/lenders.fi\/en\/unsecured-loan\/\" style=\"outline: none;\">Unsecured loan<\/a><\/h4>\n<h4><a href=\"https:\/\/lenders.fi\/en\/quick-loan\/\">Quick loan<\/a><\/h4>\n<h4><a href=\"https:\/\/lenders.fi\/en\/aggregation-loan\/\" style=\"outline: none;\">Cheapest consolidation loan<\/a><\/h4>\n<h4><a href=\"https:\/\/lenders.fi\/en\/fast-loan\/\" style=\"outline: none;\">Quick loan<\/a><\/h4>\n<h4><a href=\"https:\/\/lenders.fi\/en\/borrow-air-attachments\/\" style=\"outline: none;\">Loans without attachments<\/a><\/h4>\n<h4><a href=\"https:\/\/lenders.fi\/en\/best-loan-comparison\/\" style=\"outline: none;\">Best loan comparison<\/a><\/h4>\n<h4><a href=\"https:\/\/lenders.fi\/en\/loan-offer\/\" style=\"outline: none;\">Loan offers<\/a><\/h4>\n<h4><a href=\"https:\/\/lenders.fi\/en\/instant-credit\/\" style=\"outline: none;\">Fast credit<\/a><\/h4>\n<h4><a href=\"https:\/\/lenders.fi\/en\/one-off-loan\/\">One-off loan<\/a><\/h4>\n<h4><a href=\"https:\/\/lenders.fi\/en\/easy-quick-loan\/\">Easy quick loan<\/a><\/h4>\n<h4><a href=\"https:\/\/lenders.fi\/en\/to-your-small-loan-week-account\/\" style=\"outline: none;\">Small loan instantly on your account<\/a><\/h4>\n<h4><a href=\"https:\/\/lenders.fi\/en\/unsecured-loan\/\" style=\"outline: none;\">Affordable loan<\/a><\/h4>\n<h4><a href=\"https:\/\/lenders.fi\/en\/unsecured-loan\/\" style=\"outline: none;\">Flexible loan<\/a><\/h4>\n<h4><a href=\"https:\/\/lenders.fi\/en\/unsecured-loan\/\" style=\"outline: none;\">Easy loan<\/a><\/h4>\n<h4><a href=\"https:\/\/lenders.fi\/en\/unsecured-loan\/\" style=\"outline: none;\">Consumer credit<\/a><\/h4>\n<h4><a href=\"https:\/\/lenders.fi\/en\/unsecured-loan\/\" style=\"outline: none;\">Flexible credit<\/a><\/h4>\n<h4><a href=\"https:\/\/lenders.fi\/en\/unsecured-loan\/\" style=\"outline: none;\">Borrow immediately<\/a><\/h4>","protected":false},"excerpt":{"rendered":"<p>Kilpailuta yli 25 lainantarjoajaa yhdell\u00e4 hakemuksella T\u00e4yt\u00e4 maksuton lainahakemus yhteisty\u00f6kumppanimme kautta ja voit saada useita lainatarjouksia v\u00e4litt\u00f6m\u00e4sti. Miten haen lainaa? T\u00e4yt\u00e4 lainahakemus Lainahakemuksen t\u00e4ytt\u00e4minen on ilmaista eik\u00e4 sido sinua mihink\u00e4\u00e4n. Vertaa lainatarjoukset Saat lainatarjouksia yleens\u00e4 heti, jo minuuttien kuluttua lainahakemuksen t\u00e4ytt\u00e4misest\u00e4. Valitse sopivin laina Kun olet l\u00f6yt\u00e4nyt itsellesi sopivimman lainan, voit nostaa lainasumman itsellesi jopa [&hellip;]<\/p>","protected":false},"author":1,"featured_media":0,"parent":0,"menu_order":0,"comment_status":"closed","ping_status":"closed","template":"","meta":{"_monsterinsights_skip_tracking":false,"_monsterinsights_sitenote_active":false,"_monsterinsights_sitenote_note":"","_monsterinsights_sitenote_category":0,"footnotes":""},"class_list":["post-45","page","type-page","status-publish","hentry","post-wrapper","thrv_wrapper"],"yoast_head":"<!-- This site is optimized with the Yoast SEO plugin v21.8 - https:\/\/yoast.com\/wordpress\/plugins\/seo\/ -->\n<title>Vertaa yli 20 lainantarjoajaa minuuteissa |\u00a0Lenders.fi<\/title>\n<meta name=\"robots\" content=\"index, follow, max-snippet:-1, max-image-preview:large, max-video-preview:-1\" \/>\n<link rel=\"canonical\" href=\"http:\/\/lenders.fi\/en\/\" \/>\n<meta property=\"og:locale\" content=\"en_US\" \/>\n<meta property=\"og:type\" content=\"article\" \/>\n<meta property=\"og:title\" content=\"Vertaa yli 20 lainantarjoajaa minuuteissa |\u00a0Lenders.fi\" \/>\n<meta property=\"og:description\" content=\"Kilpailuta yli 25 lainantarjoajaa yhdell\u00e4 hakemuksella T\u00e4yt\u00e4 maksuton lainahakemus yhteisty\u00f6kumppanimme kautta ja voit saada useita lainatarjouksia v\u00e4litt\u00f6m\u00e4sti. Miten haen lainaa? T\u00e4yt\u00e4 lainahakemus Lainahakemuksen t\u00e4ytt\u00e4minen on ilmaista eik\u00e4 sido sinua mihink\u00e4\u00e4n. Vertaa lainatarjoukset Saat lainatarjouksia yleens\u00e4 heti, jo minuuttien kuluttua lainahakemuksen t\u00e4ytt\u00e4misest\u00e4. Valitse sopivin laina Kun olet l\u00f6yt\u00e4nyt itsellesi sopivimman lainan, voit nostaa lainasumman itsellesi jopa [&hellip;]\" \/>\n<meta property=\"og:url\" content=\"http:\/\/lenders.fi\/en\/\" \/>\n<meta property=\"og:site_name\" content=\"Lenders.fi\" \/>\n<meta property=\"article:modified_time\" content=\"2023-12-11T17:05:30+00:00\" \/>\n<meta name=\"twitter:card\" content=\"summary_large_image\" \/>\n<meta name=\"twitter:label1\" content=\"Est. reading time\" \/>\n\t<meta name=\"twitter:data1\" content=\"1 minute\" \/>\n<script type=\"application\/ld+json\" class=\"yoast-schema-graph\">{\"@context\":\"https:\/\/schema.org\",\"@graph\":[{\"@type\":\"WebPage\",\"@id\":\"http:\/\/lenders.fi\/en\/\",\"url\":\"http:\/\/lenders.fi\/en\/\",\"name\":\"Vertaa yli 20 lainantarjoajaa minuuteissa |\u00a0Lenders.fi\",\"isPartOf\":{\"@id\":\"https:\/\/lenders.fi\/#website\"},\"datePublished\":\"2022-09-06T07:04:28+00:00\",\"dateModified\":\"2023-12-11T17:05:30+00:00\",\"breadcrumb\":{\"@id\":\"http:\/\/lenders.fi\/en\/#breadcrumb\"},\"inLanguage\":\"en-US\",\"potentialAction\":[{\"@type\":\"ReadAction\",\"target\":[\"http:\/\/lenders.fi\/en\/\"]}]},{\"@type\":\"BreadcrumbList\",\"@id\":\"http:\/\/lenders.fi\/en\/#breadcrumb\",\"itemListElement\":[{\"@type\":\"ListItem\",\"position\":1,\"name\":\"Etusivu\",\"item\":\"http:\/\/lenders.fi\/en\/\"},{\"@type\":\"ListItem\",\"position\":2,\"name\":\"Generated Homepage\"}]},{\"@type\":\"WebSite\",\"@id\":\"https:\/\/lenders.fi\/#website\",\"url\":\"https:\/\/lenders.fi\/\",\"name\":\"Lenders.fi\",\"description\":\"Vertaamme lainantarjoajat puolestasi\",\"potentialAction\":[{\"@type\":\"SearchAction\",\"target\":{\"@type\":\"EntryPoint\",\"urlTemplate\":\"https:\/\/lenders.fi\/?s={search_term_string}\"},\"query-input\":\"required name=search_term_string\"}],\"inLanguage\":\"en-US\"}]}<\/script>\n<!-- \/ Yoast SEO plugin. -->","yoast_head_json":{"title":"Vertaa yli 20 lainantarjoajaa minuuteissa |\u00a0Lenders.fi","robots":{"index":"index","follow":"follow","max-snippet":"max-snippet:-1","max-image-preview":"max-image-preview:large","max-video-preview":"max-video-preview:-1"},"canonical":"http:\/\/lenders.fi\/en\/","og_locale":"en_US","og_type":"article","og_title":"Vertaa yli 20 lainantarjoajaa minuuteissa |\u00a0Lenders.fi","og_description":"Kilpailuta yli 25 lainantarjoajaa yhdell\u00e4 hakemuksella T\u00e4yt\u00e4 maksuton lainahakemus yhteisty\u00f6kumppanimme kautta ja voit saada useita lainatarjouksia v\u00e4litt\u00f6m\u00e4sti. Miten haen lainaa? T\u00e4yt\u00e4 lainahakemus Lainahakemuksen t\u00e4ytt\u00e4minen on ilmaista eik\u00e4 sido sinua mihink\u00e4\u00e4n. Vertaa lainatarjoukset Saat lainatarjouksia yleens\u00e4 heti, jo minuuttien kuluttua lainahakemuksen t\u00e4ytt\u00e4misest\u00e4. Valitse sopivin laina Kun olet l\u00f6yt\u00e4nyt itsellesi sopivimman lainan, voit nostaa lainasumman itsellesi jopa [&hellip;]","og_url":"http:\/\/lenders.fi\/en\/","og_site_name":"Lenders.fi","article_modified_time":"2023-12-11T17:05:30+00:00","twitter_card":"summary_large_image","twitter_misc":{"Est. reading time":"1 minute"},"schema":{"@context":"https:\/\/schema.org","@graph":[{"@type":"WebPage","@id":"http:\/\/lenders.fi\/en\/","url":"http:\/\/lenders.fi\/en\/","name":"Vertaa yli 20 lainantarjoajaa minuuteissa |\u00a0Lenders.fi","isPartOf":{"@id":"https:\/\/lenders.fi\/#website"},"datePublished":"2022-09-06T07:04:28+00:00","dateModified":"2023-12-11T17:05:30+00:00","breadcrumb":{"@id":"http:\/\/lenders.fi\/en\/#breadcrumb"},"inLanguage":"en-US","potentialAction":[{"@type":"ReadAction","target":["http:\/\/lenders.fi\/en\/"]}]},{"@type":"BreadcrumbList","@id":"http:\/\/lenders.fi\/en\/#breadcrumb","itemListElement":[{"@type":"ListItem","position":1,"name":"Etusivu","item":"http:\/\/lenders.fi\/en\/"},{"@type":"ListItem","position":2,"name":"Generated Homepage"}]},{"@type":"WebSite","@id":"https:\/\/lenders.fi\/#website","url":"https:\/\/lenders.fi\/","name":"Lenders.fi","description":"Vertaamme lainantarjoajat puolestasi","potentialAction":[{"@type":"SearchAction","target":{"@type":"EntryPoint","urlTemplate":"https:\/\/lenders.fi\/?s={search_term_string}"},"query-input":"required name=search_term_string"}],"inLanguage":"en-US"}]}},"_links":{"self":[{"href":"https:\/\/lenders.fi\/en\/wp-json\/wp\/v2\/pages\/45"}],"collection":[{"href":"https:\/\/lenders.fi\/en\/wp-json\/wp\/v2\/pages"}],"about":[{"href":"https:\/\/lenders.fi\/en\/wp-json\/wp\/v2\/types\/page"}],"author":[{"embeddable":true,"href":"https:\/\/lenders.fi\/en\/wp-json\/wp\/v2\/users\/1"}],"replies":[{"embeddable":true,"href":"https:\/\/lenders.fi\/en\/wp-json\/wp\/v2\/comments?post=45"}],"version-history":[{"count":17,"href":"https:\/\/lenders.fi\/en\/wp-json\/wp\/v2\/pages\/45\/revisions"}],"predecessor-version":[{"id":709,"href":"https:\/\/lenders.fi\/en\/wp-json\/wp\/v2\/pages\/45\/revisions\/709"}],"wp:attachment":[{"href":"https:\/\/lenders.fi\/en\/wp-json\/wp\/v2\/media?parent=45"}],"curies":[{"name":"wp","href":"https:\/\/api.w.org\/{rel}","templated":true}]}}