{"id":404,"date":"2022-11-09T14:59:08","date_gmt":"2022-11-09T14:59:08","guid":{"rendered":"http:\/\/lenders.fi\/clone-of-pikaluotto\/"},"modified":"2023-02-22T06:37:33","modified_gmt":"2023-02-22T06:37:33","slug":"lainatarjous","status":"publish","type":"page","link":"https:\/\/lenders.fi\/en\/loan-offer\/","title":{"rendered":"Loan offer"},"content":{"rendered":"<h1>The best loan offer easily<\/h1>\n<p style=\"\">Fill in the loan application and get loan offers in minutes. Unsecured consumer credit is easy to withdraw to your account.<\/p>\n<ul>\n<li style=\"padding-bottom: 6px !important;\">                    <span style=\"\"><span style=\"\">Complete the loan application in 1 minute<\/span><\/span><\/li>\n<li style=\"padding-bottom: 6px !important;\">                    <span style=\"\">Choose the loan that best suits your needs<\/span><\/li>\n<li style=\"padding-bottom: 6px !important;\"><span style=\"\">Get your money in your account today!<\/span><\/li>\n<\/ul>\n<p data-pm-slice=\"1 1 []\">Are you planning to apply for a loan, but you have no collateral or guarantor for your loan?<\/p>\n<p>A secured loan is a sensible loan in the sense that the collateral often makes the loan terms and interest rate very favourable. However, it is not always possible to provide collateral, either because it is not available or when the need for a loan is so sudden that <a href=\"https:\/\/lenders.fi\/en\/to-your-small-loan-week-account\/\">the loan should be credited to your account as soon as possible<\/a>.<\/p>\n<p><a href=\"https:\/\/lenders.fi\/en\/unsecured-loan\/\">Unsecured loan<\/a> can now be applied for entirely online, so there is no need to negotiate a loan separately with a bank.<\/p>\n<p>It is even possible to receive a loan offer by email immediately after submitting the loan application, and the loan agreement can be signed conveniently using your online banking credentials. Just applying for a loan does not commit you to anything, however, as you can apply for a loan without any obligations.<\/p>\n<p>However, there are many important things to bear in mind when applying for a loan online before signing a loan agreement. These include, in particular, asking for loan offers and familiarising yourself with the terms and conditions of the loan.<\/p>\n<h2>Where to get a loan offer?<\/h2>\n<p>Requesting a loan offer starts with filling in a loan application. It is worth taking some time to fill in the application form, as it is important that all the information is correct.<\/p>\n<p>Once the bank or other financial institution has processed your loan application, it will make a loan offer based on the information provided in the application, where you will find all the information you need about your future loan.<\/p>\n<p>A loan offer is a promise by the lender to give you a loan. The loan offer tells you how much the lender is willing to lend you, the repayment period and the interest costs.<\/p>\n<p>You can receive multiple loan offers at the same time when you submit a loan application through our partners.<\/p>\n<p>At best, you can get multiple loan offers in a matter of minutes, and you can even get the money in your account within the same day.<\/p>\n<p>However, always compare loan offers before you take out a loan. The best loan offer can only be found by comparing.<\/p>\n<h2>The loan offer includes everything you need<\/h2>\n<p>Before signing a loan agreement, you should carefully read the contents of the loan offer. The loan offer should include everything you need to know about your future loan, from the repayment period to the actual annual cost of the loan.<\/p>\n<p>The loan offer should therefore clearly state all the costs you will incur to take out the loan.<\/p>\n<p>You should always read the loan offer carefully before taking out a loan.<\/p>\n<h3>Nominal and annual percentage rate of charge of the loan offer<\/h3>\n<p>Indeed, the nominal interest rate on a loan is a very widely used benchmark rate used by banks and financial institutions to advertise their loan products.<\/p>\n<p>However, comparing nominal interest rates can be misleading, as there are many other costs associated with a loan that add to the final price tag.<\/p>\n<h3>Annual percentage rate of charge includes all charges<\/h3>\n<p>Other loan costs to be taken into account, which must also be included in the loan offer, are loan origination\/processing fees, service charges, account management fees and billing surcharges.<\/p>\n<p>This can be a one-off charge, such as an opening fee, or an interest cost added to the loan amount each month, such as an account management fee or a billing surcharge. When these interest charges are added to the nominal interest rate of the loan, the annual percentage rate (APR) of the loan is obtained.<\/p>\n<p>When making a loan offer, you should therefore pay particular attention to the actual annual interest rate of the loan. This will give you a better idea of how much your loan will cost you, including interest and other costs.<\/p>\n<p>Especially with smaller loan amounts, you should be very careful, as it is the other costs of the loan that can become very high because the loan amount is small - so even if the costs seem cheap in euro terms, when you compare them to the amount you are borrowing, you will suddenly find that it is a significant cost in percentage terms.<\/p>\n<h3>The law determines the actual annual interest rate on a loan<\/h3>\n<p>With the amendment of the Interest Ceiling Act that entered into force in 2019, the nominal interest rate for unsecured consumer loans may not exceed 20 % per year and other costs may not exceed 0.01 % of the loan amount per day, but not more than EUR 150 per year.<\/p>\n<p>Before the latest permanent reform of the law, the interest costs of smaller quick loans in particular could easily skyrocket, as the nominal interest rate on the loan might seem low, but the other costs of the loan could reach up to thousands of percent.<\/p>\n<p>However, with the reform of the Mortgage Ceilings Act, these loan products have been withdrawn from the market.<\/p>\n<h2>Where to get the best loan offer?<\/h2>\n<p>The best loan offer is, of course, the one with the lowest interest rate, but this may not necessarily come from your own bank, as many people might think.<\/p>\n<p>While concentrating loans with your own bank can be beneficial, for example in the sense that loans can earn bonuses or other monetary benefits, the best loan offer for an unsecured loan may not be available from your own bank.<\/p>\n<h3 data-pm-slice=\"1 1 []\">The best loan offer is found by competitive bidding<\/h3>\n<p>As unsecured loans are becoming more and more common, the loan market today is characterised by a large number of domestic, Nordic and European banks and financial institutions offering unsecured loans to consumers almost in competition with each other.<\/p>\n<p>The increase in supply has led consumers to seek as many loan offers as possible from different lenders in order to find the cheapest loan.<\/p>\n<h3 data-pm-slice=\"1 1 []\">Get a loan with a single application from several different financial institutions<\/h3>\n<p>As mentioned earlier, to get a loan offer, you need to apply for a loan. If you were to ask each lender for a separate loan decision, you would therefore have to send several different loan applications, which would take time and effort to complete.<\/p>\n<p>Because the loan application essentially deals with exactly the same information, you can actually receive several loan offers from different banks and financial institutions with a single loan application.<\/p>\n<p>The best way to do this is to use our service, which allows you to easily compete for loan offers from up to dozens of banks and financial institutions with a single loan application.<\/p>\n<p>With a single application, you can receive up to dozens of different loan offers in just a few minutes.<\/p>\n<h2>How to compete for loan offers<\/h2>\n<p>Competing for unsecured loans means in practice that you ask for several loan offers from different banks and financial institutions. These are then compared against each other on the basis of the actual annual cost of the loan, making it easy to find the loan with the lowest interest rate.<\/p>\n<h3>Multiple offers with one application<\/h3>\n<p>When you apply for a loan through our comparison service, you can get your first loan offers in as little as a few minutes.<\/p>\n<p>This is because many lenders have automated the processing of loan applications, making it quick and easy to compete for loans directly online.The step-by-step process of competing for loan offers is as follows:1. Choose the right loan amount and loan period - use the loan calculator to see how much you would pay for your loan per month by changing the loan amount and loan period2. Fill in the loan application - to speed up the loan process, you should already have the necessary proof of income, such as salary slips or Kela's decision on subsidies, with you3. Submit your loan application - after submitting your application, you will usually receive offers immediately, but we recommend waiting a few hours to ensure that all lenders have time to process your application4. Take your time to review the loan offers - depending on the lender, loan offers are valid for around 2-4 weeks, giving you plenty of time to familiarise yourself with the loan terms. Loans usually differ in terms of duration, interest rates and charges, among other things. 5. If you find a suitable loan promise, accept the loan offer electronically, submit the necessary attachments to the lender and sign the loan agreement using your online banking credentials. You do not need any collateral to secure the loan.<\/p>\n<h3>An easy way to find an affordable loan offer<\/h3>\n<p>When you leave the competitive bidding process to us, we will always find you the best loan offers from our partners. You will be the first to see the most advantageous loan offer, but the final decision on whether to accept the loan offer is always yours.<\/p>\n<p>There is no cost or obligation to request a loan offer, so you can choose to reject all loan offers if none of them meet your needs. What's more, you can always come back to apply for a loan again, with no obligation.<\/p>\n<h3 data-pm-slice=\"1 1 []\">You can apply for a loan without any commitments<\/h3>\n<p data-pm-slice=\"1 1 []\">Requesting a loan quote is a quick and free way to find out what interest rates and loan terms different banks and financial institutions are willing to offer you for an unsecured loan.<\/p>\n<p>Keep in mind, however, that not all lenders will necessarily make a credit decision based on your loan application. This could be because the loan amount is too high or the loan term is too long for your income.<\/p>\n<p>Also check that you meet all the conditions before submitting your loan application. For example, a mark on your credit file may prevent you from obtaining an unsecured loan, or even prevent you from obtaining it altogether.<\/p>\n<h2 data-pm-slice=\"1 1 []\">Best loan offer: frequently asked questions<\/h2>","protected":false},"excerpt":{"rendered":"<p>Get the best loan offer easily Fill in the loan application and get loan offers in minutes. Unsecured consumer credit is easy to withdraw to your account. Fill out a loan application in 1 minute Choose the loan that best suits your needs Get your money in your account today! Are you planning to apply for a loan but don't have any collateral or guarantor for your loan? A secured loan is a sensible loan in the sense that with collateral, the loan terms and interest rate [...]<\/p>","protected":false},"author":1,"featured_media":0,"parent":0,"menu_order":0,"comment_status":"closed","ping_status":"closed","template":"","meta":{"_monsterinsights_skip_tracking":false,"_monsterinsights_sitenote_active":false,"_monsterinsights_sitenote_note":"","_monsterinsights_sitenote_category":0,"footnotes":""},"class_list":["post-404","page","type-page","status-publish","hentry","post-wrapper","thrv_wrapper"],"yoast_head":"<!-- This site is optimized with the Yoast SEO plugin v21.8 - https:\/\/yoast.com\/wordpress\/plugins\/seo\/ -->\n<title>Parhaat lainatarjoukset netiss\u00e4 | Lenders.fi<\/title>\n<meta name=\"robots\" content=\"index, follow, max-snippet:-1, max-image-preview:large, max-video-preview:-1\" \/>\n<link rel=\"canonical\" href=\"https:\/\/lenders.fi\/en\/loan-offer\/\" \/>\n<meta property=\"og:locale\" content=\"en_US\" \/>\n<meta property=\"og:type\" content=\"article\" \/>\n<meta property=\"og:title\" content=\"Parhaat lainatarjoukset netiss\u00e4 | Lenders.fi\" \/>\n<meta property=\"og:description\" content=\"Paras lainatarjous helposti T\u00e4yt\u00e4 lainahakemus ja saat lainatarjoukset muutamassa minuutissa. Vakuudeton kulutusluotto on helppo nostaa tilille. T\u00e4yt\u00e4 lainahakemus 1 minuutissa Valitse tarpeisiisi sopivin laina Nosta rahat tilille jo t\u00e4n\u00e4\u00e4n! Suunnitteletko lainan hakemista, mutta sinulla ei ole esitt\u00e4\u00e4 lainallesi vakuuksia tai takaajaa? Vakuudellinen laina on siin\u00e4 mieless\u00e4 j\u00e4rkev\u00e4 laina, ett\u00e4 vakuuksien avulla lainaehdot ja lainan korkotaso [&hellip;]\" \/>\n<meta property=\"og:url\" content=\"https:\/\/lenders.fi\/en\/loan-offer\/\" \/>\n<meta property=\"og:site_name\" content=\"Lenders.fi\" \/>\n<meta property=\"article:modified_time\" content=\"2023-02-22T06:37:33+00:00\" \/>\n<meta name=\"twitter:card\" content=\"summary_large_image\" \/>\n<meta name=\"twitter:label1\" content=\"Est. reading time\" \/>\n\t<meta name=\"twitter:data1\" content=\"9 minutes\" \/>\n<script type=\"application\/ld+json\" class=\"yoast-schema-graph\">{\"@context\":\"https:\/\/schema.org\",\"@graph\":[{\"@type\":\"WebPage\",\"@id\":\"https:\/\/lenders.fi\/lainatarjous\/\",\"url\":\"https:\/\/lenders.fi\/lainatarjous\/\",\"name\":\"Parhaat lainatarjoukset netiss\u00e4 | Lenders.fi\",\"isPartOf\":{\"@id\":\"https:\/\/lenders.fi\/#website\"},\"datePublished\":\"2022-11-09T14:59:08+00:00\",\"dateModified\":\"2023-02-22T06:37:33+00:00\",\"breadcrumb\":{\"@id\":\"https:\/\/lenders.fi\/lainatarjous\/#breadcrumb\"},\"inLanguage\":\"en-US\",\"potentialAction\":[{\"@type\":\"ReadAction\",\"target\":[\"https:\/\/lenders.fi\/lainatarjous\/\"]}]},{\"@type\":\"BreadcrumbList\",\"@id\":\"https:\/\/lenders.fi\/lainatarjous\/#breadcrumb\",\"itemListElement\":[{\"@type\":\"ListItem\",\"position\":1,\"name\":\"Etusivu\",\"item\":\"http:\/\/lenders.fi\/en\/\"},{\"@type\":\"ListItem\",\"position\":2,\"name\":\"Lainatarjous\"}]},{\"@type\":\"WebSite\",\"@id\":\"https:\/\/lenders.fi\/#website\",\"url\":\"https:\/\/lenders.fi\/\",\"name\":\"Lenders.fi\",\"description\":\"Vertaamme lainantarjoajat puolestasi\",\"potentialAction\":[{\"@type\":\"SearchAction\",\"target\":{\"@type\":\"EntryPoint\",\"urlTemplate\":\"https:\/\/lenders.fi\/?s={search_term_string}\"},\"query-input\":\"required name=search_term_string\"}],\"inLanguage\":\"en-US\"}]}<\/script>\n<!-- \/ Yoast SEO plugin. -->","yoast_head_json":{"title":"Parhaat lainatarjoukset netiss\u00e4 | Lenders.fi","robots":{"index":"index","follow":"follow","max-snippet":"max-snippet:-1","max-image-preview":"max-image-preview:large","max-video-preview":"max-video-preview:-1"},"canonical":"https:\/\/lenders.fi\/en\/loan-offer\/","og_locale":"en_US","og_type":"article","og_title":"Parhaat lainatarjoukset netiss\u00e4 | Lenders.fi","og_description":"Paras lainatarjous helposti T\u00e4yt\u00e4 lainahakemus ja saat lainatarjoukset muutamassa minuutissa. Vakuudeton kulutusluotto on helppo nostaa tilille. T\u00e4yt\u00e4 lainahakemus 1 minuutissa Valitse tarpeisiisi sopivin laina Nosta rahat tilille jo t\u00e4n\u00e4\u00e4n! Suunnitteletko lainan hakemista, mutta sinulla ei ole esitt\u00e4\u00e4 lainallesi vakuuksia tai takaajaa? Vakuudellinen laina on siin\u00e4 mieless\u00e4 j\u00e4rkev\u00e4 laina, ett\u00e4 vakuuksien avulla lainaehdot ja lainan korkotaso [&hellip;]","og_url":"https:\/\/lenders.fi\/en\/loan-offer\/","og_site_name":"Lenders.fi","article_modified_time":"2023-02-22T06:37:33+00:00","twitter_card":"summary_large_image","twitter_misc":{"Est. reading time":"9 minutes"},"schema":{"@context":"https:\/\/schema.org","@graph":[{"@type":"WebPage","@id":"https:\/\/lenders.fi\/lainatarjous\/","url":"https:\/\/lenders.fi\/lainatarjous\/","name":"Parhaat lainatarjoukset netiss\u00e4 | Lenders.fi","isPartOf":{"@id":"https:\/\/lenders.fi\/#website"},"datePublished":"2022-11-09T14:59:08+00:00","dateModified":"2023-02-22T06:37:33+00:00","breadcrumb":{"@id":"https:\/\/lenders.fi\/lainatarjous\/#breadcrumb"},"inLanguage":"en-US","potentialAction":[{"@type":"ReadAction","target":["https:\/\/lenders.fi\/lainatarjous\/"]}]},{"@type":"BreadcrumbList","@id":"https:\/\/lenders.fi\/lainatarjous\/#breadcrumb","itemListElement":[{"@type":"ListItem","position":1,"name":"Etusivu","item":"http:\/\/lenders.fi\/en\/"},{"@type":"ListItem","position":2,"name":"Lainatarjous"}]},{"@type":"WebSite","@id":"https:\/\/lenders.fi\/#website","url":"https:\/\/lenders.fi\/","name":"Lenders.fi","description":"Vertaamme lainantarjoajat puolestasi","potentialAction":[{"@type":"SearchAction","target":{"@type":"EntryPoint","urlTemplate":"https:\/\/lenders.fi\/?s={search_term_string}"},"query-input":"required name=search_term_string"}],"inLanguage":"en-US"}]}},"_links":{"self":[{"href":"https:\/\/lenders.fi\/en\/wp-json\/wp\/v2\/pages\/404"}],"collection":[{"href":"https:\/\/lenders.fi\/en\/wp-json\/wp\/v2\/pages"}],"about":[{"href":"https:\/\/lenders.fi\/en\/wp-json\/wp\/v2\/types\/page"}],"author":[{"embeddable":true,"href":"https:\/\/lenders.fi\/en\/wp-json\/wp\/v2\/users\/1"}],"replies":[{"embeddable":true,"href":"https:\/\/lenders.fi\/en\/wp-json\/wp\/v2\/comments?post=404"}],"version-history":[{"count":4,"href":"https:\/\/lenders.fi\/en\/wp-json\/wp\/v2\/pages\/404\/revisions"}],"predecessor-version":[{"id":658,"href":"https:\/\/lenders.fi\/en\/wp-json\/wp\/v2\/pages\/404\/revisions\/658"}],"wp:attachment":[{"href":"https:\/\/lenders.fi\/en\/wp-json\/wp\/v2\/media?parent=404"}],"curies":[{"name":"wp","href":"https:\/\/api.w.org\/{rel}","templated":true}]}}