{"id":397,"date":"2022-11-09T14:17:26","date_gmt":"2022-11-09T14:17:26","guid":{"rendered":"http:\/\/lenders.fi\/clone-of-pieni-pikavippi-heti-tilille\/"},"modified":"2023-02-22T07:34:50","modified_gmt":"2023-02-22T07:34:50","slug":"pikaluotto","status":"publish","type":"page","link":"https:\/\/lenders.fi\/en\/instant-credit\/","title":{"rendered":"Fast credit"},"content":{"rendered":"<h1>Instant online credit instantly to your account<\/h1>\n<p style=\"\">Instant credit is a quick solution to your money needs. Apply online and get the money in your account right away, in the best case.<\/p>\n<ul>\n<li style=\"padding-bottom: 6px !important;\">                    <span style=\"\"><span style=\"\">Complete the loan application in 1 minute<\/span><\/span><\/li>\n<li style=\"padding-bottom: 6px !important;\">                    <span style=\"\">Choose the loan that best suits your needs<\/span><\/li>\n<li style=\"padding-bottom: 6px !important;\"><span style=\"\">Get your money in your account today!<\/span><\/li>\n<\/ul>\n<p data-pm-slice=\"1 1 []\">Today, fast loans are a much more flexible and affordable loan product than they are today, ideal for covering both small and sudden needs.<\/p>\n<p>You can apply for an instant loan directly to your account online, and it takes no more than a few minutes at best to complete the application. However, it is also worth competing for small quick loans before signing a loan agreement.<\/p>\n<h2>What is instant credit?<\/h2>\n<p>A revolving credit is an unsecured consumer loan that you can apply for without collateral or a lender. The term of a short-term loan is usually quite short.<\/p>\n<p>It is often possible to get an unsecured instant loan on the same day, as the loan application is completed and the credit agreement signed electronically.<\/p>\n<p>A quick loan is usually a small loan, normally ranging from a few tens of euros to a few thousand euros at most.<\/p>\n<p>For this reason, the loan period is also relatively short, less than a year. It is therefore possible to repay the quick loan all at once, for example on the next payday.<\/p>\n<p><span style=\"\"><img decoding=\"async\" alt=\"\" data-id=\"400\" data-init-width=\"500\" data-init-height=\"334\" title=\"\" loading=\"lazy\" src=\"http:\/\/lenders.fi\/wp-content\/uploads\/2022\/11\/shutterstock_394142455.jpg\" data-width=\"396\" data-height=\"265\" data-link-wrap=\"true\" style=\"\" mt-d=\"0\" mt-m=\"0\" center-v-d=\"false\" mt-t=\"-32\" ml-t=\"0\" ml-m=\"0\" ml-d=\"0\" center-h-d=\"false\" width=\"396\" height=\"265\"><\/span><\/p>\n<h2 data-pm-slice=\"1 1 []\">What is an instant loan suitable for?<\/h2>\n<p data-pm-slice=\"1 1 []\">An instant loan is best suited to cover small and sudden expenses. This could be, for example, the breakdown of an important household appliance or a car repair.<\/p>\n<p>An instant loan can also be used for many other purposes, and during the loan process, there is no need to provide the lender with a separate explanation of what the instant loan will be used for.<\/p>\n<p>Although instant credit offers a flexible solution to varying financial needs, no small loan should be applied for simply for the ease of the loan process, but should always be repayable according to the agreed repayment schedule.<\/p>\n<p><span style=\"\"><img decoding=\"async\" alt=\"\" data-id=\"401\" data-init-width=\"500\" data-init-height=\"334\" title=\"\" loading=\"lazy\" src=\"http:\/\/lenders.fi\/wp-content\/uploads\/2022\/11\/shutterstock_1523326748.jpg\" data-width=\"396\" data-height=\"265\" data-link-wrap=\"true\" style=\"\" mt-d=\"0\" mt-m=\"0\" center-v-d=\"false\" mt-t=\"-32\" ml-t=\"0\" ml-m=\"0\" ml-d=\"0\" center-h-d=\"false\" width=\"396\" height=\"265\"><\/span><\/p>\n<h2 data-pm-slice=\"1 1 []\">Instant credit is unsecured consumer credit<\/h2>\n<p data-pm-slice=\"1 1 []\">When applying for a quick loan, you may notice that many banks and financial institutions no longer offer quick loans separately, but advertise unsecured consumer loans on their websites.<\/p>\n<p>However, it should be borne in mind that an instant loan is also an unsecured consumer loan, so it is possible to apply for an instant loan today from basically all banks and financial institutions that grant unsecured consumer loans.<\/p>\n<p><span style=\"\"><img decoding=\"async\" alt=\"\" data-id=\"402\" data-init-width=\"500\" data-init-height=\"362\" title=\"\" loading=\"lazy\" src=\"http:\/\/lenders.fi\/wp-content\/uploads\/2022\/11\/shutterstock_138381611.jpg\" data-width=\"396\" data-height=\"265\" data-link-wrap=\"true\" style=\"\" mt-d=\"0\" mt-m=\"0\" center-v-d=\"false\" mt-t=\"-32\" ml-t=\"0\" ml-m=\"0\" ml-d=\"0\" center-h-d=\"false\" width=\"396\" height=\"265\"><\/span><\/p>\n<h3 data-pm-slice=\"1 1 []\">The duration of a short-term loan is usually quite short<\/h3>\n<p data-pm-slice=\"1 1 []\">The main difference between any other consumer credit and a quick loan is that a quick loan is almost invariably a small amount of money, which for the same reason also has a short repayment period.<\/p>\n<p>This type of consumer credit is often called fast credit for this very reason, as the credit providers may not require the applicant to provide any payslips or other attachments at all, which allows the applicant to receive <a href=\"https:\/\/lenders.fi\/en\/unsecured-loan\/\">money immediately into your account<\/a>.<\/p>\n<h2 data-pm-slice=\"1 1 []\">Where to get an affordable instant loan instantly?<\/h2>\n<p>Although the new interest rate cap law has brought the cost of fast loans down considerably, the content of loan offers between banks and financial institutions may differ.<\/p>\n<p>You can secure multiple loan offers by filling in several loan applications on the websites of different banks and financial institutions.<\/p>\n<p>However, this can be time-consuming and frustrating, as these loan applications usually ask exactly the same questions.<\/p>\n<h3>Multiple loan offers with one application<\/h3>\n<p>Another much easier and faster way to get several loan offers at the same time is to compete for fast loans on our loan comparison service. Filling in the loan application takes no more than a few minutes at best and you can get your first loan offers immediately after submitting your loan application.<\/p>\n<p>You can easily accept the best offer online and sign the loan agreement using your online banking credentials.<\/p>\n<p>This means that you do not need to negotiate a separate loan, and the loan can be paid into your account very quickly.<\/p>\n<h3>Find out the annual percentage rate of charge by comparing<\/h3>\n<p>Comparing loans is the best way to show the real cost of unsecured consumer credit on an annual basis.<\/p>\n<p>This is because when you fill in a loan application on our comparison service, we compete and compare the loan offers you receive based on the actual annual interest rate of the loan.<\/p>\n<p>The annual percentage rate of charge (APR) for a loan includes not only the nominal interest rate, but also all other costs associated with your future loan, whether they are one-off fees such as the origination fee for opening a new loan or monthly charges added to the loan amount, such as account management fees.<\/p>\n<p>The annual percentage rate of charge is therefore usually the best indicator for comparing the cost of loans.<\/p>\n<h3 data-pm-slice=\"1 1 []\">You are not bound by anything when you apply for a loan<\/h3>\n<p data-pm-slice=\"1 1 []\">Competing for instant loans on our loan service is a free and safe way to find out what kind of instant loans are available on the market for your specific needs.<\/p>\n<p>However, by applying for a loan with us, you are not committed to taking out a loan, as you can leave the loan process whenever you want.<\/p>\n<p>For example, if the interest rates on the loan offers do not meet your expectations, you can try again later, for example by applying for a different loan amount or changing the term of the loan. If your need for a loan ends in the middle of your loan application, you still don't have to do anything other than drop out.<\/p>\n<p>It's easy to apply for a loan in minutes, and you can often get loan offers from different financial institutions as soon as you send in your application.<\/p>\n<h2 data-pm-slice=\"1 1 []\">Instant credit instantly to your account<\/h2>\n<p>As the name suggests, the instant loan can be paid immediately into your account. For this reason, instant credit is particularly popular with consumers who have a sudden need for a loan, have a small amount of money to borrow, but have nowhere else to turn at that particular moment.<\/p>\n<h3>Compete for quick loans even in a hurry<\/h3>\n<p>However, you should not skip the loan competition even if you need a loan immediately, as at best it takes only a few minutes to complete the loan application and the competition. At the same time, however, you can still save a considerable amount of money on the cost of a quick loan.<\/p>\n<h3>Instant credit straight from your sofa<\/h3>\n<p>The application for a quick loan is done entirely online, so you don't need to set aside time for separate loan negotiations.<\/p>\n<p>In addition, because the loan amounts applied for normally remain very small, <a href=\"https:\/\/lenders.fi\/en\/borrow-air-attachments\/\">the loan can be granted without any attachments<\/a>, i.e. the loan can be paid into your nominated bank account immediately after you sign the loan agreement, and within the legal time limit, i.e. from 7 a.m. until 11 p.m.<\/p>\n<p>Many lenders have extended their opening hours, meaning that your loan application can be processed outside normal office hours, and even at weekends.<\/p>\n<p>You can get the first initial loan offers as soon as you send your loan application forward. By submitting your loan application well in advance, you also ensure that as many lenders as possible will consider your loan application on the same day.<\/p>\n<h2>What factors affect the cost of fast loans?<\/h2>\n<p>The cost of revolving credit, like other unsecured consumer credit, is made up of many different factors.<\/p>\n<h3>Corkage<\/h3>\n<p>The interest rate the lender offers you is therefore an indication of how likely the lender thinks you are to be able to repay the loan, so the better you can demonstrate your ability to pay, the more competitive the interest rate you can be offered.<\/p>\n<h3>Loan opening fee<\/h3>\n<p>In many cases, an instant loan may include an origination fee. The opening fee is, as the name suggests, the fee charged for opening a loan. The opening fee is paid only once.<\/p>\n<h3>Account management fees<\/h3>\n<p>Account management charges or an account management fee refers to a fee that is usually paid monthly for as long as the loan is outstanding. The account management fee is usually a fixed price per month, for example \u20ac10 per month.<\/p>\n<h3>Possible late fees<\/h3>\n<p>Late repayment fees are of course only payable if the loan repayments are not made on time. You should always check the amount of the late payment fees before taking out a loan.<\/p>\n<h2>Instant access to your account - the amount and term of the fast loan<\/h2>\n<p>As already mentioned above, a quick loan is normally a small loan that is applied for to cover sudden and small expenses. The amount of money you should apply for depends, of course, on the need for the loan.<\/p>\n<p>Usually, you apply for an instant loan for a few hundred euros, but in some cases the amount can be as little as a few tens of euros or as much as \u20ac1,000 to \u20ac2,000. The most important thing is to try to apply for a loan amount that is sufficient to cover your borrowing needs.<\/p>\n<h3>Take into account the total cost of the loan<\/h3>\n<p>For small loans, the cost of the loan can be high precisely because the costs may seem small when comparing loans. However, this can lead to an unfortunate pitfall, as costs that appear small represent a significant percentage of the loan cost when compared to the amount being borrowed.<\/p>\n<p>For example, a \u20ac10 opening fee for a \u20ac200 fast credit is actually cheaper than a \u20ac5 opening fee for a \u20ac50 fast credit. This is why it pays to compare loans, even for small ones.<\/p>\n<h3>Choose the right loan period<\/h3>\n<p>As far as the duration of a quick loan is concerned, the rule of thumb is to keep the loan period short enough to avoid unnecessary extra costs, but long enough to leave enough money for other living expenses after the repayments.<\/p>\n<p>Especially in the case of short-term instant loans, it is usually never worth taking out a loan for too long, as the cost of the loan will become too high.<\/p>\n<p>The aim is to pay off the quick loan as quickly as possible, which is why the term of the loan is usually only a few months.<\/p>\n<h2>Easy and fast instant credit - keep these things in mind before applying for a loan<\/h2>\n<p>If you already feel that repayment will be difficult when you apply for a loan, you should not apply for a loan at all.<\/p>\n<p>Late repayment of a loan can lead to unnecessary extra costs and even a default notice, which will make it difficult to sign a lease, telephone or electricity contract, for example, for many years.<\/p>\n<p>For this reason, you should only take out a loan if you know you can pay it back with interest.<\/p>\n<h3>Act now if you can't pay your loan on time<\/h3>\n<p>If you only notice that you are having problems repaying your loan when you are repaying it, the first thing you should definitely do is contact the lender.<\/p>\n<p>Many lenders are willing to renegotiate the repayment schedule for your loan, as long as you remember to tell them in good time.<\/p>\n<p>Many consumers may believe that banks and financial institutions that provide instant credit are only interested in making money and are therefore not flexible. However, it is also in the interest of the lender that you can work together to agree a new payment schedule for the loan. This saves time and effort for both parties.<\/p>\n<h3>Map your financial situation before applying for a loan<\/h3>\n<p>So remember to carefully assess your financial situation before applying for a fast loan.<\/p>\n<p>Small loans are also aimed at consumers who can repay the loan as agreed. Today, it is easy to apply for a quick loan directly online and the terms have become more flexible, but you should never rush into applying for a loan.<\/p>\n<p>If you have any questions about how to apply for a fast-track loan, we are happy to help you! You can also check out our Frequently Asked Questions section, where we have collected common questions and answers about applying for and competing for a quick loan.v<\/p>\n<h2 data-pm-slice=\"1 1 []\">Instant credit: Frequently asked questions<\/h2>","protected":false},"excerpt":{"rendered":"<p>Instant online credit instantly to your account Instant credit is a quick solution to your money needs. Apply online for an instant loan and get the money in your account right away, in the best case. Complete the loan application in 1 minute Choose the loan that best suits your needs Get your money in your account today! Quick loans are nowadays a much more flexible and affordable loan product than they used to be, ideal for both small and sudden needs. You can apply for an instant loan directly [...]<\/p>","protected":false},"author":1,"featured_media":0,"parent":0,"menu_order":0,"comment_status":"closed","ping_status":"closed","template":"","meta":{"_monsterinsights_skip_tracking":false,"_monsterinsights_sitenote_active":false,"_monsterinsights_sitenote_note":"","_monsterinsights_sitenote_category":0,"footnotes":""},"class_list":["post-397","page","type-page","status-publish","hentry","post-wrapper","thrv_wrapper"],"yoast_head":"<!-- This site is optimized with the Yoast SEO plugin v21.8 - https:\/\/yoast.com\/wordpress\/plugins\/seo\/ -->\n<title>Pikaluotto heti tilille | Lenders.fi<\/title>\n<meta name=\"robots\" content=\"index, follow, max-snippet:-1, max-image-preview:large, max-video-preview:-1\" \/>\n<link rel=\"canonical\" href=\"https:\/\/lenders.fi\/en\/instant-credit\/\" \/>\n<meta property=\"og:locale\" content=\"en_US\" \/>\n<meta property=\"og:type\" content=\"article\" \/>\n<meta property=\"og:title\" content=\"Pikaluotto heti tilille | Lenders.fi\" \/>\n<meta property=\"og:description\" content=\"Pikaluotto netist\u00e4 heti tilille Pikaluotto on nopea ratkaisu rahantarpeeseen. Hae pikaluottoa netist\u00e4 ja saat rahat parhaassa tapauksessa heti tilille. T\u00e4yt\u00e4 lainahakemus 1 minuutissa Valitse tarpeisiisi sopivin laina Nosta rahat tilille jo t\u00e4n\u00e4\u00e4n! Pikaluotot ovat t\u00e4n\u00e4 p\u00e4iv\u00e4n\u00e4 mainettaan huomattavasti joustavampia ja edullisempia lainatuotteita, jotka sopivat erinomaisesti niin pienten kuin \u00e4killisten tarpeiden kattamiseen. Pikaluottoa voi hakea suoraan [&hellip;]\" \/>\n<meta property=\"og:url\" content=\"https:\/\/lenders.fi\/en\/instant-credit\/\" \/>\n<meta property=\"og:site_name\" content=\"Lenders.fi\" \/>\n<meta property=\"article:modified_time\" content=\"2023-02-22T07:34:50+00:00\" \/>\n<meta property=\"og:image\" content=\"http:\/\/lenders.fi\/wp-content\/uploads\/2022\/11\/shutterstock_394142455.jpg\" \/>\n<meta name=\"twitter:card\" content=\"summary_large_image\" \/>\n<meta name=\"twitter:label1\" content=\"Est. reading time\" \/>\n\t<meta name=\"twitter:data1\" content=\"4 minutes\" \/>\n<script type=\"application\/ld+json\" class=\"yoast-schema-graph\">{\"@context\":\"https:\/\/schema.org\",\"@graph\":[{\"@type\":\"WebPage\",\"@id\":\"https:\/\/lenders.fi\/pikaluotto\/\",\"url\":\"https:\/\/lenders.fi\/pikaluotto\/\",\"name\":\"Pikaluotto heti tilille | Lenders.fi\",\"isPartOf\":{\"@id\":\"https:\/\/lenders.fi\/#website\"},\"datePublished\":\"2022-11-09T14:17:26+00:00\",\"dateModified\":\"2023-02-22T07:34:50+00:00\",\"breadcrumb\":{\"@id\":\"https:\/\/lenders.fi\/pikaluotto\/#breadcrumb\"},\"inLanguage\":\"en-US\",\"potentialAction\":[{\"@type\":\"ReadAction\",\"target\":[\"https:\/\/lenders.fi\/pikaluotto\/\"]}]},{\"@type\":\"BreadcrumbList\",\"@id\":\"https:\/\/lenders.fi\/pikaluotto\/#breadcrumb\",\"itemListElement\":[{\"@type\":\"ListItem\",\"position\":1,\"name\":\"Etusivu\",\"item\":\"http:\/\/lenders.fi\/en\/\"},{\"@type\":\"ListItem\",\"position\":2,\"name\":\"Pikaluotto\"}]},{\"@type\":\"WebSite\",\"@id\":\"https:\/\/lenders.fi\/#website\",\"url\":\"https:\/\/lenders.fi\/\",\"name\":\"Lenders.fi\",\"description\":\"Vertaamme lainantarjoajat puolestasi\",\"potentialAction\":[{\"@type\":\"SearchAction\",\"target\":{\"@type\":\"EntryPoint\",\"urlTemplate\":\"https:\/\/lenders.fi\/?s={search_term_string}\"},\"query-input\":\"required name=search_term_string\"}],\"inLanguage\":\"en-US\"}]}<\/script>\n<!-- \/ Yoast SEO plugin. -->","yoast_head_json":{"title":"Pikaluotto heti tilille | Lenders.fi","robots":{"index":"index","follow":"follow","max-snippet":"max-snippet:-1","max-image-preview":"max-image-preview:large","max-video-preview":"max-video-preview:-1"},"canonical":"https:\/\/lenders.fi\/en\/instant-credit\/","og_locale":"en_US","og_type":"article","og_title":"Pikaluotto heti tilille | Lenders.fi","og_description":"Pikaluotto netist\u00e4 heti tilille Pikaluotto on nopea ratkaisu rahantarpeeseen. Hae pikaluottoa netist\u00e4 ja saat rahat parhaassa tapauksessa heti tilille. T\u00e4yt\u00e4 lainahakemus 1 minuutissa Valitse tarpeisiisi sopivin laina Nosta rahat tilille jo t\u00e4n\u00e4\u00e4n! Pikaluotot ovat t\u00e4n\u00e4 p\u00e4iv\u00e4n\u00e4 mainettaan huomattavasti joustavampia ja edullisempia lainatuotteita, jotka sopivat erinomaisesti niin pienten kuin \u00e4killisten tarpeiden kattamiseen. Pikaluottoa voi hakea suoraan [&hellip;]","og_url":"https:\/\/lenders.fi\/en\/instant-credit\/","og_site_name":"Lenders.fi","article_modified_time":"2023-02-22T07:34:50+00:00","og_image":[{"url":"http:\/\/lenders.fi\/wp-content\/uploads\/2022\/11\/shutterstock_394142455.jpg"}],"twitter_card":"summary_large_image","twitter_misc":{"Est. reading time":"4 minutes"},"schema":{"@context":"https:\/\/schema.org","@graph":[{"@type":"WebPage","@id":"https:\/\/lenders.fi\/pikaluotto\/","url":"https:\/\/lenders.fi\/pikaluotto\/","name":"Pikaluotto heti tilille | Lenders.fi","isPartOf":{"@id":"https:\/\/lenders.fi\/#website"},"datePublished":"2022-11-09T14:17:26+00:00","dateModified":"2023-02-22T07:34:50+00:00","breadcrumb":{"@id":"https:\/\/lenders.fi\/pikaluotto\/#breadcrumb"},"inLanguage":"en-US","potentialAction":[{"@type":"ReadAction","target":["https:\/\/lenders.fi\/pikaluotto\/"]}]},{"@type":"BreadcrumbList","@id":"https:\/\/lenders.fi\/pikaluotto\/#breadcrumb","itemListElement":[{"@type":"ListItem","position":1,"name":"Etusivu","item":"http:\/\/lenders.fi\/en\/"},{"@type":"ListItem","position":2,"name":"Pikaluotto"}]},{"@type":"WebSite","@id":"https:\/\/lenders.fi\/#website","url":"https:\/\/lenders.fi\/","name":"Lenders.fi","description":"Vertaamme lainantarjoajat puolestasi","potentialAction":[{"@type":"SearchAction","target":{"@type":"EntryPoint","urlTemplate":"https:\/\/lenders.fi\/?s={search_term_string}"},"query-input":"required name=search_term_string"}],"inLanguage":"en-US"}]}},"_links":{"self":[{"href":"https:\/\/lenders.fi\/en\/wp-json\/wp\/v2\/pages\/397"}],"collection":[{"href":"https:\/\/lenders.fi\/en\/wp-json\/wp\/v2\/pages"}],"about":[{"href":"https:\/\/lenders.fi\/en\/wp-json\/wp\/v2\/types\/page"}],"author":[{"embeddable":true,"href":"https:\/\/lenders.fi\/en\/wp-json\/wp\/v2\/users\/1"}],"replies":[{"embeddable":true,"href":"https:\/\/lenders.fi\/en\/wp-json\/wp\/v2\/comments?post=397"}],"version-history":[{"count":5,"href":"https:\/\/lenders.fi\/en\/wp-json\/wp\/v2\/pages\/397\/revisions"}],"predecessor-version":[{"id":675,"href":"https:\/\/lenders.fi\/en\/wp-json\/wp\/v2\/pages\/397\/revisions\/675"}],"wp:attachment":[{"href":"https:\/\/lenders.fi\/en\/wp-json\/wp\/v2\/media?parent=397"}],"curies":[{"name":"wp","href":"https:\/\/api.w.org\/{rel}","templated":true}]}}