{"id":391,"date":"2022-11-09T13:47:27","date_gmt":"2022-11-09T13:47:27","guid":{"rendered":"http:\/\/lenders.fi\/clone-of-kertalaina\/"},"modified":"2023-02-22T06:24:14","modified_gmt":"2023-02-22T06:24:14","slug":"pieni-pikavippi-heti-tilille","status":"publish","type":"page","link":"https:\/\/lenders.fi\/en\/to-a-small-quick-borrow-week-account\/","title":{"rendered":"Small quick loan instantly to your account"},"content":{"rendered":"<h1>Small quick loan instantly to your account<\/h1>\n<p style=\"\">A small instant loan, payable immediately into your account, is a convenient solution for quick cash needs. Compare loans and apply today.<\/p>\n<ul>\n<li style=\"padding-bottom: 6px !important;\">                    <span style=\"\"><span style=\"\">Complete the loan application in 1 minute<\/span><\/span><\/li>\n<li style=\"padding-bottom: 6px !important;\">                    <span style=\"\">Choose the loan that best suits your needs<\/span><\/li>\n<li style=\"padding-bottom: 6px !important;\"><span style=\"\">Get your money in your account today!<\/span><\/li>\n<\/ul>\n<p data-pm-slice=\"1 1 []\">Small <a href=\"https:\/\/lenders.fi\/en\/instant-loan\/\">Instant loan<\/a> is one of the fastest and easiest loan products available today, which can be paid into your account within minutes of signing the loan agreement.<\/p>\n<p>In some cases, a small quick loan can be a viable solution to cover small and sudden expenses when money cannot be obtained as quickly elsewhere.<\/p>\n<p>Although the cost of quick loans today remains surprisingly low - thanks to the current interest rate cap - there are a few important factors to consider when applying for even a small quick loan.<\/p>\n<p><span style=\"\"><img decoding=\"async\" alt=\"\" data-id=\"393\" data-init-width=\"500\" data-init-height=\"334\" title=\"\" loading=\"lazy\" src=\"http:\/\/lenders.fi\/wp-content\/uploads\/2022\/11\/shutterstock_1247629972.jpg\" data-width=\"396\" data-height=\"265\" data-link-wrap=\"true\" style=\"\" mt-d=\"0\" mt-m=\"0\" center-v-d=\"false\" mt-t=\"-32\" ml-t=\"0\" ml-m=\"0\" ml-d=\"0\" center-h-d=\"false\" width=\"396\" height=\"265\"><\/span><\/p>\n<h2 data-pm-slice=\"1 1 []\">Where to get a small quick loan?<\/h2>\n<p data-pm-slice=\"1 1 []\">Although many banks and financial institutions have nowadays moved towards larger consumer loans with longer maturities, some lenders still offer smaller quick loans.<\/p>\n<p>As the name suggests, a small quick loan is suitable for covering small expenses that may surprise you just when your account is running low.<\/p>\n<p><span style=\"\"><img decoding=\"async\" alt=\"\" data-id=\"394\" data-init-width=\"500\" data-init-height=\"334\" title=\"\" loading=\"lazy\" src=\"http:\/\/lenders.fi\/wp-content\/uploads\/2022\/11\/shutterstock_1365602747.jpg\" data-width=\"396\" data-height=\"265\" data-link-wrap=\"true\" style=\"\" mt-d=\"0\" mt-m=\"0\" center-v-d=\"false\" mt-t=\"-32\" ml-t=\"0\" ml-m=\"0\" ml-d=\"0\" center-h-d=\"false\" width=\"396\" height=\"265\"><\/span><\/p>\n<h3 data-pm-slice=\"1 1 []\">Do you really need a moustache?<\/h3>\n<p data-pm-slice=\"1 1 []\">However, before you apply for an instant loan, you should check whether you can find the same amount somewhere else first. For example, a family member or close friend may be willing to lend you the same amount at no extra cost.<\/p>\n<p>But a small quick loan can save the day when you simply can't find the money to cover sudden expenses anywhere else.<\/p>\n<p><span style=\"\"><img decoding=\"async\" alt=\"\" data-id=\"395\" data-init-width=\"500\" data-init-height=\"334\" title=\"\" loading=\"lazy\" src=\"http:\/\/lenders.fi\/wp-content\/uploads\/2022\/11\/shutterstock_344294345.jpg\" data-width=\"396\" data-height=\"265\" data-link-wrap=\"true\" style=\"\" mt-d=\"0\" mt-m=\"0\" center-v-d=\"false\" mt-t=\"-32\" ml-t=\"0\" ml-m=\"0\" ml-d=\"0\" center-h-d=\"false\" width=\"396\" height=\"265\"><\/span><\/p>\n<h3 data-pm-slice=\"1 1 []\">Compare tapes first<\/h3>\n<p data-pm-slice=\"1 1 []\">To find a cheap quick loan, it's worth doing some research on the loan market beforehand. The most convenient way to find out which lenders also offer smaller quick loans is to compete for loans through our comparison service.<\/p>\n<p>When you fill in a free loan application on our loan comparison service, you can receive. <a href=\"https:\/\/lenders.fi\/en\/loan-offer\/\">loan offers<\/a> precisely from those lenders who also offer quick loans for smaller borrowing needs.<\/p>\n<h2 data-pm-slice=\"1 1 []\">Keep these things in mind before applying for a small quick loan<\/h2>\n<p>A small quick loan offers a flexible financing option for sudden cash needs, but before you apply for a quick loan, there are a few important things to remember to make sure that your loan application and repayment are as sensible as possible.<\/p>\n<p>The first thing to do before applying for a quick loan is to find out whether your financial situation allows you to apply for a loan.<\/p>\n<h3>Check the annual percentage rate of charge<\/h3>\n<p>Although a small quick loan may only be a few tens of euros, interest costs will be added on top.<\/p>\n<p>In this case, comparing the loans on the basis of the actual annual interest rate of the loan offers helps to clarify what other loan costs are included in the quick loan, in addition to the nominal interest rate of the loan.<\/p>\n<h3>Loan period<\/h3>\n<p>Another important factor to consider when applying for a small quick loan is the term of the loan. Although a longer and more flexible loan period may sound like an attractive option, even with a small quick loan the cost of the loan increases the smaller the number of instalments you repay.<\/p>\n<p>It is usually worth paying back a small quick loan as quickly as possible, for example from your next salary, social benefits or tax refunds.<\/p>\n<h3 data-pm-slice=\"1 1 []\">The quick loan is usually paid immediately into the account<\/h3>\n<p data-pm-slice=\"1 1 []\">A small quick loan is an unsecured loan, which means that the credit can be paid into your account, usually within the same day - <strong>even in a few minutes<\/strong>.<\/p>\n<p>However, credit issuers do not have an unlimited right to pay an instant loan into your account at any time.<\/p>\n<p>You can fill in a loan application on our loan service to compare instant loans at any time of the day or night, <strong>but bear in mind that even a small quick loan can be paid into your account between 7am and 11pm.<\/strong><\/p>\n<h3 data-pm-slice=\"1 1 []\">It is best to apply for a loan on weekdays<\/h3>\n<p>It is also worth bearing in mind that applying for a quick loan late at night or at the weekend may limit the number of loan offers, as not all lenders process loan applications at this time.<\/p>\n<p>Although the sudden need for a loan is usually neither a matter of time nor place, it is best to schedule your quick loan application between morning and afternoon if possible.<\/p>\n<p>At the same time, many lenders have automated the processing of loan applications, making it possible to get loan offers outside normal banking hours.<\/p>\n<h2 data-pm-slice=\"1 1 []\">Small instant loan instantly: frequently asked questions<\/h2>","protected":false},"excerpt":{"rendered":"<p>Small instant loan payable immediately to your account A small instant loan payable immediately to your account is a handy solution for quick cash needs. Compare loans and apply today. Complete the loan application in 1 minute Choose the loan that best suits your needs Get the money in your account today! A small quick loan is one of the fastest and easiest loan products available today, which can be paid into your account within minutes of signing the loan agreement. A small [...]<\/p>","protected":false},"author":1,"featured_media":0,"parent":0,"menu_order":0,"comment_status":"closed","ping_status":"closed","template":"","meta":{"_monsterinsights_skip_tracking":false,"_monsterinsights_sitenote_active":false,"_monsterinsights_sitenote_note":"","_monsterinsights_sitenote_category":0,"footnotes":""},"class_list":["post-391","page","type-page","status-publish","hentry","post-wrapper","thrv_wrapper"],"yoast_head":"<!-- This site is optimized with the Yoast SEO plugin v21.8 - https:\/\/yoast.com\/wordpress\/plugins\/seo\/ -->\n<title>Pieni pikavippi heti tilille | Vippi ilman vakuuksia | Lenders.fi<\/title>\n<meta name=\"robots\" content=\"index, follow, max-snippet:-1, max-image-preview:large, max-video-preview:-1\" \/>\n<link rel=\"canonical\" href=\"https:\/\/lenders.fi\/en\/to-a-small-quick-borrow-week-account\/\" \/>\n<meta property=\"og:locale\" content=\"en_US\" \/>\n<meta property=\"og:type\" content=\"article\" \/>\n<meta property=\"og:title\" content=\"Pieni pikavippi heti tilille | Vippi ilman vakuuksia | Lenders.fi\" \/>\n<meta property=\"og:description\" content=\"Pieni pikavippi heti tilille Heti tilille maksettava pieni pikavippi on k\u00e4tev\u00e4 ratkaisu nopeaan rahantarpeeseen. Vertaa lainat ja hae vippi\u00e4 jo t\u00e4n\u00e4\u00e4n. T\u00e4yt\u00e4 lainahakemus 1 minuutissa Valitse tarpeisiisi sopivin laina Nosta rahat tilille jo t\u00e4n\u00e4\u00e4n! Pieni pikavippi on t\u00e4n\u00e4 p\u00e4iv\u00e4n\u00e4 yksi nopeimmista ja mutkattomimmista lainatuotteista, joka voidaan maksaa tilillesi jopa muutamien minuuttien kuluessa lainasopimuksen allekirjoittamisesta. Pieni [&hellip;]\" \/>\n<meta property=\"og:url\" content=\"https:\/\/lenders.fi\/en\/to-a-small-quick-borrow-week-account\/\" \/>\n<meta property=\"og:site_name\" content=\"Lenders.fi\" \/>\n<meta property=\"article:modified_time\" content=\"2023-02-22T06:24:14+00:00\" \/>\n<meta property=\"og:image\" content=\"http:\/\/lenders.fi\/wp-content\/uploads\/2022\/11\/shutterstock_1247629972.jpg\" \/>\n<meta name=\"twitter:card\" content=\"summary_large_image\" \/>\n<meta name=\"twitter:label1\" content=\"Est. reading time\" \/>\n\t<meta name=\"twitter:data1\" content=\"6 minutes\" \/>\n<script type=\"application\/ld+json\" class=\"yoast-schema-graph\">{\"@context\":\"https:\/\/schema.org\",\"@graph\":[{\"@type\":\"WebPage\",\"@id\":\"https:\/\/lenders.fi\/pieni-pikavippi-heti-tilille\/\",\"url\":\"https:\/\/lenders.fi\/pieni-pikavippi-heti-tilille\/\",\"name\":\"Pieni pikavippi heti tilille | Vippi ilman vakuuksia | Lenders.fi\",\"isPartOf\":{\"@id\":\"https:\/\/lenders.fi\/#website\"},\"datePublished\":\"2022-11-09T13:47:27+00:00\",\"dateModified\":\"2023-02-22T06:24:14+00:00\",\"breadcrumb\":{\"@id\":\"https:\/\/lenders.fi\/pieni-pikavippi-heti-tilille\/#breadcrumb\"},\"inLanguage\":\"en-US\",\"potentialAction\":[{\"@type\":\"ReadAction\",\"target\":[\"https:\/\/lenders.fi\/pieni-pikavippi-heti-tilille\/\"]}]},{\"@type\":\"BreadcrumbList\",\"@id\":\"https:\/\/lenders.fi\/pieni-pikavippi-heti-tilille\/#breadcrumb\",\"itemListElement\":[{\"@type\":\"ListItem\",\"position\":1,\"name\":\"Etusivu\",\"item\":\"http:\/\/lenders.fi\/en\/\"},{\"@type\":\"ListItem\",\"position\":2,\"name\":\"Pieni pikavippi heti tilille\"}]},{\"@type\":\"WebSite\",\"@id\":\"https:\/\/lenders.fi\/#website\",\"url\":\"https:\/\/lenders.fi\/\",\"name\":\"Lenders.fi\",\"description\":\"Vertaamme lainantarjoajat puolestasi\",\"potentialAction\":[{\"@type\":\"SearchAction\",\"target\":{\"@type\":\"EntryPoint\",\"urlTemplate\":\"https:\/\/lenders.fi\/?s={search_term_string}\"},\"query-input\":\"required name=search_term_string\"}],\"inLanguage\":\"en-US\"}]}<\/script>\n<!-- \/ Yoast SEO plugin. -->","yoast_head_json":{"title":"Pieni pikavippi heti tilille | Vippi ilman vakuuksia | Lenders.fi","robots":{"index":"index","follow":"follow","max-snippet":"max-snippet:-1","max-image-preview":"max-image-preview:large","max-video-preview":"max-video-preview:-1"},"canonical":"https:\/\/lenders.fi\/en\/to-a-small-quick-borrow-week-account\/","og_locale":"en_US","og_type":"article","og_title":"Pieni pikavippi heti tilille | Vippi ilman vakuuksia | Lenders.fi","og_description":"Pieni pikavippi heti tilille Heti tilille maksettava pieni pikavippi on k\u00e4tev\u00e4 ratkaisu nopeaan rahantarpeeseen. Vertaa lainat ja hae vippi\u00e4 jo t\u00e4n\u00e4\u00e4n. T\u00e4yt\u00e4 lainahakemus 1 minuutissa Valitse tarpeisiisi sopivin laina Nosta rahat tilille jo t\u00e4n\u00e4\u00e4n! Pieni pikavippi on t\u00e4n\u00e4 p\u00e4iv\u00e4n\u00e4 yksi nopeimmista ja mutkattomimmista lainatuotteista, joka voidaan maksaa tilillesi jopa muutamien minuuttien kuluessa lainasopimuksen allekirjoittamisesta. Pieni [&hellip;]","og_url":"https:\/\/lenders.fi\/en\/to-a-small-quick-borrow-week-account\/","og_site_name":"Lenders.fi","article_modified_time":"2023-02-22T06:24:14+00:00","og_image":[{"url":"http:\/\/lenders.fi\/wp-content\/uploads\/2022\/11\/shutterstock_1247629972.jpg"}],"twitter_card":"summary_large_image","twitter_misc":{"Est. reading time":"6 minutes"},"schema":{"@context":"https:\/\/schema.org","@graph":[{"@type":"WebPage","@id":"https:\/\/lenders.fi\/pieni-pikavippi-heti-tilille\/","url":"https:\/\/lenders.fi\/pieni-pikavippi-heti-tilille\/","name":"Pieni pikavippi heti tilille | Vippi ilman vakuuksia | Lenders.fi","isPartOf":{"@id":"https:\/\/lenders.fi\/#website"},"datePublished":"2022-11-09T13:47:27+00:00","dateModified":"2023-02-22T06:24:14+00:00","breadcrumb":{"@id":"https:\/\/lenders.fi\/pieni-pikavippi-heti-tilille\/#breadcrumb"},"inLanguage":"en-US","potentialAction":[{"@type":"ReadAction","target":["https:\/\/lenders.fi\/pieni-pikavippi-heti-tilille\/"]}]},{"@type":"BreadcrumbList","@id":"https:\/\/lenders.fi\/pieni-pikavippi-heti-tilille\/#breadcrumb","itemListElement":[{"@type":"ListItem","position":1,"name":"Etusivu","item":"http:\/\/lenders.fi\/en\/"},{"@type":"ListItem","position":2,"name":"Pieni pikavippi heti tilille"}]},{"@type":"WebSite","@id":"https:\/\/lenders.fi\/#website","url":"https:\/\/lenders.fi\/","name":"Lenders.fi","description":"Vertaamme lainantarjoajat puolestasi","potentialAction":[{"@type":"SearchAction","target":{"@type":"EntryPoint","urlTemplate":"https:\/\/lenders.fi\/?s={search_term_string}"},"query-input":"required name=search_term_string"}],"inLanguage":"en-US"}]}},"_links":{"self":[{"href":"https:\/\/lenders.fi\/en\/wp-json\/wp\/v2\/pages\/391"}],"collection":[{"href":"https:\/\/lenders.fi\/en\/wp-json\/wp\/v2\/pages"}],"about":[{"href":"https:\/\/lenders.fi\/en\/wp-json\/wp\/v2\/types\/page"}],"author":[{"embeddable":true,"href":"https:\/\/lenders.fi\/en\/wp-json\/wp\/v2\/users\/1"}],"replies":[{"embeddable":true,"href":"https:\/\/lenders.fi\/en\/wp-json\/wp\/v2\/comments?post=391"}],"version-history":[{"count":4,"href":"https:\/\/lenders.fi\/en\/wp-json\/wp\/v2\/pages\/391\/revisions"}],"predecessor-version":[{"id":657,"href":"https:\/\/lenders.fi\/en\/wp-json\/wp\/v2\/pages\/391\/revisions\/657"}],"wp:attachment":[{"href":"https:\/\/lenders.fi\/en\/wp-json\/wp\/v2\/media?parent=391"}],"curies":[{"name":"wp","href":"https:\/\/api.w.org\/{rel}","templated":true}]}}