{"id":384,"date":"2022-11-09T13:16:41","date_gmt":"2022-11-09T13:16:41","guid":{"rendered":"http:\/\/lenders.fi\/clone-of-halvin-yhdistelylaina\/"},"modified":"2023-02-21T18:52:12","modified_gmt":"2023-02-21T18:52:12","slug":"paras-lainavertailu","status":"publish","type":"page","link":"https:\/\/lenders.fi\/en\/best-loan-comparison\/","title":{"rendered":"Best loan comparison"},"content":{"rendered":"<h1>Best loan comparison 2022<\/h1>\n<p style=\"\">What is the best loan comparison for 2022? Where should you compare loans? Compare loans and apply for a loan quickly online.<\/p>\n<ul>\n<li style=\"padding-bottom: 6px !important;\">                    <span style=\"\"><span style=\"\">Complete the loan application in 1 minute<\/span><\/span><\/li>\n<li style=\"padding-bottom: 6px !important;\">                    <span style=\"\">Choose the loan that best suits your needs<\/span><\/li>\n<li style=\"padding-bottom: 6px !important;\"><span style=\"\">Get your money in your account today!<\/span><\/li>\n<\/ul>\n<p data-pm-slice=\"1 1 []\">The use of loan comparison services to find the cheapest unsecured loan has attracted more and more interest in recent years.<\/p>\n<p>While consumers are reminded to compete for electricity, telephone and insurance contracts, the same was not previously said about competition for loans.<\/p>\n<p>Today, unsecured consumer credit is easily accessible to all and competition between different lenders has intensified. This has led to a very diverse supply in the loan market, but at the same time, finding the right loan product can be challenging.<\/p>\n<p><span style=\"\"><img decoding=\"async\" alt=\"\" data-id=\"387\" data-init-width=\"2400\" data-init-height=\"1800\" title=\"\" loading=\"lazy\" src=\"http:\/\/lenders.fi\/wp-content\/uploads\/2022\/11\/shutterstock_1716705316.jpg\" data-width=\"422\" data-height=\"317\" data-link-wrap=\"true\" style=\"\" mt-d=\"0\" mt-m=\"0\" center-v-d=\"false\" mt-t=\"-32\" ml-t=\"0\" ml-m=\"0\" ml-d=\"0\" center-h-d=\"false\" width=\"422\" height=\"317\"><\/span><\/p>\n<h2 data-pm-slice=\"1 1 []\">Comparing loans brings significant savings<\/h2>\n<p data-pm-slice=\"1 1 []\">Loan comparison services help you compete for the best loan offers from up to several dozen different banks and financial institutions.<\/p>\n<p>The comparison highlights differences between lenders in terms of both interest rates and loan terms.<\/p>\n<p><span style=\"\"><img decoding=\"async\" alt=\"\" data-id=\"388\" data-init-width=\"500\" data-init-height=\"334\" title=\"\" loading=\"lazy\" src=\"http:\/\/lenders.fi\/wp-content\/uploads\/2022\/11\/shutterstock_2221053561.jpg\" data-width=\"422\" data-height=\"317\" data-link-wrap=\"true\" style=\"\" mt-d=\"0\" mt-m=\"0\" center-v-d=\"false\" mt-t=\"-32\" ml-t=\"0\" ml-m=\"0\" ml-d=\"0\" center-h-d=\"false\" width=\"422\" height=\"317\"><\/span><\/p>\n<h3 data-pm-slice=\"1 1 []\">Easy online tendering<\/h3>\n<p data-pm-slice=\"1 1 []\">Loan competitions are a quick and easy way to find out, in a single loan application, which bank or financial institution offers the best interest rate at the time.<\/p>\n<p><span style=\"\"><img decoding=\"async\" alt=\"\" data-id=\"389\" data-init-width=\"1000\" data-init-height=\"625\" title=\"\" loading=\"lazy\" src=\"http:\/\/lenders.fi\/wp-content\/uploads\/2022\/11\/shutterstock_2016196394.jpg\" data-width=\"422\" data-height=\"317\" data-link-wrap=\"true\" style=\"\" mt-d=\"0\" mt-m=\"0\" center-v-d=\"false\" mt-t=\"-32\" ml-t=\"0\" ml-m=\"0\" ml-d=\"0\" center-h-d=\"false\" width=\"422\" height=\"317\"><\/span><\/p>\n<h3 data-pm-slice=\"1 1 []\">There are plenty of comparison services on the market<\/h3>\n<p data-pm-slice=\"1 1 []\">With the popularity of loan competitions, a number of different comparison services have also entered the market, which essentially operate in exactly the same way - comparing and competing consumer loans on a single loan application between several different banks and financial institutions.<\/p>\n<p>So what kind of loan comparison services exist today and what are the factors to consider when choosing a loan comparison service?<\/p>\n<h2 data-pm-slice=\"1 1 []\">Best loan comparison<\/h2>\n<p>When choosing the best loan comparison service, it is usually best to go for the one that best meets your needs. The purpose of a loan comparison is to objectively compete for the best loan offers based on the information provided by the applicant.<\/p>\n<p>As users of loan brokerage services expect more loan offers, it is important that as many different banks and financial institutions as possible are involved.<\/p>\n<p>At the same time, of course, it is important to bear in mind that the number of loan offers depends on many factors, such as the applicant's income level, the amount of the loan and the length of the loan period.<\/p>\n<p>For this reason, not all consumers competing for loans through loan services will necessarily receive a loan offer from every loan service partner, but the large number of partners does increase the likelihood of receiving loan offers from a wide range of lenders.<\/p>\n<p>In the following section, you will find a brief overview of the most popular loan comparison services in today's loan market, which can help you find the best loan.<\/p>\n<h3>Monetary Authority<\/h3>\n<p>Domestic Mint is certainly familiar to many, at least externally, as the loan comparison service has been running ads on TV commercial breaks for a long time.<\/p>\n<p>Even today, the MFI cooperates with more than 25 different banks and financial institutions. These include lenders that are well known to Finns, such as Bank Norwegian, Ferratum and Svea, but also newcomers to many, such as Credinord and TF Bank.<\/p>\n<h4>Loans from the MFI for a wide range of needs<\/h4>\n<p>You can apply for a loan from EUR 500 up to EUR 70 000 through the Mint, and it is easy to fill in the application form on the Mint's website at any time of the day or night. It is even possible to receive the first preliminary loan offers by email immediately after submitting the loan application.<\/p>\n<p>According to the MFI, the interest rate on loan offers from their partners ranges between 4.50% and 20%.<\/p>\n<p>This is a broad assessment, as each lender sets a personal interest rate for the applicant, which is influenced by the applicant's ability to pay, the current market situation and the lender's own reference rate.<\/p>\n<p>As the Mint has been operating in the domestic market for some time, there is a wealth of experience from Mint customers online. The majority of customers have been satisfied with the level of service and have praised, among other things, the efficiency of the customer service and the clarity of the loan application process, but negative feedback has been received about the significant amount of advertising even after the loan application has been closed.<\/p>\n<h4>The monetary union in brief:<\/h4>\n<ul>\n<li>\n<p>Interest rate 4,50-20%<\/p>\n<\/li>\n<li>\n<p>Apply for a loan of EUR 500-70 000<\/p>\n<\/li>\n<li>\n<p>Loan period 1-15 years<\/p>\n<\/li>\n<li>\n<p>More than 25 partners<\/p>\n<\/li>\n<li>\n<p>Free loan application, with no strings attached<\/p>\n<\/li>\n<li>\n<p>Competitive tendering for consumer loans, car loans, business loans and consolidation loans<\/p>\n<\/li>\n<\/ul>\n<h3>Omalaina<\/h3>\n<p>The domestic Omalaina offers a loan comparison service and competes loans for free from up to 30 different partners.<\/p>\n<p>Unlike many other loan comparison services, it also includes well-known banks such as POP Bank and Aktia.<\/p>\n<p>Filling in the loan application is easy and the first initial loan offers can be repaid immediately after submitting the loan application.<\/p>\n<p>Through a personal loan, you can compete for a smaller or even larger <a href=\"https:\/\/lenders.fi\/en\/unsecured-loan\/\">unsecured loan<\/a>, ranging from \u20ac100 up to \u20ac60 000. With a personal loan, you can get interest on your loan starting from 4.19%, but again, your own personal interest rate depends on how good you can show your ability to pay on your loan.<\/p>\n<p>As Omalaina works with more than 30 different lenders, the chances of receiving more than one loan offer are good.<\/p>\n<h4>home loan is one of the most popular loan comparison services<\/h4>\n<p>Omalaina is one of the most used loan comparison services in Finland, along with the Mint. Omalaina operates under LVS Brokers Oy, which currently also offers brokerage services specialising in the tendering of car loans and electricity contracts.<\/p>\n<p>A significant part of the customer feedback received by Omalaina is very positive, but there are also some negative experiences online about the clarity of the summary of loan offers tendered through Omalaina, as some experiences suggest that the large number of loan offers at once even seemed a bit difficult to internalise.<\/p>\n<h4>Home loan in brief:<\/h4>\n<ul>\n<li>\n<p>Interest rate 4,19-20%<\/p>\n<\/li>\n<li>\n<p>Apply for a loan of EUR 100-60 000<\/p>\n<\/li>\n<li>\n<p>Loan period 1-20 years<\/p>\n<\/li>\n<li>\n<p>More than 30 partners<\/p>\n<\/li>\n<li>\n<p>Free loan application, with no strings attached<\/p>\n<\/li>\n<li>\n<p>Competitive bidding for small loans, consumer loans, business loans and consolidation loans<\/p>\n<\/li>\n<\/ul>\n<h3>Zmarta<\/h3>\n<p>A third brokerage service widely known in the loan market is Zmarta, which compares loans from \u20ac1,000 up to \u20ac60,000. More than 25 different banks and financial institutions are included in the comparison, including banks familiar to Finns such as Aktia, Santander and Bank Norwegian.<\/p>\n<p>Like many other loan brokers, Zmarta offers a quick and easy loan application that takes no more than ten minutes to complete.<\/p>\n<p>The first loan offers usually arrive within minutes of the loan application being sent.<\/p>\n<h4>Part of a Swedish group<\/h4>\n<p>Founded in 2015, Zmarta operates under the name Freedom Rahoitus Oy and the Zmarta Group also includes another well-known loan brokerage service, Freedom Rahoitus.<\/p>\n<p>The Zmarta Group, which has long been active in the financial sector, has operations in Finland, Sweden, Norway and Germany. This extensive experience in the financial sector has made Zmarta a popular loan brokerage service with many positive experiences.<\/p>\n<h4>Positive feedback on the ease of the application process<\/h4>\n<p>The majority of Zmartta customers have given positive feedback on the ease of the loan process and the good customer service, but at the same time some customers have also felt that Zmartta's advertising remains too active even after the loan application is closed.<\/p>\n<h4>Tendering for electricity is also a success<\/h4>\n<p>Another noteworthy feature of the Zmartas brokerage service is that the loan comparison also allows you to tender for electricity contracts. This is a really handy addition and also an absolute trump card over many of its competitors, especially now that the electricity market is volatile and the tendering of electricity contracts is more topical than ever.<\/p>\n<h4>Zmarta in brief:<\/h4>\n<ul>\n<li>\n<p>Interest rate 4,41-20%<\/p>\n<\/li>\n<li>\n<p>Apply for a loan of EUR 1000-60 000<\/p>\n<\/li>\n<li>\n<p>Loan period 1-15 years<\/p>\n<\/li>\n<li>\n<p>More than 30 partners<\/p>\n<\/li>\n<li>\n<p>Free loan application, with no strings attached<\/p>\n<\/li>\n<li>\n<p>Competitive tendering for consumer loans, business loans, car loans and electricity contracts<\/p>\n<\/li>\n<\/ul>\n<h3>Sorting<\/h3>\n<p>Founded in 2019, Sortter is not one of the longest-established loan brokers in the market, but has already achieved significant recognition in just a few years.<\/p>\n<p>Through Sortter, you can compete for loans from \u20ac1,000 up to \u20ac60,000 and get a competitive interest rate starting from just 4%.<\/p>\n<h4>Lots of positive feedback<\/h4>\n<p>In just a few years, Sortter has grown its customer base to such an extent that a huge variety of customer experiences can be found online. Numerous users have been satisfied with the clarity of Sortter's website and the speed of the loan process. The loan offers have also been clear. On the other hand, Sortter has been criticised for not having quite as many banks and financial institutions as its competitors.<\/p>\n<h4>Sortter in brief:<\/h4>\n<ul>\n<li>\n<p>Cork 4-20%<\/p>\n<\/li>\n<li>\n<p>Apply for a loan of EUR 1000-60 000<\/p>\n<\/li>\n<li>\n<p>Loan period 1-15 years<\/p>\n<\/li>\n<li>\n<p>More than 20 partners<\/p>\n<\/li>\n<li>\n<p>Free loan application, with no strings attached<\/p>\n<\/li>\n<li>\n<p>Competitive tendering for consumer loans, business loans and consolidation loans<\/p>\n<\/li>\n<\/ul>\n<h3>Other popular loan comparison services<\/h3>\n<p>Other well-known loan comparison services, in addition to Rahalaitos, Omalaina, Zmartta and Sortter, include Lendo, Sambla and Compare First.<\/p>\n<p>Consumers can apply for an unsecured loan through these comparison services with a free loan application of EUR 500-60 000, with a loan term of 1-5 years. The interest rate for loans competed through Lendo and Compare First starts at 4.90% and through Sambla at 4.65%.<\/p>\n<h4>Compare loans at any time<\/h4>\n<p>Compare First, Lendo and Sambla work in partnership with more than 20 different banks and financial institutions. It is possible to apply for a loan on their websites at any time of the day or night and receive the first loan offers within minutes of submitting your application.<\/p>\n<h4>Customer feedback<\/h4>\n<p>In terms of customer feedback, Sambla has received excellent reviews online for the speed of the loan process, the quality of customer service and the comprehensive guidance provided.<\/p>\n<p>There is very little negative feedback compared to many competitors, with only a few customers dissatisfied with Sambla's offer.<\/p>\n<p>Lendo, familiar to many from TV commercials, has also received a lot of positive feedback for its clear loan application and fast loan process, although some customers felt that there were not enough loan offers.<\/p>\n<p>The Compare First brokerage service, part of the international Samlino Group, has been praised by customers for its easy-to-use website and the variety of loan offers.<\/p>\n<p>Bad customer experiences suggest that the brokerage website does not provide sufficiently clear and easy-to-follow instructions on how to apply for a loan. However, customer feedback is mostly positive for all these loan comparison services.<\/p>\n<h2>Compare loans using these guidelines<\/h2>\n<p>Although the comparison of loans through different brokerage services has become much more common in recent years, the use and security of the service naturally raises many questions for consumers.<\/p>\n<p>The loan brokerage services presented in this article are popular and well-known comparison services that work with dozens of different banks and financial institutions.<\/p>\n<p>Many of these brokerage services have even more than ten years of experience in the financial sector and in order to operate in the domestic loan market, these brokerage services, as well as their partners, must strictly comply with financial and consumer rights regulations and laws.<\/p>\n<h3 data-pm-slice=\"1 1 []\">Loan markets have changed significantly in recent years<\/h3>\n<p>Before using a loan comparison service, many people wonder how these services can advertise free loan applications to consumers.<\/p>\n<p>The costly quick loans of the past are still in the minds of many and, as a result, the general attitude towards the loan market and unsecured consumer credit is that brokers and lenders are simply looking to make a significant profit at the expense of the consumer.<\/p>\n<h3 data-pm-slice=\"1 1 []\">An unsecured loan is no longer necessarily expensive<\/h3>\n<p>The conditions and interest rates on unsecured loans have improved considerably. This is evident, for example, from the fact that it is easy to get an unsecured loan at an interest rate of less than 10%.<\/p>\n<p>Loan comparison and competition is now a viable and effective way of finding the best loan offer from among dozens of different lenders, and indeed filling in a loan application is completely free for the consumer, as loan brokerage services make a profit by paying commission to lenders for each customer who concludes a loan agreement.<\/p>\n<p>This means that consumers can be sure that there will be no hidden costs when competing for loans.<\/p>\n<h3 data-pm-slice=\"1 1 []\">Be critical of comments<\/h3>\n<p>It is also worth bearing in mind that while there are some negative comments online about the interest rate of loan offers that are put out to tender through the loan comparison, the loan brokerage services never interfere with the content of the loan offers, so these comments do not directly affect which loan brokerage service is currently the best.<\/p>\n<h3>Compare loans and affect costs<\/h3>\n<p>As an applicant, you have a say in how competitive the actual annual interest rate on your loan is.<\/p>\n<p>So fill in the loan application carefully and try to match the amount and term of the loan as realistically as possible to your income.<\/p>\n<p>If the amount of the loan you are applying for is particularly large, you can improve your chances by applying for a loan together with a coapplicant. Also check that you and your coapplicant meet all the conditions before submitting your loan application.<\/p>\n<h3>The amount of the loan also affects the costs<\/h3>\n<p>Before competing for loans, keep in mind that using a loan comparison does not automatically guarantee that you will find a loan with the lowest interest rate. Although it is possible to get an unsecured loan at an interest rate of up to 4% through a loan brokerage service, the final interest rate on a loan will depend on a number of factors.<\/p>\n<p>Although there is competition between several banks and financial institutions, you may not be able to find a loan that is cheap enough through competition, for example if the loan amount is too high for your income.<\/p>\n<p>A mark on your credit file can also make it more difficult to find a cheap loan or even prevent you from applying for a loan at all.<\/p>\n<h3 data-pm-slice=\"1 1 []\">You can also compare loans without taking out a loan<\/h3>\n<p data-pm-slice=\"1 1 []\">In any case, it is highly recommended to apply for a loan through a competitive process, as it is free to fill in the application form and there is no obligation to take out a loan if no suitable offer can be found.<\/p>\n<p>Even if you are ultimately unhappy with the interest rates offered, you will get a better idea of what kind of loan your income and knowledge can get you at that particular moment. You can also come back to your loan application later and see if you can find a loan with better conditions, for example by lowering the loan amount or applying for a loan together with your spouse.<\/p>\n<h2 data-pm-slice=\"1 1 []\">Best loan comparison: frequently asked questions<\/h2>","protected":false},"excerpt":{"rendered":"<p>Best loan comparison 2022 What is the best loan comparison for 2022? Where should you compare loans? Compare loans and apply for a loan quickly online. Fill in a loan application in 1 minute Choose the loan that best suits your needs Get your money in your account today! The use of loan comparison services to find the cheapest unsecured loan has attracted more and more interest in recent years. While consumers are reminded [...]<\/p>","protected":false},"author":1,"featured_media":0,"parent":0,"menu_order":0,"comment_status":"closed","ping_status":"closed","template":"","meta":{"_monsterinsights_skip_tracking":false,"_monsterinsights_sitenote_active":false,"_monsterinsights_sitenote_note":"","_monsterinsights_sitenote_category":0,"footnotes":""},"class_list":["post-384","page","type-page","status-publish","hentry","post-wrapper","thrv_wrapper"],"yoast_head":"<!-- This site is optimized with the Yoast SEO plugin v21.8 - https:\/\/yoast.com\/wordpress\/plugins\/seo\/ -->\n<title>Paras lainavertailu | Vertaa lainat helposti netiss\u00e4 | Lenders.fi<\/title>\n<meta name=\"robots\" content=\"index, follow, max-snippet:-1, max-image-preview:large, max-video-preview:-1\" \/>\n<link rel=\"canonical\" href=\"https:\/\/lenders.fi\/en\/best-loan-comparison\/\" \/>\n<meta property=\"og:locale\" content=\"en_US\" \/>\n<meta property=\"og:type\" content=\"article\" \/>\n<meta property=\"og:title\" content=\"Paras lainavertailu | Vertaa lainat helposti netiss\u00e4 | Lenders.fi\" \/>\n<meta property=\"og:description\" content=\"Paras lainavertailu 2022 Mik\u00e4 on vuoden 2022 paras lainavertailu? Miss\u00e4 lainojen vertailu kannattaa tehd\u00e4? Vertaa lainat ja hae lainaa nopeasti netiss\u00e4. T\u00e4yt\u00e4 lainahakemus 1 minuutissa Valitse tarpeisiisi sopivin laina Nosta rahat tilille jo t\u00e4n\u00e4\u00e4n! Lainojen vertailupalveluiden k\u00e4ytt\u00f6 edullisimman vakuudettoman lainan l\u00f6yt\u00e4miseksi on her\u00e4tt\u00e4nyt kiinnostusta viimeisten vuosien aikana yh\u00e4 enemm\u00e4n ja enemm\u00e4n. Siin\u00e4 miss\u00e4 kuluttajia muistutetaan [&hellip;]\" \/>\n<meta property=\"og:url\" content=\"https:\/\/lenders.fi\/en\/best-loan-comparison\/\" \/>\n<meta property=\"og:site_name\" content=\"Lenders.fi\" \/>\n<meta property=\"article:modified_time\" content=\"2023-02-21T18:52:12+00:00\" \/>\n<meta property=\"og:image\" content=\"http:\/\/lenders.fi\/wp-content\/uploads\/2022\/11\/shutterstock_1716705316.jpg\" \/>\n<meta name=\"twitter:card\" content=\"summary_large_image\" \/>\n<meta name=\"twitter:label1\" content=\"Est. reading time\" \/>\n\t<meta name=\"twitter:data1\" content=\"6 minutes\" \/>\n<script type=\"application\/ld+json\" class=\"yoast-schema-graph\">{\"@context\":\"https:\/\/schema.org\",\"@graph\":[{\"@type\":\"WebPage\",\"@id\":\"https:\/\/lenders.fi\/en\/best-loan-comparison\/\",\"url\":\"https:\/\/lenders.fi\/en\/best-loan-comparison\/\",\"name\":\"Paras lainavertailu | Vertaa lainat helposti netiss\u00e4 | Lenders.fi\",\"isPartOf\":{\"@id\":\"https:\/\/lenders.fi\/#website\"},\"datePublished\":\"2022-11-09T13:16:41+00:00\",\"dateModified\":\"2023-02-21T18:52:12+00:00\",\"breadcrumb\":{\"@id\":\"https:\/\/lenders.fi\/en\/best-loan-comparison\/#breadcrumb\"},\"inLanguage\":\"en-US\",\"potentialAction\":[{\"@type\":\"ReadAction\",\"target\":[\"https:\/\/lenders.fi\/en\/best-loan-comparison\/\"]}]},{\"@type\":\"BreadcrumbList\",\"@id\":\"https:\/\/lenders.fi\/en\/best-loan-comparison\/#breadcrumb\",\"itemListElement\":[{\"@type\":\"ListItem\",\"position\":1,\"name\":\"Etusivu\",\"item\":\"http:\/\/lenders.fi\/en\/\"},{\"@type\":\"ListItem\",\"position\":2,\"name\":\"Paras lainavertailu\"}]},{\"@type\":\"WebSite\",\"@id\":\"https:\/\/lenders.fi\/#website\",\"url\":\"https:\/\/lenders.fi\/\",\"name\":\"Lenders.fi\",\"description\":\"Vertaamme lainantarjoajat puolestasi\",\"potentialAction\":[{\"@type\":\"SearchAction\",\"target\":{\"@type\":\"EntryPoint\",\"urlTemplate\":\"https:\/\/lenders.fi\/?s={search_term_string}\"},\"query-input\":\"required name=search_term_string\"}],\"inLanguage\":\"en-US\"}]}<\/script>\n<!-- \/ Yoast SEO plugin. -->","yoast_head_json":{"title":"Paras lainavertailu | Vertaa lainat helposti netiss\u00e4 | Lenders.fi","robots":{"index":"index","follow":"follow","max-snippet":"max-snippet:-1","max-image-preview":"max-image-preview:large","max-video-preview":"max-video-preview:-1"},"canonical":"https:\/\/lenders.fi\/en\/best-loan-comparison\/","og_locale":"en_US","og_type":"article","og_title":"Paras lainavertailu | Vertaa lainat helposti netiss\u00e4 | Lenders.fi","og_description":"Paras lainavertailu 2022 Mik\u00e4 on vuoden 2022 paras lainavertailu? Miss\u00e4 lainojen vertailu kannattaa tehd\u00e4? Vertaa lainat ja hae lainaa nopeasti netiss\u00e4. T\u00e4yt\u00e4 lainahakemus 1 minuutissa Valitse tarpeisiisi sopivin laina Nosta rahat tilille jo t\u00e4n\u00e4\u00e4n! Lainojen vertailupalveluiden k\u00e4ytt\u00f6 edullisimman vakuudettoman lainan l\u00f6yt\u00e4miseksi on her\u00e4tt\u00e4nyt kiinnostusta viimeisten vuosien aikana yh\u00e4 enemm\u00e4n ja enemm\u00e4n. Siin\u00e4 miss\u00e4 kuluttajia muistutetaan [&hellip;]","og_url":"https:\/\/lenders.fi\/en\/best-loan-comparison\/","og_site_name":"Lenders.fi","article_modified_time":"2023-02-21T18:52:12+00:00","og_image":[{"url":"http:\/\/lenders.fi\/wp-content\/uploads\/2022\/11\/shutterstock_1716705316.jpg"}],"twitter_card":"summary_large_image","twitter_misc":{"Est. reading time":"6 minutes"},"schema":{"@context":"https:\/\/schema.org","@graph":[{"@type":"WebPage","@id":"https:\/\/lenders.fi\/en\/best-loan-comparison\/","url":"https:\/\/lenders.fi\/en\/best-loan-comparison\/","name":"Paras lainavertailu | Vertaa lainat helposti netiss\u00e4 | Lenders.fi","isPartOf":{"@id":"https:\/\/lenders.fi\/#website"},"datePublished":"2022-11-09T13:16:41+00:00","dateModified":"2023-02-21T18:52:12+00:00","breadcrumb":{"@id":"https:\/\/lenders.fi\/en\/best-loan-comparison\/#breadcrumb"},"inLanguage":"en-US","potentialAction":[{"@type":"ReadAction","target":["https:\/\/lenders.fi\/en\/best-loan-comparison\/"]}]},{"@type":"BreadcrumbList","@id":"https:\/\/lenders.fi\/en\/best-loan-comparison\/#breadcrumb","itemListElement":[{"@type":"ListItem","position":1,"name":"Etusivu","item":"http:\/\/lenders.fi\/en\/"},{"@type":"ListItem","position":2,"name":"Paras lainavertailu"}]},{"@type":"WebSite","@id":"https:\/\/lenders.fi\/#website","url":"https:\/\/lenders.fi\/","name":"Lenders.fi","description":"Vertaamme lainantarjoajat puolestasi","potentialAction":[{"@type":"SearchAction","target":{"@type":"EntryPoint","urlTemplate":"https:\/\/lenders.fi\/?s={search_term_string}"},"query-input":"required name=search_term_string"}],"inLanguage":"en-US"}]}},"_links":{"self":[{"href":"https:\/\/lenders.fi\/en\/wp-json\/wp\/v2\/pages\/384"}],"collection":[{"href":"https:\/\/lenders.fi\/en\/wp-json\/wp\/v2\/pages"}],"about":[{"href":"https:\/\/lenders.fi\/en\/wp-json\/wp\/v2\/types\/page"}],"author":[{"embeddable":true,"href":"https:\/\/lenders.fi\/en\/wp-json\/wp\/v2\/users\/1"}],"replies":[{"embeddable":true,"href":"https:\/\/lenders.fi\/en\/wp-json\/wp\/v2\/comments?post=384"}],"version-history":[{"count":5,"href":"https:\/\/lenders.fi\/en\/wp-json\/wp\/v2\/pages\/384\/revisions"}],"predecessor-version":[{"id":647,"href":"https:\/\/lenders.fi\/en\/wp-json\/wp\/v2\/pages\/384\/revisions\/647"}],"wp:attachment":[{"href":"https:\/\/lenders.fi\/en\/wp-json\/wp\/v2\/media?parent=384"}],"curies":[{"name":"wp","href":"https:\/\/api.w.org\/{rel}","templated":true}]}}