{"id":370,"date":"2022-11-09T09:20:23","date_gmt":"2022-11-09T09:20:23","guid":{"rendered":"http:\/\/lenders.fi\/clone-of-kayttoluotto\/"},"modified":"2023-02-22T08:19:03","modified_gmt":"2023-02-22T08:19:03","slug":"kertalaina","status":"publish","type":"page","link":"https:\/\/lenders.fi\/en\/one-off-loan\/","title":{"rendered":"One-off loan"},"content":{"rendered":"<h1>One-off loan<\/h1>\n<p style=\"\">A quick, unsecured, one-off loan is a convenient solution to a sudden need for money. Easily apply for a one-off loan online.<\/p>\n<ul>\n<li style=\"padding-bottom: 6px !important;\">                    <span style=\"\"><span style=\"\">Complete the loan application in 1 minute<\/span><\/span><\/li>\n<li style=\"padding-bottom: 6px !important;\">                    <span style=\"\">Choose the loan that best suits your needs<\/span><\/li>\n<li style=\"padding-bottom: 6px !important;\"><span style=\"\">Get your money in your account today!<\/span><\/li>\n<\/ul>\n<p data-pm-slice=\"1 1 []\">An unsecured loan can provide versatile solutions for smaller or larger everyday expenses. For example, if you have an important bill that has not been paid and can no longer be deferred, a short-term loan can be a lifesaver.<\/p>\n<p>You can apply for <a href=\"https:\/\/lenders.fi\/en\/loan\/\">Quoted from<\/a> but also for many other needs - for example, you can use the loan to buy winter tyres for your car, a new phone, paint your summer house or finance a holiday.<\/p>\n<h2>Loan payable immediately into account<\/h2>\n<p>As the name suggests, a loan is a loan that is applied for at one time for one or more different purposes. The best way to get money in your account immediately is to use a payday loan.<\/p>\n<p>Many banks and financial institutions now offer one-off loans without any collateral or personal guarantee, which means you can apply directly online.<\/p>\n<p>Once the loan application has been sent, the loan terms have been reviewed and the loan offer has been accepted, the one-off loan can be paid into your bank account even on the same day. As a result, a one-off loan can also meet a sudden or unexpected need for money very quickly.<\/p>\n<p><span style=\"\"><img decoding=\"async\" alt=\"\" data-id=\"373\" data-init-width=\"500\" data-init-height=\"220\" title=\"\" loading=\"lazy\" src=\"http:\/\/lenders.fi\/wp-content\/uploads\/2022\/11\/shutterstock_1972716101.jpg\" data-width=\"396\" data-height=\"174\" data-link-wrap=\"true\" style=\"\" mt-d=\"0\" mt-m=\"0\" center-v-d=\"false\" mt-t=\"-32\" ml-t=\"0\" ml-m=\"0\" ml-d=\"0\" center-h-d=\"false\" width=\"396\" height=\"174\"><\/span><\/p>\n<h3 data-pm-slice=\"1 1 []\">Differences in interest rates and charges on a mortgage loan<\/h3>\n<p data-pm-slice=\"1 1 []\">As a one-off loan is normally <a href=\"https:\/\/lenders.fi\/en\/unsecured-loan\/\">unsecured loan<\/a>, its interest rate and conditions may vary between different lenders.<\/p>\n<p>It should be borne in mind that an unsecured loan is always a riskier loan for the lender than a secured loan, because the security ensures that the loan will be repaid even if the borrower, for one reason or another, finds himself in a financially challenging situation and is unable to repay the loan.<\/p>\n<p><span style=\"\"><img decoding=\"async\" alt=\"\" data-id=\"374\" data-init-width=\"500\" data-init-height=\"334\" title=\"\" loading=\"lazy\" src=\"http:\/\/lenders.fi\/wp-content\/uploads\/2022\/11\/shutterstock_1610892736.jpg\" data-width=\"396\" data-height=\"174\" data-link-wrap=\"true\" style=\"\" mt-d=\"0\" mt-m=\"0\" center-v-d=\"false\" mt-t=\"-32\" ml-t=\"0\" ml-m=\"0\" ml-d=\"0\" center-h-d=\"false\" width=\"396\" height=\"174\"><\/span><\/p>\n<h3 data-pm-slice=\"1 1 []\">Borrow online at competitive rates<\/h3>\n<p data-pm-slice=\"1 1 []\">Unsecured one-off loans have higher interest rates than secured loans, but with new interest cap laws and tighter financial supervision, it is now possible to find unsecured loans online at very competitive rates and with flexible loan terms. <\/p>\n<p data-pm-slice=\"1 1 []\">However, with so much on offer in the loan market, it can be difficult to get started.<\/p>\n<p><span style=\"\"><img decoding=\"async\" alt=\"\" data-id=\"375\" data-init-width=\"1024\" data-init-height=\"768\" title=\"\" loading=\"lazy\" src=\"http:\/\/lenders.fi\/wp-content\/uploads\/2022\/11\/shutterstock_1295148688.png\" data-width=\"396\" data-height=\"174\" data-link-wrap=\"true\" style=\"\" mt-d=\"0\" mt-m=\"0\" center-v-d=\"false\" mt-t=\"-32\" ml-t=\"0\" ml-m=\"0\" ml-d=\"0\" center-h-d=\"false\" width=\"396\" height=\"174\"><\/span><\/p>\n<h3 data-pm-slice=\"1 1 []\">Find the cheapest loans by competing<\/h3>\n<p data-pm-slice=\"1 1 []\">One of the best ways to map the current state of the loan market with just a few clicks of the mouse and get multiple loan offers in one loan application is to use loan tendering.<\/p>\n<p>Loan tendering works on the same principle as, for example, electricity company tendering, which is nowadays a very popular way of finding out which electricity company offers the cheapest electricity for your needs.<\/p>\n<h2 data-pm-slice=\"1 1 []\">A one-off loan online - how to compete for a one-off loan<\/h2>\n<p>While loan tendering may sound at first like a function only used by consumers who are more familiar with the loan market, in reality it is completely free of charge for all citizens.<\/p>\n<p>You can also compete for small one-off loans conveniently through our free comparison service with a single loan application.<\/p>\n<p>The comparison includes several different banks and financial institutions, which means that you can receive numerous loan offers even within minutes of submitting your application.<\/p>\n<h3>Competing for a loan is easy<\/h3>\n<p>So you don't need to have any previous knowledge of the loan market to compete for a loan, as we'll do it for you and rank the loan offers back to back, taking into account all the costs associated with your loan, from the origination fee to any account management fees.<\/p>\n<p>When suitable <a href=\"https:\/\/lenders.fi\/en\/loan-offer\/\">loan offer<\/a> has been found and you have carefully read the loan terms and conditions, you can accept the loan offer conveniently online using your online banking credentials or other strong authentication. You will then receive the money in your account, usually immediately, or even in a few minutes at best.The process of competing for a small loan is therefore step-by-step:<\/p>\n<ol>\n<li>Choose the right loan amount and term - use our loan calculator to estimate how much you would repay each month<\/li>\n<li>Fill in the loan application form carefully and send it to<\/li>\n<li>After submitting your loan application, you may even receive your first loan offers immediately, but usually within a few hours - note that not all lenders may process loan applications during evenings and weekends. You can receive up to dozens of different loan offers in a single application. Also remember that you are not bound by your loan application - you do not have to withdraw the loan.<\/li>\n<li>Loan offers are ranked in order of priority - you will always be the first to see the most advantageous loan offer<\/li>\n<li>Take your time to browse through the loan offers and their contents and easily accept the best offer online. Always check the annual percentage rate of charge!<\/li>\n<li>Provide the lender with the necessary documents and sign the loan agreement - if it's a small one-off loan, the lender may not require any attachments from you, so the loan can be paid into your bank account within minutes of the loan agreement taking effect.<\/li>\n<\/ol>\n<h2>How much is a one-off loan and how long is the repayment period?<\/h2>\n<p>You can apply for a flexible one-off loan for a wide range of purposes, from small home improvements to larger one-off purchases such as a car or a holiday trip. The amount of the loan therefore depends entirely on the purpose for which you are applying.<\/p>\n<p>It's a good idea to think about how much you need to borrow in advance, as too little is likely to result in you having to apply for a new loan, while too much can lead to the temptation to spend the remaining amount on something unnecessary.<\/p>\n<p>In both cases, the cost of the loan will also rise.<\/p>\n<h3>Estimate the repayment period and instalments with the loan calculator<\/h3>\n<p>With our loan calculator, you can calculate an approximate amount you would pay off your loan each month by changing the loan amount and term.<\/p>\n<p>The loan calculator uses a sample interest rate for its calculations, so you can find out your personal interest rate just by submitting a loan application to our service. Submitting a loan application does not commit you to taking out a loan.<\/p>\n<h3 data-pm-slice=\"1 1 []\">You can compete for loans before you apply for a loan<\/h3>\n<p data-pm-slice=\"1 1 []\">It makes sense to tender for loans at a very low threshold - even if the final decision to take out a loan has not yet been taken.<\/p>\n<p>Many loan offers are valid for several weeks, so you can take your time to read the offers and see what interest rates and conditions different lenders would be willing to offer you.<\/p>\n<p>You can submit a loan application on our comparison service whenever you want.<\/p>\n<h2 data-pm-slice=\"1 1 []\">Cheap one-off loan online quickly and safely<\/h2>\n<p>It's easy to compete for an affordable one-off loan through our comparison service in just a few minutes. Your loan application will be passed on to our partners in confidence and our comparison only includes registered banks and financial institutions subject to financial supervision.<\/p>\n<p>If you have any questions about applying for a one-off loan, you can contact our customer service. You can also check if your question is already answered in our Frequently Asked Questions section. If your question relates to the content of the loan offer, we can direct you to the lender's customer service department.<\/p>\n<h2 data-pm-slice=\"1 1 []\">Online Loan - Frequently Asked Questions<\/h2>","protected":false},"excerpt":{"rendered":"<p>A quick, unsecured, one-off loan payable quickly to your account is a convenient solution to a sudden need for money. Easily apply for a one-off loan online. Complete the loan application in 1 minute Choose the loan that best suits your needs Get your money in your account today! A small loan without collateral can provide versatile solutions for smaller or larger everyday expenses. For example, if you have an important bill that has not been paid and you cannot afford to defer [...]<\/p>","protected":false},"author":1,"featured_media":0,"parent":0,"menu_order":0,"comment_status":"closed","ping_status":"closed","template":"","meta":{"_monsterinsights_skip_tracking":false,"_monsterinsights_sitenote_active":false,"_monsterinsights_sitenote_note":"","_monsterinsights_sitenote_category":0,"footnotes":""},"class_list":["post-370","page","type-page","status-publish","hentry","post-wrapper","thrv_wrapper"],"yoast_head":"<!-- This site is optimized with the Yoast SEO plugin v21.8 - https:\/\/yoast.com\/wordpress\/plugins\/seo\/ -->\n<title>Kertalaina netist\u00e4 heti tilille, ilman vakuuksia | Lenders.fi<\/title>\n<meta name=\"robots\" content=\"index, follow, max-snippet:-1, max-image-preview:large, max-video-preview:-1\" \/>\n<link rel=\"canonical\" href=\"https:\/\/lenders.fi\/en\/one-off-loan\/\" \/>\n<meta property=\"og:locale\" content=\"en_US\" \/>\n<meta property=\"og:type\" content=\"article\" \/>\n<meta property=\"og:title\" content=\"Kertalaina netist\u00e4 heti tilille, ilman vakuuksia | Lenders.fi\" \/>\n<meta property=\"og:description\" content=\"Kertalaina Nopeasti tilille maksettava vakuudeton kertalaina on k\u00e4tev\u00e4 ratkaisu \u00e4killiseen rahantarpeeseen. Hae kertalainaa netist\u00e4 helposti. T\u00e4yt\u00e4 lainahakemus 1 minuutissa Valitse tarpeisiisi sopivin laina Nosta rahat tilille jo t\u00e4n\u00e4\u00e4n! Kertalaina ilman vakuuksia voi tarjota monipuolisia ratkaisuja arjen pienempiin tai suurempiin menoihin. Kertalaina voi pelastaa esimerkiksi silloin, jos jokin t\u00e4rke\u00e4 lasku on j\u00e4\u00e4nyt maksamatta, eik\u00e4 laskun lykk\u00e4\u00e4minen [&hellip;]\" \/>\n<meta property=\"og:url\" content=\"https:\/\/lenders.fi\/en\/one-off-loan\/\" \/>\n<meta property=\"og:site_name\" content=\"Lenders.fi\" \/>\n<meta property=\"article:modified_time\" content=\"2023-02-22T08:19:03+00:00\" \/>\n<meta property=\"og:image\" content=\"http:\/\/lenders.fi\/wp-content\/uploads\/2022\/11\/shutterstock_1972716101.jpg\" \/>\n<meta name=\"twitter:card\" content=\"summary_large_image\" \/>\n<meta name=\"twitter:label1\" content=\"Est. reading time\" \/>\n\t<meta name=\"twitter:data1\" content=\"7 minutes\" \/>\n<script type=\"application\/ld+json\" class=\"yoast-schema-graph\">{\"@context\":\"https:\/\/schema.org\",\"@graph\":[{\"@type\":\"WebPage\",\"@id\":\"https:\/\/lenders.fi\/en\/one-off-loan\/\",\"url\":\"https:\/\/lenders.fi\/en\/one-off-loan\/\",\"name\":\"Kertalaina netist\u00e4 heti tilille, ilman vakuuksia | Lenders.fi\",\"isPartOf\":{\"@id\":\"https:\/\/lenders.fi\/#website\"},\"datePublished\":\"2022-11-09T09:20:23+00:00\",\"dateModified\":\"2023-02-22T08:19:03+00:00\",\"breadcrumb\":{\"@id\":\"https:\/\/lenders.fi\/en\/one-off-loan\/#breadcrumb\"},\"inLanguage\":\"en-US\",\"potentialAction\":[{\"@type\":\"ReadAction\",\"target\":[\"https:\/\/lenders.fi\/en\/one-off-loan\/\"]}]},{\"@type\":\"BreadcrumbList\",\"@id\":\"https:\/\/lenders.fi\/en\/one-off-loan\/#breadcrumb\",\"itemListElement\":[{\"@type\":\"ListItem\",\"position\":1,\"name\":\"Etusivu\",\"item\":\"http:\/\/lenders.fi\/en\/\"},{\"@type\":\"ListItem\",\"position\":2,\"name\":\"Kertalaina\"}]},{\"@type\":\"WebSite\",\"@id\":\"https:\/\/lenders.fi\/#website\",\"url\":\"https:\/\/lenders.fi\/\",\"name\":\"Lenders.fi\",\"description\":\"Vertaamme lainantarjoajat puolestasi\",\"potentialAction\":[{\"@type\":\"SearchAction\",\"target\":{\"@type\":\"EntryPoint\",\"urlTemplate\":\"https:\/\/lenders.fi\/?s={search_term_string}\"},\"query-input\":\"required name=search_term_string\"}],\"inLanguage\":\"en-US\"}]}<\/script>\n<!-- \/ Yoast SEO plugin. -->","yoast_head_json":{"title":"Kertalaina netist\u00e4 heti tilille, ilman vakuuksia | Lenders.fi","robots":{"index":"index","follow":"follow","max-snippet":"max-snippet:-1","max-image-preview":"max-image-preview:large","max-video-preview":"max-video-preview:-1"},"canonical":"https:\/\/lenders.fi\/en\/one-off-loan\/","og_locale":"en_US","og_type":"article","og_title":"Kertalaina netist\u00e4 heti tilille, ilman vakuuksia | Lenders.fi","og_description":"Kertalaina Nopeasti tilille maksettava vakuudeton kertalaina on k\u00e4tev\u00e4 ratkaisu \u00e4killiseen rahantarpeeseen. Hae kertalainaa netist\u00e4 helposti. T\u00e4yt\u00e4 lainahakemus 1 minuutissa Valitse tarpeisiisi sopivin laina Nosta rahat tilille jo t\u00e4n\u00e4\u00e4n! Kertalaina ilman vakuuksia voi tarjota monipuolisia ratkaisuja arjen pienempiin tai suurempiin menoihin. Kertalaina voi pelastaa esimerkiksi silloin, jos jokin t\u00e4rke\u00e4 lasku on j\u00e4\u00e4nyt maksamatta, eik\u00e4 laskun lykk\u00e4\u00e4minen [&hellip;]","og_url":"https:\/\/lenders.fi\/en\/one-off-loan\/","og_site_name":"Lenders.fi","article_modified_time":"2023-02-22T08:19:03+00:00","og_image":[{"url":"http:\/\/lenders.fi\/wp-content\/uploads\/2022\/11\/shutterstock_1972716101.jpg"}],"twitter_card":"summary_large_image","twitter_misc":{"Est. reading time":"7 minutes"},"schema":{"@context":"https:\/\/schema.org","@graph":[{"@type":"WebPage","@id":"https:\/\/lenders.fi\/en\/one-off-loan\/","url":"https:\/\/lenders.fi\/en\/one-off-loan\/","name":"Kertalaina netist\u00e4 heti tilille, ilman vakuuksia | Lenders.fi","isPartOf":{"@id":"https:\/\/lenders.fi\/#website"},"datePublished":"2022-11-09T09:20:23+00:00","dateModified":"2023-02-22T08:19:03+00:00","breadcrumb":{"@id":"https:\/\/lenders.fi\/en\/one-off-loan\/#breadcrumb"},"inLanguage":"en-US","potentialAction":[{"@type":"ReadAction","target":["https:\/\/lenders.fi\/en\/one-off-loan\/"]}]},{"@type":"BreadcrumbList","@id":"https:\/\/lenders.fi\/en\/one-off-loan\/#breadcrumb","itemListElement":[{"@type":"ListItem","position":1,"name":"Etusivu","item":"http:\/\/lenders.fi\/en\/"},{"@type":"ListItem","position":2,"name":"Kertalaina"}]},{"@type":"WebSite","@id":"https:\/\/lenders.fi\/#website","url":"https:\/\/lenders.fi\/","name":"Lenders.fi","description":"Vertaamme lainantarjoajat puolestasi","potentialAction":[{"@type":"SearchAction","target":{"@type":"EntryPoint","urlTemplate":"https:\/\/lenders.fi\/?s={search_term_string}"},"query-input":"required name=search_term_string"}],"inLanguage":"en-US"}]}},"_links":{"self":[{"href":"https:\/\/lenders.fi\/en\/wp-json\/wp\/v2\/pages\/370"}],"collection":[{"href":"https:\/\/lenders.fi\/en\/wp-json\/wp\/v2\/pages"}],"about":[{"href":"https:\/\/lenders.fi\/en\/wp-json\/wp\/v2\/types\/page"}],"author":[{"embeddable":true,"href":"https:\/\/lenders.fi\/en\/wp-json\/wp\/v2\/users\/1"}],"replies":[{"embeddable":true,"href":"https:\/\/lenders.fi\/en\/wp-json\/wp\/v2\/comments?post=370"}],"version-history":[{"count":5,"href":"https:\/\/lenders.fi\/en\/wp-json\/wp\/v2\/pages\/370\/revisions"}],"predecessor-version":[{"id":689,"href":"https:\/\/lenders.fi\/en\/wp-json\/wp\/v2\/pages\/370\/revisions\/689"}],"wp:attachment":[{"href":"https:\/\/lenders.fi\/en\/wp-json\/wp\/v2\/media?parent=370"}],"curies":[{"name":"wp","href":"https:\/\/api.w.org\/{rel}","templated":true}]}}