{"id":364,"date":"2022-11-09T09:08:37","date_gmt":"2022-11-09T09:08:37","guid":{"rendered":"http:\/\/lenders.fi\/clone-of-lainaa-ilman-liitteita\/"},"modified":"2023-02-22T06:42:24","modified_gmt":"2023-02-22T06:42:24","slug":"kayttoluotto","status":"publish","type":"page","link":"https:\/\/lenders.fi\/en\/access-credit\/","title":{"rendered":"Working capital"},"content":{"rendered":"<h1>Working capital<\/h1>\n<p style=\"\">It's easy to apply for credit online. Fill in an application for an operating loan and get a loan decision in minutes.<\/p>\n<ul>\n<li style=\"padding-bottom: 6px !important;\">                    <span style=\"\"><span style=\"\">Complete the loan application in 1 minute<\/span><\/span><\/li>\n<li style=\"padding-bottom: 6px !important;\">                    <span style=\"\">Choose the loan that best suits your needs<\/span><\/li>\n<li style=\"padding-bottom: 6px !important;\"><span style=\"\">Get your money in your account today!<\/span><\/li>\n<\/ul>\n<p data-pm-slice=\"1 1 []\">A consumer credit, or operating loan, is, as its name suggests, a credit for consumption. In practice, an operating loan is <a href=\"https:\/\/lenders.fi\/en\/unsecured-loan\/\">unsecured loan<\/a>.<\/p>\n<p>Today, it's really easy to apply for an operating loan directly online and without any collateral or guarantors, meaning you don't need to put up any real or personal guarantee for your loan.<\/p>\n<p>All you need to do to get a working capital loan is fill in an online loan application and submit the necessary documents to the lender, and the loan money can be paid into your account within 24 hours.<\/p>\n<h2>What is an operating return?<\/h2>\n<p>An overdraft is basically a kind of limit that you can use to withdraw money from your account when you need it.<\/p>\n<p>With a revolving credit facility, you can easily withdraw money from your account without having to reapply when you need it.<\/p>\n<p>The advantage of credit is that it is easy to use - you can withdraw money whenever you need it, as long as you still have some credit left.<\/p>\n<h2>It pays to put your consumer credit out to tender - keep these things in mind<\/h2>\n<p>Unsecured overdrafts are a flexible loan service, but there are some risks involved. Indeed, many loans may involve unexpected additional costs that you may not have thought about at the time you take out the loan.<\/p>\n<p>It is therefore always worth comparing and competing for credit before <a href=\"https:\/\/lenders.fi\/en\/loan-offer\/\">a loan offer<\/a> adoption. Interest rates vary between different loans, and a higher rate can be surprisingly expensive in the long run.<\/p>\n<p>So always choose the most suitable overdraft for your needs, with a low annual percentage rate of charge.<\/p>\n<p><span style=\"\"><img decoding=\"async\" alt=\"\" data-id=\"366\" data-init-width=\"500\" data-init-height=\"333\" title=\"\" loading=\"lazy\" src=\"http:\/\/lenders.fi\/wp-content\/uploads\/2022\/11\/shutterstock_1032276190.jpg\" data-width=\"396\" data-height=\"264\" data-link-wrap=\"true\" style=\"\" mt-d=\"0\" mt-m=\"0\" center-v-d=\"false\" mt-t=\"-32\" ml-t=\"0\" ml-m=\"0\" ml-d=\"0\" center-h-d=\"false\" width=\"396\" height=\"264\"><\/span><\/p>\n<h3 data-pm-slice=\"1 1 []\">Multiple offers with one application<\/h3>\n<p data-pm-slice=\"1 1 []\">Fill in just one application and you can get loan offers from several different financial institutions.<\/p>\n<p>It usually only takes minutes to complete the application, and you can often withdraw money quickly - even on the same day.<\/p>\n<p>Interest costs can become very high if you don't remember to compete carefully for loan offers.<\/p>\n<p><span style=\"\"><img decoding=\"async\" alt=\"\" data-id=\"367\" data-init-width=\"500\" data-init-height=\"334\" title=\"\" loading=\"lazy\" src=\"http:\/\/lenders.fi\/wp-content\/uploads\/2022\/11\/shutterstock_2107905911.jpg\" data-width=\"396\" data-height=\"264\" data-link-wrap=\"true\" style=\"\" mt-d=\"0\" mt-m=\"0\" center-v-d=\"false\" mt-t=\"-32\" ml-t=\"0\" ml-m=\"0\" ml-d=\"0\" center-h-d=\"false\" width=\"396\" height=\"264\"><\/span><\/p>\n<h3 data-pm-slice=\"1 1 []\">Take into account the duration of the loan and the annual percentage rate of charge<\/h3>\n<p data-pm-slice=\"1 1 []\">It's worth bearing in mind that the loan must always be repaid in full, with interest and charges, so before you apply for a loan, you should make sure that your finances are stable enough to cover the monthly repayments.<\/p>\n<p>You should always check the term of the loan and the annual percentage rate of charge before withdrawing the money. Although a small operating loan may seem harmless from a financial point of view, the interest costs can easily become surprisingly high.<\/p>\n<p><span style=\"\"><img decoding=\"async\" alt=\"\" data-id=\"368\" data-init-width=\"500\" data-init-height=\"334\" title=\"\" loading=\"lazy\" src=\"http:\/\/lenders.fi\/wp-content\/uploads\/2022\/11\/shutterstock_174847025.jpg\" data-width=\"396\" data-height=\"264\" data-link-wrap=\"true\" style=\"\" mt-d=\"0\" mt-m=\"0\" center-v-d=\"false\" mt-t=\"-32\" ml-t=\"0\" ml-m=\"0\" ml-d=\"0\" center-h-d=\"false\" width=\"396\" height=\"264\"><\/span><\/p>\n<h3 data-pm-slice=\"1 1 []\">Don't plan your repayment too tightly<\/h3>\n<p data-pm-slice=\"1 1 []\">When applying for a loan, it's always a good idea to prepare by taking a careful inventory, <a href=\"https:\/\/lenders.fi\/en\/loan\/\">what kind of loan<\/a> and which loan terms are best suited to your financial situation. In addition to the monthly repayments on your loan, you should also have money left over for other living expenses.<\/p>\n<h3 data-pm-slice=\"1 1 []\">It pays to compete for credit before withdrawing money<\/h3>\n<p>Another excellent way to start looking for a reasonable consumer loan is to compete for loans, which is nowadays easily done online without any commitment.<\/p>\n<p>You can also try competing for loans when you are not yet in need of a loan, as comparing loans will help you build a better overview of what kind of loan services are available on the market to meet your needs as a borrower.<\/p>\n<p>You can apply for credit in minutes with no commitment and, at best, you can have the money in your account in just a few minutes. You can easily apply for consumer credit online - without any collateral.<\/p>\n<h3>The cheapest APR is usually found through a competitive tender process<\/h3>\n<p>Comparing loans helps to highlight differences in interest costs between different loan services. Loan comparison services base their comparisons on the actual annual interest rate of the loans, which takes into account not only the nominal interest rate but also other loan-related costs, however small they may be.<\/p>\n<p>So comparing loans does not require you to have any prior knowledge of the complexities of the loan market, as the comparison service's job is to generate a clear and accurate list of the most advantageous loan offers based on the loan offers you receive, taking into account all loan costs.<\/p>\n<p>This way, you can find a cheaper overdraft in just a few minutes and with much less effort than if you were to go out and compete for individual loan offers yourself.<\/p>\n<h2 data-pm-slice=\"1 1 []\">Working credit is a flexible, unsecured loan for a variety of everyday needs<\/h2>\n<p data-pm-slice=\"1 1 []\">At their best, operating loans offer a very flexible financing method to cover almost all kinds of everyday needs.<\/p>\n<p>As a consumer credit or operating loan is, as the name suggests, geared towards consumption, you can use it to buy a new appliance to replace a broken one, take your car to a garage or buy your child new winter clothes, for example.You can also use it to pay for a holiday trip, for example.<\/p>\n<h3 data-pm-slice=\"1 1 []\">A working capital loan should not be used for just anything<\/h3>\n<p>Although you can use the revolving credit for almost anything, there are of course some consumption-related money holes that the revolving credit is not suitable for.<\/p>\n<p>These include, for example, applying for an operating loan to pay off existing loans or to lend to a friend.<\/p>\n<p>An operating loan is also not suitable for going out, unnecessary shopping or any other daily, regular or long-term use.<\/p>\n<h3>Working capital is suitable for unexpected cash needs<\/h3>\n<p>An operating credit is designed to cover unexpected and necessary everyday expenses or larger investments when your own resources are insufficient to cover them.<\/p>\n<p>Because you can apply for credit online, it allows you to pay off a overdue bill immediately, for example, avoiding unnecessary extra charges. In turn, the loan can be repaid in full, for example on the next payday.<\/p>\n<p>For larger investments, on the other hand, the monthly instalments of the loan amount can be flexibly matched with your own income and expenditure, making it easy to realise even bigger dreams without a significant nest egg.<\/p>\n<h2>Working capital at a low interest rate<\/h2>\n<p>For the lender, a loan is a business and the cost of the loan is a way to make the business profitable. A few years ago, high interest rates in particular <a href=\"https:\/\/lenders.fi\/en\/instant-loan\/\">Express mail<\/a> made many credit companies real money-makers, as the easy and quick-seeming <a href=\"https:\/\/lenders.fi\/en\/quick-loan\/\">a quick loan<\/a> to the horror of the consumer, the actual cost of the loan could reach thousands of percent.<\/p>\n<p>However, these days are long gone, as current interest cap laws and more effective supervision of the loan market have brought down interest costs on unsecured loans significantly.<\/p>\n<h3>Loan conditions have improved in recent years<\/h3>\n<p>The lending market is still characterised by high-cost consumer loans, but competition has led many lenders to improve their lending conditions and introduce greater flexibility into their lending services. So you can get better conditions for your credit today than in the past.<\/p>\n<p>However, it is always the consumer's responsibility to find out what the conditions of the loan are before taking out a loan. Careful competition makes it easier to exclude consumer loans with high hidden costs from the comparison, so that the focus can be on comparing loan offers that are better suited to one's needs.<\/p>\n<h3>Significant differences in the terms of overdrafts<\/h3>\n<p>As the number of digital banks and lenders grows, the loan market is becoming more diverse, so before applying for a loan, it's a good idea to find out what you want to use the loan for, how much you want to borrow and in how many monthly instalments.<\/p>\n<p>By repaying the loan according to an agreed schedule, there are no unnecessary extra costs for borrowing, which keeps loan costs low.<\/p>\n<h3>Don't apply for credit unnecessarily<\/h3>\n<p>Although loan tendering offers a smart option for finding a working capital loan that best meets your borrowing needs, if you are not sure of repayment, it is not worth taking out a loan at all.<\/p>\n<p>You should also carefully consider other options before filling in a loan application, as sometimes another financing option may be available before you apply for a loan. Also, always check the loan term and the annual percentage rate of charge before taking out a loan.<\/p>\n<h3>Apply for a consumer loan with a single application from many different lenders<\/h3>\n<p>If you decide to apply for a consumer loan, always remember to compete carefully and read the terms carefully before signing the loan agreement.<\/p>\n<p>You will usually receive several different loan offers in one application, from which you can choose the one that best suits your needs.<\/p>\n<p>For loan repayments, it is therefore a good idea to draw up a repayment plan that is as realistic as possible to help you stick to the agreed schedule and avoid unnecessary extra costs. Finding a smart consumer loan always starts with smart preparation!<\/p>\n<h2 data-pm-slice=\"1 1 []\">Working capital: frequently asked questions<\/h2>","protected":false},"excerpt":{"rendered":"<p>K\u00e4ytt\u00f6luotto K\u00e4ytt\u00f6luottoa on helppo hakea netist\u00e4. T\u00e4yt\u00e4 hakemus k\u00e4ytt\u00f6lainaa varten ja saat lainap\u00e4\u00e4t\u00f6ksen jopa minuuteissa. T\u00e4yt\u00e4 lainahakemus 1 minuutissa Valitse tarpeisiisi sopivin laina Nosta rahat tilille jo t\u00e4n\u00e4\u00e4n! K\u00e4ytt\u00f6luotto eli k\u00e4ytt\u00f6laina on nimens\u00e4 mukaisesti kulutukseen suunnattu luotto. K\u00e4yt\u00e4nn\u00f6ss\u00e4 k\u00e4ytt\u00f6luotto on vakuudeton laina. K\u00e4ytt\u00f6luotto on t\u00e4n\u00e4 p\u00e4iv\u00e4n\u00e4 todella helppo hakea suoraan verkossa ja t\u00e4ysin ilman vakuuksia [&hellip;]<\/p>","protected":false},"author":1,"featured_media":0,"parent":0,"menu_order":0,"comment_status":"closed","ping_status":"closed","template":"","meta":{"_monsterinsights_skip_tracking":false,"_monsterinsights_sitenote_active":false,"_monsterinsights_sitenote_note":"","_monsterinsights_sitenote_category":0,"footnotes":""},"class_list":["post-364","page","type-page","status-publish","hentry","post-wrapper","thrv_wrapper"],"yoast_head":"<!-- This site is optimized with the Yoast SEO plugin v21.8 - https:\/\/yoast.com\/wordpress\/plugins\/seo\/ -->\n<title>K\u00e4ytt\u00f6luotto | Hae k\u00e4ytt\u00f6laina helposti netist\u00e4 | Lenders.fi<\/title>\n<meta name=\"robots\" content=\"index, follow, max-snippet:-1, max-image-preview:large, max-video-preview:-1\" \/>\n<link rel=\"canonical\" href=\"https:\/\/lenders.fi\/en\/access-credit\/\" \/>\n<meta property=\"og:locale\" content=\"en_US\" \/>\n<meta property=\"og:type\" content=\"article\" \/>\n<meta property=\"og:title\" content=\"K\u00e4ytt\u00f6luotto | Hae k\u00e4ytt\u00f6laina helposti netist\u00e4 | Lenders.fi\" \/>\n<meta property=\"og:description\" content=\"K\u00e4ytt\u00f6luotto K\u00e4ytt\u00f6luottoa on helppo hakea netist\u00e4. T\u00e4yt\u00e4 hakemus k\u00e4ytt\u00f6lainaa varten ja saat lainap\u00e4\u00e4t\u00f6ksen jopa minuuteissa. T\u00e4yt\u00e4 lainahakemus 1 minuutissa Valitse tarpeisiisi sopivin laina Nosta rahat tilille jo t\u00e4n\u00e4\u00e4n! K\u00e4ytt\u00f6luotto eli k\u00e4ytt\u00f6laina on nimens\u00e4 mukaisesti kulutukseen suunnattu luotto. K\u00e4yt\u00e4nn\u00f6ss\u00e4 k\u00e4ytt\u00f6luotto on vakuudeton laina. K\u00e4ytt\u00f6luotto on t\u00e4n\u00e4 p\u00e4iv\u00e4n\u00e4 todella helppo hakea suoraan verkossa ja t\u00e4ysin ilman vakuuksia [&hellip;]\" \/>\n<meta property=\"og:url\" content=\"https:\/\/lenders.fi\/en\/access-credit\/\" \/>\n<meta property=\"og:site_name\" content=\"Lenders.fi\" \/>\n<meta property=\"article:modified_time\" content=\"2023-02-22T06:42:24+00:00\" \/>\n<meta property=\"og:image\" content=\"http:\/\/lenders.fi\/wp-content\/uploads\/2022\/11\/shutterstock_1032276190.jpg\" \/>\n<meta name=\"twitter:card\" content=\"summary_large_image\" \/>\n<meta name=\"twitter:label1\" content=\"Est. reading time\" \/>\n\t<meta name=\"twitter:data1\" content=\"7 minutes\" \/>\n<script type=\"application\/ld+json\" class=\"yoast-schema-graph\">{\"@context\":\"https:\/\/schema.org\",\"@graph\":[{\"@type\":\"WebPage\",\"@id\":\"https:\/\/lenders.fi\/en\/access-credit\/\",\"url\":\"https:\/\/lenders.fi\/en\/access-credit\/\",\"name\":\"K\u00e4ytt\u00f6luotto | Hae k\u00e4ytt\u00f6laina helposti netist\u00e4 | Lenders.fi\",\"isPartOf\":{\"@id\":\"https:\/\/lenders.fi\/#website\"},\"datePublished\":\"2022-11-09T09:08:37+00:00\",\"dateModified\":\"2023-02-22T06:42:24+00:00\",\"breadcrumb\":{\"@id\":\"https:\/\/lenders.fi\/en\/access-credit\/#breadcrumb\"},\"inLanguage\":\"en-US\",\"potentialAction\":[{\"@type\":\"ReadAction\",\"target\":[\"https:\/\/lenders.fi\/en\/access-credit\/\"]}]},{\"@type\":\"BreadcrumbList\",\"@id\":\"https:\/\/lenders.fi\/en\/access-credit\/#breadcrumb\",\"itemListElement\":[{\"@type\":\"ListItem\",\"position\":1,\"name\":\"Etusivu\",\"item\":\"http:\/\/lenders.fi\/en\/\"},{\"@type\":\"ListItem\",\"position\":2,\"name\":\"K\u00e4ytt\u00f6luotto\"}]},{\"@type\":\"WebSite\",\"@id\":\"https:\/\/lenders.fi\/#website\",\"url\":\"https:\/\/lenders.fi\/\",\"name\":\"Lenders.fi\",\"description\":\"Vertaamme lainantarjoajat puolestasi\",\"potentialAction\":[{\"@type\":\"SearchAction\",\"target\":{\"@type\":\"EntryPoint\",\"urlTemplate\":\"https:\/\/lenders.fi\/?s={search_term_string}\"},\"query-input\":\"required name=search_term_string\"}],\"inLanguage\":\"en-US\"}]}<\/script>\n<!-- \/ Yoast SEO plugin. -->","yoast_head_json":{"title":"K\u00e4ytt\u00f6luotto | Hae k\u00e4ytt\u00f6laina helposti netist\u00e4 | Lenders.fi","robots":{"index":"index","follow":"follow","max-snippet":"max-snippet:-1","max-image-preview":"max-image-preview:large","max-video-preview":"max-video-preview:-1"},"canonical":"https:\/\/lenders.fi\/en\/access-credit\/","og_locale":"en_US","og_type":"article","og_title":"K\u00e4ytt\u00f6luotto | Hae k\u00e4ytt\u00f6laina helposti netist\u00e4 | Lenders.fi","og_description":"K\u00e4ytt\u00f6luotto K\u00e4ytt\u00f6luottoa on helppo hakea netist\u00e4. T\u00e4yt\u00e4 hakemus k\u00e4ytt\u00f6lainaa varten ja saat lainap\u00e4\u00e4t\u00f6ksen jopa minuuteissa. T\u00e4yt\u00e4 lainahakemus 1 minuutissa Valitse tarpeisiisi sopivin laina Nosta rahat tilille jo t\u00e4n\u00e4\u00e4n! K\u00e4ytt\u00f6luotto eli k\u00e4ytt\u00f6laina on nimens\u00e4 mukaisesti kulutukseen suunnattu luotto. K\u00e4yt\u00e4nn\u00f6ss\u00e4 k\u00e4ytt\u00f6luotto on vakuudeton laina. K\u00e4ytt\u00f6luotto on t\u00e4n\u00e4 p\u00e4iv\u00e4n\u00e4 todella helppo hakea suoraan verkossa ja t\u00e4ysin ilman vakuuksia [&hellip;]","og_url":"https:\/\/lenders.fi\/en\/access-credit\/","og_site_name":"Lenders.fi","article_modified_time":"2023-02-22T06:42:24+00:00","og_image":[{"url":"http:\/\/lenders.fi\/wp-content\/uploads\/2022\/11\/shutterstock_1032276190.jpg"}],"twitter_card":"summary_large_image","twitter_misc":{"Est. reading time":"7 minutes"},"schema":{"@context":"https:\/\/schema.org","@graph":[{"@type":"WebPage","@id":"https:\/\/lenders.fi\/en\/access-credit\/","url":"https:\/\/lenders.fi\/en\/access-credit\/","name":"K\u00e4ytt\u00f6luotto | Hae k\u00e4ytt\u00f6laina helposti netist\u00e4 | Lenders.fi","isPartOf":{"@id":"https:\/\/lenders.fi\/#website"},"datePublished":"2022-11-09T09:08:37+00:00","dateModified":"2023-02-22T06:42:24+00:00","breadcrumb":{"@id":"https:\/\/lenders.fi\/en\/access-credit\/#breadcrumb"},"inLanguage":"en-US","potentialAction":[{"@type":"ReadAction","target":["https:\/\/lenders.fi\/en\/access-credit\/"]}]},{"@type":"BreadcrumbList","@id":"https:\/\/lenders.fi\/en\/access-credit\/#breadcrumb","itemListElement":[{"@type":"ListItem","position":1,"name":"Etusivu","item":"http:\/\/lenders.fi\/en\/"},{"@type":"ListItem","position":2,"name":"K\u00e4ytt\u00f6luotto"}]},{"@type":"WebSite","@id":"https:\/\/lenders.fi\/#website","url":"https:\/\/lenders.fi\/","name":"Lenders.fi","description":"Vertaamme lainantarjoajat puolestasi","potentialAction":[{"@type":"SearchAction","target":{"@type":"EntryPoint","urlTemplate":"https:\/\/lenders.fi\/?s={search_term_string}"},"query-input":"required name=search_term_string"}],"inLanguage":"en-US"}]}},"_links":{"self":[{"href":"https:\/\/lenders.fi\/en\/wp-json\/wp\/v2\/pages\/364"}],"collection":[{"href":"https:\/\/lenders.fi\/en\/wp-json\/wp\/v2\/pages"}],"about":[{"href":"https:\/\/lenders.fi\/en\/wp-json\/wp\/v2\/types\/page"}],"author":[{"embeddable":true,"href":"https:\/\/lenders.fi\/en\/wp-json\/wp\/v2\/users\/1"}],"replies":[{"embeddable":true,"href":"https:\/\/lenders.fi\/en\/wp-json\/wp\/v2\/comments?post=364"}],"version-history":[{"count":4,"href":"https:\/\/lenders.fi\/en\/wp-json\/wp\/v2\/pages\/364\/revisions"}],"predecessor-version":[{"id":660,"href":"https:\/\/lenders.fi\/en\/wp-json\/wp\/v2\/pages\/364\/revisions\/660"}],"wp:attachment":[{"href":"https:\/\/lenders.fi\/en\/wp-json\/wp\/v2\/media?parent=364"}],"curies":[{"name":"wp","href":"https:\/\/api.w.org\/{rel}","templated":true}]}}