{"id":357,"date":"2022-11-09T08:54:34","date_gmt":"2022-11-09T08:54:34","guid":{"rendered":"http:\/\/lenders.fi\/clone-of-helppo-pikalaina\/"},"modified":"2023-02-22T06:47:09","modified_gmt":"2023-02-22T06:47:09","slug":"lainaa-ilman-liitteita","status":"publish","type":"page","link":"https:\/\/lenders.fi\/en\/borrow-air-attachments\/","title":{"rendered":"Loans without attachments"},"content":{"rendered":"<h1>Loans without attachments<\/h1>\n<p style=\"\">Apply for a small loan without attachments quickly online. Complete and submit your loan application in just a few minutes.<\/p>\n<ul>\n<li style=\"padding-bottom: 6px !important;\">                    <span style=\"\"><span style=\"\">Complete the loan application in 1 minute<\/span><\/span><\/li>\n<li style=\"padding-bottom: 6px !important;\">                    <span style=\"\">Choose the loan that best suits your needs<\/span><\/li>\n<li style=\"padding-bottom: 6px !important;\"><span style=\"\">Get your money in your account today!<\/span><\/li>\n<\/ul>\n<p data-pm-slice=\"1 1 []\">Many people associate applying for a loan with numerous bank negotiations and the signing of several different contracts and documents.<\/p>\n<p>While some large loans, such as a mortgage, require the applicant to submit several documents and, above all, to prove sufficient collateral, today's loan market also offers unsecured loans with flexible loan conditions, which allow you to get a loan without attachments.<\/p>\n<p><span style=\"\"><img decoding=\"async\" alt=\"\" data-id=\"360\" data-init-width=\"500\" data-init-height=\"334\" title=\"\" loading=\"lazy\" src=\"http:\/\/lenders.fi\/wp-content\/uploads\/2022\/11\/shutterstock_526848103.jpg\" data-width=\"396\" data-height=\"265\" data-link-wrap=\"true\" style=\"\" mt-d=\"0\" mt-m=\"0\" center-v-d=\"false\" mt-t=\"-32\" ml-t=\"0\" ml-m=\"0\" ml-d=\"0\" center-h-d=\"false\" width=\"396\" height=\"265\"><\/span><\/p>\n<h2 data-pm-slice=\"1 1 []\">Apply for a loan without attachments quickly and easily online<\/h2>\n<p data-pm-slice=\"1 1 []\"><a href=\"https:\/\/lenders.fi\/en\/to-your-small-loan-week-account\/\" style=\"outline: none;\">You can still get a small loan on the spot today<\/a> without attachments. Although the conditions for unsecured loans have recently been tightened, it is still possible to obtain a loan without attachments for a small amount from certain restrictive institutions.<\/p>\n<p>Applying for a loan online is easy, and you can even get a loan on the same day.<\/p>\n<p><span style=\"\"><img decoding=\"async\" alt=\"\" data-id=\"361\" data-init-width=\"500\" data-init-height=\"321\" title=\"\" loading=\"lazy\" src=\"http:\/\/lenders.fi\/wp-content\/uploads\/2022\/11\/shutterstock_744158275.jpg\" data-width=\"396\" data-height=\"265\" data-link-wrap=\"true\" style=\"\" mt-d=\"0\" mt-m=\"0\" center-v-d=\"false\" mt-t=\"-32\" ml-t=\"0\" ml-m=\"0\" ml-d=\"0\" center-h-d=\"false\" width=\"396\" height=\"265\"><\/span><\/p>\n<h2 data-pm-slice=\"1 1 []\">You can get a loan without attachments<\/h2>\n<p data-pm-slice=\"1 1 []\">Although most loans require attachments to the application, such as a pay slip, you can also get a small loan without attachments. The type of attachments needed depends on the financial institution and the amount of the loan. In most cases, a salary slip is requested as an attachment, or a bank statement or tax return, for example. Loans of several thousand euros cannot usually be obtained without attachments. The chances of obtaining a large loan without any attachments are therefore very small.<\/p>\n<p><span style=\"\"><img decoding=\"async\" alt=\"\" data-id=\"362\" data-init-width=\"500\" data-init-height=\"334\" title=\"\" loading=\"lazy\" src=\"http:\/\/lenders.fi\/wp-content\/uploads\/2022\/11\/shutterstock_2045277680.jpg\" data-width=\"396\" data-height=\"265\" data-link-wrap=\"true\" style=\"\" mt-d=\"0\" mt-m=\"0\" center-v-d=\"false\" mt-t=\"-32\" ml-t=\"0\" ml-m=\"0\" ml-d=\"0\" center-h-d=\"false\" width=\"396\" height=\"265\"><\/span><\/p>\n<h2 data-pm-slice=\"1 1 []\">Unsecured loan without attachments<\/h2>\n<p data-pm-slice=\"1 1 []\">As the name suggests, <a href=\"https:\/\/lenders.fi\/en\/unsecured-loan\/\">unsecured loan<\/a> is a loan that can be obtained without collateral. Collateral can be a home, a summer cottage or securities, for example. If there is no real security or if it is too small in relation to the amount of the loan requested, a personal guarantee can also be taken out on the loan. In the case of an unsecured loan, neither is therefore required.<\/p>\n<h3 data-pm-slice=\"1 1 []\">Apply for an unsecured loan quickly<\/h3>\n<p>As no collateral is required, the loan application process becomes much faster, making it possible to apply for a loan directly online without a salary statement or other attachments.<\/p>\n<p>To apply for an unsecured loan, all you need to do is fill in a loan application, read the loan terms and conditions and sign a loan agreement.<\/p>\n<h3>Only apply for a loan if you really need it<\/h3>\n<p>Although an unsecured loan is an easy and flexible loan product that can be used for many different purposes, taking out a loan as a loan should be carefully considered. It is also worth bearing in mind that unsecured loans generally carry higher interest rates than secured loans precisely because of the higher risk involved, so where to apply for an unsecured loan is not a completely irrelevant question.<\/p>\n<h2>Where to get a loan immediately without attachments?<\/h2>\n<p>As mentioned above, the most convenient way to get a loan without attachments is online. Today, traditional banks have also gone online and, in addition to these core banks, there are dozens of other digital banks and financial institutions offering consumers unsecured loans without attachments.<\/p>\n<p>However, it is difficult to compare the interest rates of unsecured loans without sending in a loan application, as banks and financial institutions advertise example interest rates on their websites that may not correspond to the interest rates that lenders would be willing to offer you, for example.<\/p>\n<h3>Get a loan with a single application from several different financial institutions<\/h3>\n<p>However, filling in dozens of loan applications takes time and comparing loan offers one by one is tedious and cumbersome.<\/p>\n<p>To save time and effort, you can submit a free loan application on our loan service and get several different loan offers from a number of different lenders at the same time with one loan application. Completing the loan application is completely free for you as a consumer and there is no obligation to take out a loan.<\/p>\n<h2 data-pm-slice=\"1 1 []\">A loan without attachments is easy to tender<\/h2>\n<p data-pm-slice=\"1 1 []\">Competing for loans may sound like a complicated process at first, but it's not for you as a customer. Because our comparison service compares all the loan offers you receive at once and ranks them from cheapest to most expensive, all you have to do is look at the best-looking loan offers and accept the one you want.<\/p>\n<h3 data-pm-slice=\"1 1 []\">You can get a small loan without attachments<\/h3>\n<p>Some banks and financial institutions also do not require you to provide any attachments in order to get a loan, especially if the amount you are applying for is small. For larger unsecured loans, the lender may ask you for a salary certificate to ensure that you can repay the loan amount safely.<\/p>\n<p>This is perfectly normal practice, as reliable operators will naturally want to ensure before granting a loan that it can be repaid in reasonable instalments.<\/p>\n<h3>Multiple loan offers with one application<\/h3>\n<p>Competing for loans through our loan service is easy because you can get multiple loan offers with a single loan application. Many lenders process incoming loan applications immediately, so you can get your first initial loan offers within minutes of submitting your application.<\/p>\n<p>If you apply in the morning, by the afternoon most of the loan offers may already be waiting for you.<\/p>\n<h3>Check out the loan offers before you take out a loan<\/h3>\n<p>Most loan offers are valid for up to weeks, giving you plenty of time to get to know the terms and interest rates of the loan offers you receive.<\/p>\n<p>You may be surprised at this stage, as different lenders are likely to have made you loan offers with different terms and interest rates.<\/p>\n<p>This is because each credit issuer conducts a personal credit assessment of applicants based on the information provided in the loan application and the way the applicant has managed their finances in the past.<\/p>\n<p>This is why you can get a cheaper loan from one bank than from another, and why it is always worth competing for a loan without attachments, because through the competition you can find the best loan for you.<\/p>\n<h2>Low-cost loans instantly without attachments<\/h2>\n<p>As banks and financial institutions that grant unsecured loans do not require you to attach any documents in most cases, the loan amount can be paid to your account even on the same day.<\/p>\n<p>It is the speed and simplicity of the application process that has made unsecured loans a viable financing method, for example when money is needed to cover an essential expense immediately and there is still time before payday. Applying for a loan is also faster as you don't have to send in any attachments.<\/p>\n<h3>The law limits interest rates on loans<\/h3>\n<p>Although an unsecured loan is a riskier loan for the lender than a secured loan, careful competition allows the interest rate on loans to be kept as low as possible.<\/p>\n<p>Today, the loan market is full of loans without attachments, with interest rates well below 10%. With the new law on interest rate caps and improved financial supervision, fast loans that had reached interest rates of thousands of percent have already disappeared from the market.<\/p>\n<h3>Compare and compete to find the cheapest loan<\/h3>\n<p>Competing for unsecured loans is therefore a cost-free, reliable and impartial way to find out which bank or financial institution would offer you the most advantageous loan at that particular moment, without attachments.<\/p>\n<p>Because every step of the loan process is done online, you can apply for a loan without attachments, for example, directly from home, work or on holiday.<\/p>\n<p>If the loan application process raises further questions, we recommend you take a look at our Frequently Asked Questions section to see if you can find the answer to your question there. Otherwise, we will be happy to answer your questions.<\/p>\n<p>For questions regarding a loan offer, we recommend that you contact the party that made the loan offer, as we, as a loan broker, cannot influence the content of loan offers.<\/p>\n<h2 data-pm-slice=\"1 1 []\">Borrow without attachments: frequently asked questions<\/h2>","protected":false},"excerpt":{"rendered":"<p>Loan without attachments Get a small loan without attachments quickly online. Complete and submit your loan application in just a few minutes. Complete the loan application in 1 minute Choose the loan that best suits your needs Get your money in your account today! Many people associate applying for a loan with numerous bank negotiations and signing several different agreements and documents. While some large loans, such as a mortgage, require the applicant to submit several different documents [...]<\/p>","protected":false},"author":1,"featured_media":0,"parent":0,"menu_order":0,"comment_status":"closed","ping_status":"closed","template":"","meta":{"_monsterinsights_skip_tracking":false,"_monsterinsights_sitenote_active":false,"_monsterinsights_sitenote_note":"","_monsterinsights_sitenote_category":0,"footnotes":""},"class_list":["post-357","page","type-page","status-publish","hentry","post-wrapper","thrv_wrapper"],"yoast_head":"<!-- This site is optimized with the Yoast SEO plugin v21.8 - https:\/\/yoast.com\/wordpress\/plugins\/seo\/ -->\n<title>Lainaa ilman liitteit\u00e4 | Lenders.fi<\/title>\n<meta name=\"robots\" content=\"index, follow, max-snippet:-1, max-image-preview:large, max-video-preview:-1\" \/>\n<link rel=\"canonical\" href=\"https:\/\/lenders.fi\/en\/borrow-air-attachments\/\" \/>\n<meta property=\"og:locale\" content=\"en_US\" \/>\n<meta property=\"og:type\" content=\"article\" \/>\n<meta property=\"og:title\" content=\"Lainaa ilman liitteit\u00e4 | Lenders.fi\" \/>\n<meta property=\"og:description\" content=\"Lainaa ilman liitteit\u00e4 Hae pient\u00e4 lainaa ilman liitteit\u00e4 nopeasti netiss\u00e4. T\u00e4yt\u00e4 ja l\u00e4het\u00e4 lainahakemus vain parissa minuutissa. T\u00e4yt\u00e4 lainahakemus 1 minuutissa Valitse tarpeisiisi sopivin laina Nosta rahat tilille jo t\u00e4n\u00e4\u00e4n! Monet yhdist\u00e4v\u00e4t lainanhaun lukuisiin pankkineuvotteluihin sek\u00e4 useiden eri sopimusten ja asiakirjojen allekirjoittamiseen. Vaikka jotkut suuret lainat, kuten vaikkapa asuntolaina, edellytt\u00e4v\u00e4t hakijalta useiden eri asiakirjojen toimittamista [&hellip;]\" \/>\n<meta property=\"og:url\" content=\"https:\/\/lenders.fi\/en\/borrow-air-attachments\/\" \/>\n<meta property=\"og:site_name\" content=\"Lenders.fi\" \/>\n<meta property=\"article:modified_time\" content=\"2023-02-22T06:47:09+00:00\" \/>\n<meta property=\"og:image\" content=\"http:\/\/lenders.fi\/wp-content\/uploads\/2022\/11\/shutterstock_526848103.jpg\" \/>\n<meta name=\"twitter:card\" content=\"summary_large_image\" \/>\n<script type=\"application\/ld+json\" class=\"yoast-schema-graph\">{\"@context\":\"https:\/\/schema.org\",\"@graph\":[{\"@type\":\"WebPage\",\"@id\":\"https:\/\/lenders.fi\/en\/borrow-air-attachments\/\",\"url\":\"https:\/\/lenders.fi\/en\/borrow-air-attachments\/\",\"name\":\"Lainaa ilman liitteit\u00e4 | Lenders.fi\",\"isPartOf\":{\"@id\":\"https:\/\/lenders.fi\/#website\"},\"datePublished\":\"2022-11-09T08:54:34+00:00\",\"dateModified\":\"2023-02-22T06:47:09+00:00\",\"breadcrumb\":{\"@id\":\"https:\/\/lenders.fi\/en\/borrow-air-attachments\/#breadcrumb\"},\"inLanguage\":\"en-US\",\"potentialAction\":[{\"@type\":\"ReadAction\",\"target\":[\"https:\/\/lenders.fi\/en\/borrow-air-attachments\/\"]}]},{\"@type\":\"BreadcrumbList\",\"@id\":\"https:\/\/lenders.fi\/en\/borrow-air-attachments\/#breadcrumb\",\"itemListElement\":[{\"@type\":\"ListItem\",\"position\":1,\"name\":\"Etusivu\",\"item\":\"http:\/\/lenders.fi\/en\/\"},{\"@type\":\"ListItem\",\"position\":2,\"name\":\"Lainaa ilman liitteit\u00e4\"}]},{\"@type\":\"WebSite\",\"@id\":\"https:\/\/lenders.fi\/#website\",\"url\":\"https:\/\/lenders.fi\/\",\"name\":\"Lenders.fi\",\"description\":\"Vertaamme lainantarjoajat puolestasi\",\"potentialAction\":[{\"@type\":\"SearchAction\",\"target\":{\"@type\":\"EntryPoint\",\"urlTemplate\":\"https:\/\/lenders.fi\/?s={search_term_string}\"},\"query-input\":\"required name=search_term_string\"}],\"inLanguage\":\"en-US\"}]}<\/script>\n<!-- \/ Yoast SEO plugin. -->","yoast_head_json":{"title":"Lainaa ilman liitteit\u00e4 | Lenders.fi","robots":{"index":"index","follow":"follow","max-snippet":"max-snippet:-1","max-image-preview":"max-image-preview:large","max-video-preview":"max-video-preview:-1"},"canonical":"https:\/\/lenders.fi\/en\/borrow-air-attachments\/","og_locale":"en_US","og_type":"article","og_title":"Lainaa ilman liitteit\u00e4 | Lenders.fi","og_description":"Lainaa ilman liitteit\u00e4 Hae pient\u00e4 lainaa ilman liitteit\u00e4 nopeasti netiss\u00e4. T\u00e4yt\u00e4 ja l\u00e4het\u00e4 lainahakemus vain parissa minuutissa. T\u00e4yt\u00e4 lainahakemus 1 minuutissa Valitse tarpeisiisi sopivin laina Nosta rahat tilille jo t\u00e4n\u00e4\u00e4n! Monet yhdist\u00e4v\u00e4t lainanhaun lukuisiin pankkineuvotteluihin sek\u00e4 useiden eri sopimusten ja asiakirjojen allekirjoittamiseen. Vaikka jotkut suuret lainat, kuten vaikkapa asuntolaina, edellytt\u00e4v\u00e4t hakijalta useiden eri asiakirjojen toimittamista [&hellip;]","og_url":"https:\/\/lenders.fi\/en\/borrow-air-attachments\/","og_site_name":"Lenders.fi","article_modified_time":"2023-02-22T06:47:09+00:00","og_image":[{"url":"http:\/\/lenders.fi\/wp-content\/uploads\/2022\/11\/shutterstock_526848103.jpg"}],"twitter_card":"summary_large_image","schema":{"@context":"https:\/\/schema.org","@graph":[{"@type":"WebPage","@id":"https:\/\/lenders.fi\/en\/borrow-air-attachments\/","url":"https:\/\/lenders.fi\/en\/borrow-air-attachments\/","name":"Lainaa ilman liitteit\u00e4 | Lenders.fi","isPartOf":{"@id":"https:\/\/lenders.fi\/#website"},"datePublished":"2022-11-09T08:54:34+00:00","dateModified":"2023-02-22T06:47:09+00:00","breadcrumb":{"@id":"https:\/\/lenders.fi\/en\/borrow-air-attachments\/#breadcrumb"},"inLanguage":"en-US","potentialAction":[{"@type":"ReadAction","target":["https:\/\/lenders.fi\/en\/borrow-air-attachments\/"]}]},{"@type":"BreadcrumbList","@id":"https:\/\/lenders.fi\/en\/borrow-air-attachments\/#breadcrumb","itemListElement":[{"@type":"ListItem","position":1,"name":"Etusivu","item":"http:\/\/lenders.fi\/en\/"},{"@type":"ListItem","position":2,"name":"Lainaa ilman liitteit\u00e4"}]},{"@type":"WebSite","@id":"https:\/\/lenders.fi\/#website","url":"https:\/\/lenders.fi\/","name":"Lenders.fi","description":"Vertaamme lainantarjoajat puolestasi","potentialAction":[{"@type":"SearchAction","target":{"@type":"EntryPoint","urlTemplate":"https:\/\/lenders.fi\/?s={search_term_string}"},"query-input":"required name=search_term_string"}],"inLanguage":"en-US"}]}},"_links":{"self":[{"href":"https:\/\/lenders.fi\/en\/wp-json\/wp\/v2\/pages\/357"}],"collection":[{"href":"https:\/\/lenders.fi\/en\/wp-json\/wp\/v2\/pages"}],"about":[{"href":"https:\/\/lenders.fi\/en\/wp-json\/wp\/v2\/types\/page"}],"author":[{"embeddable":true,"href":"https:\/\/lenders.fi\/en\/wp-json\/wp\/v2\/users\/1"}],"replies":[{"embeddable":true,"href":"https:\/\/lenders.fi\/en\/wp-json\/wp\/v2\/comments?post=357"}],"version-history":[{"count":4,"href":"https:\/\/lenders.fi\/en\/wp-json\/wp\/v2\/pages\/357\/revisions"}],"predecessor-version":[{"id":661,"href":"https:\/\/lenders.fi\/en\/wp-json\/wp\/v2\/pages\/357\/revisions\/661"}],"wp:attachment":[{"href":"https:\/\/lenders.fi\/en\/wp-json\/wp\/v2\/media?parent=357"}],"curies":[{"name":"wp","href":"https:\/\/api.w.org\/{rel}","templated":true}]}}