{"id":327,"date":"2022-11-08T19:56:42","date_gmt":"2022-11-08T19:56:42","guid":{"rendered":"http:\/\/lenders.fi\/?page_id=327"},"modified":"2023-02-22T07:34:05","modified_gmt":"2023-02-22T07:34:05","slug":"nopea-laina","status":"publish","type":"page","link":"https:\/\/lenders.fi\/en\/fast-loan\/","title":{"rendered":"Quick loan"},"content":{"rendered":"<h1>Quick loan - how to get a loan fast<\/h1>\n<p style=\"\">Get a quick loan online in just minutes. Get up to dozens of loan offers in one application!<\/p>\n<ul>\n<li style=\"padding-bottom: 6px !important;\">                    <span style=\"\"><span style=\"\">Complete the loan application in 1 minute<\/span><\/span><\/li>\n<li style=\"padding-bottom: 6px !important;\">                    <span style=\"\">Choose the loan that best suits your needs<\/span><\/li>\n<li style=\"padding-bottom: 6px !important;\"><span style=\"\">Get your money in your account today!<\/span><\/li>\n<\/ul>\n<p data-pm-slice=\"1 1 []\">As the name suggests, a quick loan offers a quick and convenient way to finance the smaller and larger everyday expenses that often come as a surprise when you least expect it.<\/p>\n<p>Whether you urgently need money to pay for a bear letter, book a cheap promotional trip or cover unexpected expenses, you can find. <a href=\"https:\/\/lenders.fi\/en\/borrow-air-attachments\/\">get a loan fast without collateral and without attachments<\/a>, and at best, the money can be transferred to your account within 24 hours.<\/p>\n<p>In this article, we will take a closer look at what a fast loan is, where to apply for a fast loan and what to consider when applying for a loan.<\/p>\n<p><span style=\"\"><img decoding=\"async\" alt=\"\" data-id=\"333\" data-init-width=\"376\" data-init-height=\"235\" title=\"\" loading=\"lazy\" src=\"http:\/\/lenders.fi\/wp-content\/uploads\/2022\/11\/shutterstock_259020914-e1667938530420.jpg\" data-width=\"311\" data-height=\"194\" data-link-wrap=\"true\" style=\"\" mt-d=\"-29\" center-v-d=\"false\" mt-t=\"-32\" mt-m=\"0\" ml-t=\"0\" ml-m=\"0\" width=\"311\" height=\"194\"><\/span><\/p>\n<h2 data-pm-slice=\"1 1 []\">Fast credit instantly to your account<\/h2>\n<p data-pm-slice=\"1 1 []\">One of the undeniable advantages of a fast loan is the ease of the loan process. Today, it is really easy to apply for a fast loan entirely online, and there is no need for separate loan negotiations with the bank at all.<\/p>\n<p><span style=\"\"><img decoding=\"async\" alt=\"\" data-id=\"60932\" data-init-width=\"400\" data-init-height=\"400\" title=\"mega_menu_img_06\" loading=\"lazy\" src=\"\/\/lenders.fi\/wp-content\/uploads\/tcb_content_templates\/images\/mega_menu_img_06-e1592987561232.jpg\" data-width=\"311\" data-height=\"194\" data-link-wrap=\"true\" style=\"\" mt-d=\"-29\" mt-m=\"0\" center-v-d=\"false\" mt-t=\"-32\" ml-t=\"0\" ml-m=\"0\" width=\"311\" height=\"194\"><\/span><\/p>\n<h3 data-pm-slice=\"1 1 []\" style=\"\">Apply for a loan online, without collateral or guarantors<\/h3>\n<p data-pm-slice=\"1 1 []\">The fast loan can be paid into your account <a href=\"https:\/\/lenders.fi\/en\/unsecured-loan\/\">completely without collateral or guarantors<\/a>, so the money can be waiting in your account within 24 hours of sending your loan application.<\/p>\n<p>Secured bank loans are good loans in the sense that the collateral makes it possible to keep borrowing costs very low. The most common secured loans are mortgages, car loans and student loans guaranteed by the state.<\/p>\n<p>However, when you apply for a secured loan, you will have to justify to the bank the purpose for which you want to use the loan. The loan process will also take time, as the bank will have to look at the collateral you have provided and decide whether it is sufficient to guarantee the bank loan.<\/p>\n<p><span style=\"\"><img decoding=\"async\" alt=\"\" data-id=\"334\" data-init-width=\"500\" data-init-height=\"334\" title=\"\" loading=\"lazy\" src=\"http:\/\/lenders.fi\/wp-content\/uploads\/2022\/11\/shutterstock_2069820137.jpg\" data-width=\"311\" data-height=\"194\" data-link-wrap=\"true\" style=\"\" mt-d=\"-29\" mt-t=\"-32\" mt-m=\"0\" center-v-d=\"false\" ml-t=\"0\" ml-m=\"0\" width=\"311\" height=\"194\"><\/span><\/p>\n<h3 data-pm-slice=\"1 1 []\" style=\"\">Borrow up to a few minutes<\/h3>\n<p data-pm-slice=\"1 1 []\">When you need a loan quickly, a fast online loan is usually a better option than a bank loan. You can get a loan online in as little as a few minutes.<\/p>\n<p>However, remember to plan your loan repayments as carefully as possible and compare loans. When you apply for a quick loan online, you don't need collateral, a lender or a statement of purpose.<\/p>\n<h2>Where can I apply for an instant loan?<\/h2>\n<p>Numerous banks and financial institutions provide fast loans for different purposes.<\/p>\n<p>Whether you need a loan to pay your bills or to get your car serviced, you can apply for a loan online with an online application form that can be submitted at any time of day.<\/p>\n<p>Through our partners, you can find a loan provider where you can get an unsecured loan without unnecessary delays. You can withdraw from most providers <a href=\"https:\/\/lenders.fi\/en\/unsecured-loan\/\">the loan immediately<\/a> - so you can get the money in your account in minutes.<\/p>\n<h3>Filling in a loan application takes just a few minutes<\/h3>\n<p>Generally, a quick loan is <a href=\"https:\/\/lenders.fi\/en\/to-your-small-loan-week-account\/\">a relatively small loan<\/a>, around \u20ac100-2000, so many lenders can even offer you a loan without any attachments. This in turn saves you time, as you can approve the loan offer online and get the loan money in your account immediately.<\/p>\n<p>It is possible to sign the loan agreement securely online, for example with your online banking ID, which allows the lender to receive reliable confirmation of your identity from your bank.<\/p>\n<p>Thanks to this process, you no longer need to send separate identity documents or other documents to the lender afterwards.<\/p>\n<h2>It is always worth competing for quick loans<\/h2>\n<p>While fast credit is by far one of the most frugal loans on the loan market, fast loans are generally not the most affordable loans.<\/p>\n<p>Despite the small amount of the loan, the interest costs can be very high if you don't remember to compare the loan offers carefully.<\/p>\n<h3>Annual percentage rate of charge varies significantly between different loans<\/h3>\n<p>While it is true that the new interest cap laws have also made the interest costs of unsecured quick loans much cheaper, you should never take out a loan without first thinking carefully about how and over what period of time you will repay it.<\/p>\n<p>Especially in the case of a quick loan, the interest costs can be very high if the loan payment is delayed.<\/p>\n<p>The maximum annual percentage rate of charge is now set by law, so you don't have to pay the high interest rates of the old days, even for quick loans.<\/p>\n<h2>Apply for a loan online with ease<\/h2>\n<p>If you have decided to apply for a fast loan and you are confident that you will be able to repay the loan with interest and fees, the very first thing to do is to set aside some time to compare loans.<\/p>\n<p>Today, loan comparison is the best way to find out the real annual cost of loan offers between several different lenders in a single loan application. There is no cost for comparing loans, and there is no obligation to apply for a loan.<\/p>\n<p>Many lenders have automated the processing of loans, which means that you can get your first loan offers back even immediately after submitting your loan application.<\/p>\n<p>If the loan amount is small, many lenders can give you a positive credit decision without any attachments at all, making it really easy to compare loans.<\/p>\n<p>So don't skip comparing loans for a few extra minutes, as you're likely to save a lot of money on your loan costs - and that's always worthwhile.<\/p>\n<h2>Get a quick loan on your account - keep these things in mind<\/h2>\n<p>While a fast loan can be an easy loan and can be paid back in the same day at best, it is by no means easy money. However, if the need for a quick loan is real, you should allow some time for the loan process so that you can compare the best loan offers at your leisure and choose the most advantageous one.<\/p>\n<p>The loan comparison tool is a really useful tool in this respect, as it compares loan offers based on the actual annual cost of the loans, so you know in advance what all the costs are for your loan.<\/p>\n<h3>Check the loan amount, terms and plan the repayment period<\/h3>\n<p>When applying for a quick loan, pay attention to both the loan amount and the term of the loan. It is very likely that some lenders will offer you a larger loan amount than you have applied for.<\/p>\n<p>This is because not all banks and financial institutions lend such small amounts - for example, many lenders have a minimum loan amount of \u20ac500-1000.<\/p>\n<p>The idea is not, of course, to borrow just because you are offered a loan, but to match your own borrowing needs as closely as possible. As the amount of the loan increases, the cost of the loan is also higher. So borrow only as much as you need<\/p>\n<h3>The loan can be reduced in advance if necessary<\/h3>\n<p>As for the loan term, you should try to pay off your fast loan as quickly as possible, so that your borrowing costs are kept as low as possible.<\/p>\n<p>In this sense, fast credit can be an excellent option when, for example, there is still time before payday or benefit payments, but you need money immediately. For small loans, the loan period is usually between 1 and 12 months.<\/p>\n<h3>Applying for a loan online is quick and easy<\/h3>\n<p>Please note that when you apply for a fast loan online, you can submit your loan application at any time of day, but loan applications submitted late at night or at the weekend, for example, may not be processed until the next business day.<\/p>\n<p>Although many lenders process loan applications late into the evening, loan payments can be delayed if the application is submitted late.<\/p>\n<p>One way to prepare for sudden expenses in the future could be to open a flexi-credit account, for example, so that you have money available as soon as you need it. Be sure to compare flexi-credits before opening an account.<\/p>\n<p style=\"\">Quick loan: frequently asked questions<\/p>","protected":false},"excerpt":{"rendered":"<p>Quick loan - how to get a loan fast Get a quick loan online in just minutes. Get up to dozens of loan offers in one application! Fill in a loan application in 1 minute Choose the loan that best suits your needs Get your money in your account today! As the name suggests, a quick loan offers a quick and convenient way to finance the smaller and larger everyday expenses that often come as a surprise just when you [...]<\/p>","protected":false},"author":1,"featured_media":0,"parent":0,"menu_order":0,"comment_status":"closed","ping_status":"closed","template":"","meta":{"_monsterinsights_skip_tracking":false,"_monsterinsights_sitenote_active":false,"_monsterinsights_sitenote_note":"","_monsterinsights_sitenote_category":0,"footnotes":""},"class_list":["post-327","page","type-page","status-publish","hentry","post-wrapper","thrv_wrapper"],"yoast_head":"<!-- This site is optimized with the Yoast SEO plugin v21.8 - https:\/\/yoast.com\/wordpress\/plugins\/seo\/ -->\n<title>Nopea laina | Lainaa nopeasti tilille | Lenders.fi<\/title>\n<meta name=\"robots\" content=\"index, follow, max-snippet:-1, max-image-preview:large, max-video-preview:-1\" \/>\n<link rel=\"canonical\" href=\"https:\/\/lenders.fi\/en\/fast-loan\/\" \/>\n<meta property=\"og:locale\" content=\"en_US\" \/>\n<meta property=\"og:type\" content=\"article\" \/>\n<meta property=\"og:title\" content=\"Nopea laina | Lainaa nopeasti tilille | Lenders.fi\" \/>\n<meta property=\"og:description\" content=\"Nopea laina \u2013 n\u00e4in saat lainaa nopeasti Hae nopea laina netist\u00e4 vain muutamassa minuutissa. Saat jopa kymmeni\u00e4 lainatarjouksia yhdell\u00e4 hakemuksella! T\u00e4yt\u00e4 lainahakemus 1 minuutissa Valitse tarpeisiisi sopivin laina Nosta rahat tilille jo t\u00e4n\u00e4\u00e4n! Nopea laina tarjoaa nimens\u00e4 mukaisesti joutuisan ja k\u00e4tev\u00e4n tavan rahoittaa arjen pienempi\u00e4 ja suurempia kuluja, jotka p\u00e4\u00e4sev\u00e4t usein yll\u00e4tt\u00e4m\u00e4\u00e4n juuri silloin, kun [&hellip;]\" \/>\n<meta property=\"og:url\" content=\"https:\/\/lenders.fi\/en\/fast-loan\/\" \/>\n<meta property=\"og:site_name\" content=\"Lenders.fi\" \/>\n<meta property=\"article:modified_time\" content=\"2023-02-22T07:34:05+00:00\" \/>\n<meta property=\"og:image\" content=\"http:\/\/lenders.fi\/wp-content\/uploads\/2022\/11\/shutterstock_259020914-e1667938530420.jpg\" \/>\n<meta name=\"twitter:card\" content=\"summary_large_image\" \/>\n<script type=\"application\/ld+json\" class=\"yoast-schema-graph\">{\"@context\":\"https:\/\/schema.org\",\"@graph\":[{\"@type\":\"WebPage\",\"@id\":\"https:\/\/lenders.fi\/nopea-laina\/\",\"url\":\"https:\/\/lenders.fi\/nopea-laina\/\",\"name\":\"Nopea laina | Lainaa nopeasti tilille | Lenders.fi\",\"isPartOf\":{\"@id\":\"https:\/\/lenders.fi\/#website\"},\"datePublished\":\"2022-11-08T19:56:42+00:00\",\"dateModified\":\"2023-02-22T07:34:05+00:00\",\"breadcrumb\":{\"@id\":\"https:\/\/lenders.fi\/nopea-laina\/#breadcrumb\"},\"inLanguage\":\"en-US\",\"potentialAction\":[{\"@type\":\"ReadAction\",\"target\":[\"https:\/\/lenders.fi\/nopea-laina\/\"]}]},{\"@type\":\"BreadcrumbList\",\"@id\":\"https:\/\/lenders.fi\/nopea-laina\/#breadcrumb\",\"itemListElement\":[{\"@type\":\"ListItem\",\"position\":1,\"name\":\"Etusivu\",\"item\":\"http:\/\/lenders.fi\/en\/\"},{\"@type\":\"ListItem\",\"position\":2,\"name\":\"Nopea laina\"}]},{\"@type\":\"WebSite\",\"@id\":\"https:\/\/lenders.fi\/#website\",\"url\":\"https:\/\/lenders.fi\/\",\"name\":\"Lenders.fi\",\"description\":\"Vertaamme lainantarjoajat puolestasi\",\"potentialAction\":[{\"@type\":\"SearchAction\",\"target\":{\"@type\":\"EntryPoint\",\"urlTemplate\":\"https:\/\/lenders.fi\/?s={search_term_string}\"},\"query-input\":\"required name=search_term_string\"}],\"inLanguage\":\"en-US\"}]}<\/script>\n<!-- \/ Yoast SEO plugin. -->","yoast_head_json":{"title":"Nopea laina | Lainaa nopeasti tilille | Lenders.fi","robots":{"index":"index","follow":"follow","max-snippet":"max-snippet:-1","max-image-preview":"max-image-preview:large","max-video-preview":"max-video-preview:-1"},"canonical":"https:\/\/lenders.fi\/en\/fast-loan\/","og_locale":"en_US","og_type":"article","og_title":"Nopea laina | Lainaa nopeasti tilille | Lenders.fi","og_description":"Nopea laina \u2013 n\u00e4in saat lainaa nopeasti Hae nopea laina netist\u00e4 vain muutamassa minuutissa. Saat jopa kymmeni\u00e4 lainatarjouksia yhdell\u00e4 hakemuksella! T\u00e4yt\u00e4 lainahakemus 1 minuutissa Valitse tarpeisiisi sopivin laina Nosta rahat tilille jo t\u00e4n\u00e4\u00e4n! Nopea laina tarjoaa nimens\u00e4 mukaisesti joutuisan ja k\u00e4tev\u00e4n tavan rahoittaa arjen pienempi\u00e4 ja suurempia kuluja, jotka p\u00e4\u00e4sev\u00e4t usein yll\u00e4tt\u00e4m\u00e4\u00e4n juuri silloin, kun [&hellip;]","og_url":"https:\/\/lenders.fi\/en\/fast-loan\/","og_site_name":"Lenders.fi","article_modified_time":"2023-02-22T07:34:05+00:00","og_image":[{"url":"http:\/\/lenders.fi\/wp-content\/uploads\/2022\/11\/shutterstock_259020914-e1667938530420.jpg"}],"twitter_card":"summary_large_image","schema":{"@context":"https:\/\/schema.org","@graph":[{"@type":"WebPage","@id":"https:\/\/lenders.fi\/nopea-laina\/","url":"https:\/\/lenders.fi\/nopea-laina\/","name":"Nopea laina | Lainaa nopeasti tilille | Lenders.fi","isPartOf":{"@id":"https:\/\/lenders.fi\/#website"},"datePublished":"2022-11-08T19:56:42+00:00","dateModified":"2023-02-22T07:34:05+00:00","breadcrumb":{"@id":"https:\/\/lenders.fi\/nopea-laina\/#breadcrumb"},"inLanguage":"en-US","potentialAction":[{"@type":"ReadAction","target":["https:\/\/lenders.fi\/nopea-laina\/"]}]},{"@type":"BreadcrumbList","@id":"https:\/\/lenders.fi\/nopea-laina\/#breadcrumb","itemListElement":[{"@type":"ListItem","position":1,"name":"Etusivu","item":"http:\/\/lenders.fi\/en\/"},{"@type":"ListItem","position":2,"name":"Nopea laina"}]},{"@type":"WebSite","@id":"https:\/\/lenders.fi\/#website","url":"https:\/\/lenders.fi\/","name":"Lenders.fi","description":"Vertaamme lainantarjoajat puolestasi","potentialAction":[{"@type":"SearchAction","target":{"@type":"EntryPoint","urlTemplate":"https:\/\/lenders.fi\/?s={search_term_string}"},"query-input":"required name=search_term_string"}],"inLanguage":"en-US"}]}},"_links":{"self":[{"href":"https:\/\/lenders.fi\/en\/wp-json\/wp\/v2\/pages\/327"}],"collection":[{"href":"https:\/\/lenders.fi\/en\/wp-json\/wp\/v2\/pages"}],"about":[{"href":"https:\/\/lenders.fi\/en\/wp-json\/wp\/v2\/types\/page"}],"author":[{"embeddable":true,"href":"https:\/\/lenders.fi\/en\/wp-json\/wp\/v2\/users\/1"}],"replies":[{"embeddable":true,"href":"https:\/\/lenders.fi\/en\/wp-json\/wp\/v2\/comments?post=327"}],"version-history":[{"count":9,"href":"https:\/\/lenders.fi\/en\/wp-json\/wp\/v2\/pages\/327\/revisions"}],"predecessor-version":[{"id":674,"href":"https:\/\/lenders.fi\/en\/wp-json\/wp\/v2\/pages\/327\/revisions\/674"}],"wp:attachment":[{"href":"https:\/\/lenders.fi\/en\/wp-json\/wp\/v2\/media?parent=327"}],"curies":[{"name":"wp","href":"https:\/\/api.w.org\/{rel}","templated":true}]}}