{"id":306,"date":"2022-09-14T19:10:08","date_gmt":"2022-09-14T19:10:08","guid":{"rendered":"http:\/\/lenders.fi\/vippi\/3000-e\/"},"modified":"2022-09-14T19:10:08","modified_gmt":"2022-09-14T19:10:08","slug":"3000-e","status":"publish","type":"page","link":"https:\/\/lenders.fi\/en\/vippi\/3000-e-3\/","title":{"rendered":"3000\u20ac vippi"},"content":{"rendered":"<h1>3000 euro quick withdrawal online<\/h1>\n<p>Claim your pennies through our partners and get the money in your account today. A voucher is an easy way to get money for unexpected expenses. Fill out a loan application and get a loan decision in minutes.<\/p>\n<h2>Compare 3000\u20ac tapes and find the cheapest one<\/h2>\n<p>A \u20ac3000 voucher can be more expensive than necessary if you don't compare vouchers before taking out a loan. Fortunately, it's easy to compete for a voucher - fill in an application through our partners and you can get several different offers for a \u20ac3000 voucher in just a few minutes.<\/p>\n<p>The cost of a \u20ac3000 loan varies from one provider to another, so check the interest rates and charges before you withdraw.<\/p>\n<h2>Who is eligible for a \u20ac3000 voucher?<\/h2>\n<p>The \u20ac3000 voucher is generally available to Finnish adults with a clean credit history and regular income. Many financial institutions offering the vouchers and loans also require a minimum age of 22 or 23 years.<\/p>\n<p>Lenders.fi connects those applying for a voucher with those offering a loan. We cannot say for sure who will be eligible for a \u20ac3,000 voucher - income and other debts, among other factors, will influence the decision.<\/p>\n<p>However, you can fill in an application for a \u20ac3,000 voucher through our partners and see if the voucher can be awarded to you.<\/p>\n<h2>Will the \u20ac3000 voucher be paid immediately into the account?<\/h2>\n<p>For a \u20ac3,000 voucher, you will usually get the money in your account immediately after you have accepted the loan offers. Please note, however, that the vouchers are usually only credited on weekdays between 7am and 11pm.<\/p>\n<h2>Interest and charges on a \u20ac3000 loan - examples<\/h2>\n<p>In the table you can find examples of instalments and total costs of a \u20ac3000 loan with different payment periods and interest rates. In our example, we have used interest rates of 5%, 10%, and 20%.<\/p>\n<p><i>Note! The figures in the table below are examples, and our partners may not necessarily have the same kind of levers available. The examples are intended to illustrate the impact of different payment periods and interest rates on the instalments and total costs for a \u20ac3,000 vip. Always check the interest rates and costs of your voucher with your loan provider before taking out a voucher. In addition to interest charges, a vip may also involve, for example, an opening fee or a monthly account management fee.<\/i><\/p>\n<table>\n<tbody>\n<tr>\n<th>Loan amount<\/th>\n<th>Loan period (years)<\/th>\n<th>Interest rate<\/th>\n<th>Monthly round-up<\/th>\n<th>Total amount<\/th>\n<\/tr>\n<tr>\n<td>3000<\/td>\n<td>1<\/td>\n<td>5,00%<\/td>\n<td>256,82 \u20ac<\/td>\n<td>3\u00a0081,87 \u20ac<\/td>\n<\/tr>\n<tr>\n<td>3000<\/td>\n<td>2<\/td>\n<td>5,00%<\/td>\n<td>131,61 \u20ac<\/td>\n<td>3\u00a0158,74 \u20ac<\/td>\n<\/tr>\n<tr>\n<td>3000<\/td>\n<td>3<\/td>\n<td>5,00%<\/td>\n<td>89,91 \u20ac<\/td>\n<td>3\u00a0236,86 \u20ac<\/td>\n<\/tr>\n<tr>\n<td>3000<\/td>\n<td>4<\/td>\n<td>5,00%<\/td>\n<td>69,09 \u20ac<\/td>\n<td>3\u00a0316,22 \u20ac<\/td>\n<\/tr>\n<tr>\n<td>3000<\/td>\n<td>5<\/td>\n<td>5,00%<\/td>\n<td>56,61 \u20ac<\/td>\n<td>3\u00a0396,82 \u20ac<\/td>\n<\/tr>\n<tr>\n<td>3000<\/td>\n<td>1<\/td>\n<td>10,00%<\/td>\n<td>263,75 \u20ac<\/td>\n<td>3\u00a0164,97 \u20ac<\/td>\n<\/tr>\n<tr>\n<td>3000<\/td>\n<td>2<\/td>\n<td>10,00%<\/td>\n<td>138,43 \u20ac<\/td>\n<td>3\u00a0322,43 \u20ac<\/td>\n<\/tr>\n<tr>\n<td>3000<\/td>\n<td>2<\/td>\n<td>10,00%<\/td>\n<td>96,80 \u20ac<\/td>\n<td>3\u00a0484,86 \u20ac<\/td>\n<\/tr>\n<tr>\n<td>3000<\/td>\n<td>4<\/td>\n<td>10,00%<\/td>\n<td>76,09 \u20ac<\/td>\n<td>3\u00a0652,21 \u20ac<\/td>\n<\/tr>\n<tr>\n<td>3000<\/td>\n<td>5<\/td>\n<td>10,00%<\/td>\n<td>63,74 \u20ac<\/td>\n<td>3\u00a0824,47 \u20ac<\/td>\n<\/tr>\n<tr>\n<td>3000<\/td>\n<td>1<\/td>\n<td>20,00%<\/td>\n<td>277,90 \u20ac<\/td>\n<td>3\u00a0334,84 \u20ac<\/td>\n<\/tr>\n<tr>\n<td>3000<\/td>\n<td>2<\/td>\n<td>20,00%<\/td>\n<td>152,69 \u20ac<\/td>\n<td>3\u00a0664,50 \u20ac<\/td>\n<\/tr>\n<tr>\n<td>3000<\/td>\n<td>3<\/td>\n<td>20,00%<\/td>\n<td>111,49 \u20ac<\/td>\n<td>4\u00a0013,67 \u20ac<\/td>\n<\/tr>\n<tr>\n<td>3000<\/td>\n<td>4<\/td>\n<td>20,00%<\/td>\n<td>91,29 \u20ac<\/td>\n<td>4\u00a0381,97 \u20ac<\/td>\n<\/tr>\n<tr>\n<td>3000<\/td>\n<td>5<\/td>\n<td>20,00%<\/td>\n<td>79,48 \u20ac<\/td>\n<td>4\u00a0768,90 \u20ac<\/td>\n<\/tr>\n<\/tbody>\n<\/table>\n<h2>The \u20ac3000 peg is known by various names<\/h2>\n<p>Although usually it is actually a consumer credit, a \u20ac3,000 loan can be called by many different names: for some it is <a href=\"http:\/\/lenders.fi\/en\/pikavippi\/3000-e\/\">3000\u20ac quick loan<\/a> or <a href=\"http:\/\/lenders.fi\/en\/pikalaina\/3000-e\/\">3000\u20ac quick loan<\/a>, another may simply use the term <a href=\"http:\/\/lenders.fi\/en\/laina\/3000-e\/\">3000\u20ac loan<\/a>. Regardless of the title, the loan offers that are transmitted through our site are mainly related to consumer credit and credit lines - all of them are loans that can be granted by the lender to the borrower without any collateral. In addition, the loans are usually paid back very quickly.<\/p>","protected":false},"excerpt":{"rendered":"<p>Get a \u20ac3000 quick withdrawal online Apply for a withdrawal through our partners and get the money in your account today. A voucher is an easy way to get money for unexpected expenses. Fill in the loan application and get a loan decision in minutes. Compare \u20ac3,000 worth of tips and find the cheapest \u20ac3,000 tip can cost more than you need if you don't compare tips before taking out a loan. Fortunately, it's easy to compete for a voucher - [...]<\/p>","protected":false},"author":1,"featured_media":0,"parent":68,"menu_order":0,"comment_status":"open","ping_status":"open","template":"","meta":{"_monsterinsights_skip_tracking":false,"_monsterinsights_sitenote_active":false,"_monsterinsights_sitenote_note":"","_monsterinsights_sitenote_category":0,"footnotes":""},"class_list":["post-306","page","type-page","status-publish","hentry","post-wrapper","thrv_wrapper"],"yoast_head":"<!-- This site is optimized with the Yoast SEO plugin v21.8 - https:\/\/yoast.com\/wordpress\/plugins\/seo\/ -->\n<title>Vippi 3000 \u20ac | Vertaa 3000 euron vipit | Lenders.fi<\/title>\n<meta name=\"robots\" content=\"index, follow, max-snippet:-1, max-image-preview:large, max-video-preview:-1\" \/>\n<link rel=\"canonical\" href=\"https:\/\/lenders.fi\/en\/vippi\/3000-e-3\/\" \/>\n<meta property=\"og:locale\" content=\"en_US\" \/>\n<meta property=\"og:type\" content=\"article\" \/>\n<meta property=\"og:title\" content=\"Vippi 3000 \u20ac | Vertaa 3000 euron vipit | Lenders.fi\" \/>\n<meta property=\"og:description\" content=\"3000 euron vippi nopeasti netist\u00e4 Hae vippi\u00e4 kumppaniemme kautta ja voit saada rahat tilillesi jo t\u00e4n\u00e4\u00e4n. Vippi on helppo tapa hankkia rahaa yll\u00e4tt\u00e4viin menoihin. T\u00e4yt\u00e4 lainahakemus ja saat lainap\u00e4\u00e4t\u00f6ksen minuuteissa. Vertaa 3000\u20ac vipit ja l\u00f6yd\u00e4 edullisin 3000\u20ac vippi voi tulla tarvittavaa kalliimmaksi, jos vippej\u00e4 ei vertaile ennen lainan nostamista. Vippi on onneksi helppoa kilpailuttaa \u2013 [&hellip;]\" \/>\n<meta property=\"og:url\" content=\"https:\/\/lenders.fi\/en\/vippi\/3000-e-3\/\" \/>\n<meta property=\"og:site_name\" content=\"Lenders.fi\" \/>\n<meta name=\"twitter:card\" content=\"summary_large_image\" \/>\n<meta name=\"twitter:label1\" content=\"Est. reading time\" \/>\n\t<meta name=\"twitter:data1\" content=\"2 minutes\" \/>\n<script type=\"application\/ld+json\" class=\"yoast-schema-graph\">{\"@context\":\"https:\/\/schema.org\",\"@graph\":[{\"@type\":\"WebPage\",\"@id\":\"https:\/\/lenders.fi\/vippi\/3000-e\/\",\"url\":\"https:\/\/lenders.fi\/vippi\/3000-e\/\",\"name\":\"Vippi 3000 \u20ac | Vertaa 3000 euron vipit | Lenders.fi\",\"isPartOf\":{\"@id\":\"https:\/\/lenders.fi\/#website\"},\"datePublished\":\"2022-09-14T19:10:08+00:00\",\"dateModified\":\"2022-09-14T19:10:08+00:00\",\"breadcrumb\":{\"@id\":\"https:\/\/lenders.fi\/vippi\/3000-e\/#breadcrumb\"},\"inLanguage\":\"en-US\",\"potentialAction\":[{\"@type\":\"ReadAction\",\"target\":[\"https:\/\/lenders.fi\/vippi\/3000-e\/\"]}]},{\"@type\":\"BreadcrumbList\",\"@id\":\"https:\/\/lenders.fi\/vippi\/3000-e\/#breadcrumb\",\"itemListElement\":[{\"@type\":\"ListItem\",\"position\":1,\"name\":\"Etusivu\",\"item\":\"http:\/\/lenders.fi\/en\/\"},{\"@type\":\"ListItem\",\"position\":2,\"name\":\"Vippi\",\"item\":\"https:\/\/lenders.fi\/vippi\/\"},{\"@type\":\"ListItem\",\"position\":3,\"name\":\"3000\u20ac vippi\"}]},{\"@type\":\"WebSite\",\"@id\":\"https:\/\/lenders.fi\/#website\",\"url\":\"https:\/\/lenders.fi\/\",\"name\":\"Lenders.fi\",\"description\":\"Vertaamme lainantarjoajat puolestasi\",\"potentialAction\":[{\"@type\":\"SearchAction\",\"target\":{\"@type\":\"EntryPoint\",\"urlTemplate\":\"https:\/\/lenders.fi\/?s={search_term_string}\"},\"query-input\":\"required name=search_term_string\"}],\"inLanguage\":\"en-US\"}]}<\/script>\n<!-- \/ Yoast SEO plugin. -->","yoast_head_json":{"title":"Vippi 3000 \u20ac | Vertaa 3000 euron vipit | Lenders.fi","robots":{"index":"index","follow":"follow","max-snippet":"max-snippet:-1","max-image-preview":"max-image-preview:large","max-video-preview":"max-video-preview:-1"},"canonical":"https:\/\/lenders.fi\/en\/vippi\/3000-e-3\/","og_locale":"en_US","og_type":"article","og_title":"Vippi 3000 \u20ac | Vertaa 3000 euron vipit | Lenders.fi","og_description":"3000 euron vippi nopeasti netist\u00e4 Hae vippi\u00e4 kumppaniemme kautta ja voit saada rahat tilillesi jo t\u00e4n\u00e4\u00e4n. Vippi on helppo tapa hankkia rahaa yll\u00e4tt\u00e4viin menoihin. T\u00e4yt\u00e4 lainahakemus ja saat lainap\u00e4\u00e4t\u00f6ksen minuuteissa. Vertaa 3000\u20ac vipit ja l\u00f6yd\u00e4 edullisin 3000\u20ac vippi voi tulla tarvittavaa kalliimmaksi, jos vippej\u00e4 ei vertaile ennen lainan nostamista. Vippi on onneksi helppoa kilpailuttaa \u2013 [&hellip;]","og_url":"https:\/\/lenders.fi\/en\/vippi\/3000-e-3\/","og_site_name":"Lenders.fi","twitter_card":"summary_large_image","twitter_misc":{"Est. reading time":"2 minutes"},"schema":{"@context":"https:\/\/schema.org","@graph":[{"@type":"WebPage","@id":"https:\/\/lenders.fi\/vippi\/3000-e\/","url":"https:\/\/lenders.fi\/vippi\/3000-e\/","name":"Vippi 3000 \u20ac | Vertaa 3000 euron vipit | Lenders.fi","isPartOf":{"@id":"https:\/\/lenders.fi\/#website"},"datePublished":"2022-09-14T19:10:08+00:00","dateModified":"2022-09-14T19:10:08+00:00","breadcrumb":{"@id":"https:\/\/lenders.fi\/vippi\/3000-e\/#breadcrumb"},"inLanguage":"en-US","potentialAction":[{"@type":"ReadAction","target":["https:\/\/lenders.fi\/vippi\/3000-e\/"]}]},{"@type":"BreadcrumbList","@id":"https:\/\/lenders.fi\/vippi\/3000-e\/#breadcrumb","itemListElement":[{"@type":"ListItem","position":1,"name":"Etusivu","item":"http:\/\/lenders.fi\/en\/"},{"@type":"ListItem","position":2,"name":"Vippi","item":"https:\/\/lenders.fi\/vippi\/"},{"@type":"ListItem","position":3,"name":"3000\u20ac vippi"}]},{"@type":"WebSite","@id":"https:\/\/lenders.fi\/#website","url":"https:\/\/lenders.fi\/","name":"Lenders.fi","description":"Vertaamme lainantarjoajat puolestasi","potentialAction":[{"@type":"SearchAction","target":{"@type":"EntryPoint","urlTemplate":"https:\/\/lenders.fi\/?s={search_term_string}"},"query-input":"required name=search_term_string"}],"inLanguage":"en-US"}]}},"_links":{"self":[{"href":"https:\/\/lenders.fi\/en\/wp-json\/wp\/v2\/pages\/306"}],"collection":[{"href":"https:\/\/lenders.fi\/en\/wp-json\/wp\/v2\/pages"}],"about":[{"href":"https:\/\/lenders.fi\/en\/wp-json\/wp\/v2\/types\/page"}],"author":[{"embeddable":true,"href":"https:\/\/lenders.fi\/en\/wp-json\/wp\/v2\/users\/1"}],"replies":[{"embeddable":true,"href":"https:\/\/lenders.fi\/en\/wp-json\/wp\/v2\/comments?post=306"}],"version-history":[{"count":0,"href":"https:\/\/lenders.fi\/en\/wp-json\/wp\/v2\/pages\/306\/revisions"}],"up":[{"embeddable":true,"href":"https:\/\/lenders.fi\/en\/wp-json\/wp\/v2\/pages\/68"}],"wp:attachment":[{"href":"https:\/\/lenders.fi\/en\/wp-json\/wp\/v2\/media?parent=306"}],"curies":[{"name":"wp","href":"https:\/\/api.w.org\/{rel}","templated":true}]}}