{"id":301,"date":"2022-09-14T19:10:05","date_gmt":"2022-09-14T19:10:05","guid":{"rendered":"http:\/\/lenders.fi\/vippi\/900-e\/"},"modified":"2022-09-14T19:10:05","modified_gmt":"2022-09-14T19:10:05","slug":"900-e","status":"publish","type":"page","link":"https:\/\/lenders.fi\/en\/vippi\/900-e-2\/","title":{"rendered":"900\u20ac vippi"},"content":{"rendered":"<h1>Quick 900 euro voucher online<\/h1>\n<p>Claim your pennies through our partners and get the money in your account today. A voucher is an easy way to get money for unexpected expenses. Fill out a loan application and get a loan decision in minutes.<\/p>\n<h2>Compare 900\u20ac tapes and find the cheapest one<\/h2>\n<p>A \u20ac900 voucher can be more expensive than needed if you don't compare vouchers before taking out a loan. Fortunately, it's easy to compete for a voucher - fill in an application through our partners and you can get several different quotes for a \u20ac900 voucher in just a few minutes.<\/p>\n<p>The cost of a \u20ac900 loan varies from one provider to another, so check the interest rates and charges before you withdraw.<\/p>\n<h2>Who is eligible for a \u20ac900 voucher?<\/h2>\n<p>The \u20ac900 voucher is generally available to Finnish adults with a clean credit history and regular income. Many financial institutions offering the vouchers and loans also require a minimum age of 22 or 23.<\/p>\n<p>Lenders.fi connects those applying for a voucher with those offering a loan. We cannot say for sure who will be eligible for a \u20ac900 voucher - income and other debts, among other factors, will influence the loan decision.<\/p>\n<p>However, you can fill in an application for the \u20ac900 voucher through our partners and see if you qualify for the voucher.<\/p>\n<h2>Will the \u20ac900 voucher be paid immediately into the account?<\/h2>\n<p>For a \u20ac900 voucher, you usually get the money in your account as soon as you have accepted the loan offers. Please note, however, that the vouchers are usually only credited on weekdays between 7am and 11pm.<\/p>\n<h2>Interest and charges on a \u20ac900 loan - examples<\/h2>\n<p>In the table you can find examples of instalments and total costs of a \u20ac900 loan at different payment periods and interest rates. In our example, we have used interest rates of 5%, 10%, and 20%.<\/p>\n<p><i>Note! The figures in the table below are examples, and our partners may not necessarily have the same kind of levers available. The examples are intended to illustrate the impact of different payment periods and interest rates on the instalments and total costs for a \u20ac900 voucher. Always check the interest rates and costs of your voucher with your provider before taking out a voucher. In addition to interest charges, a vip may also include, for example, an opening fee or a monthly account management fee.<\/i><\/p>\n<table>\n<tbody>\n<tr>\n<th>Loan amount<\/th>\n<th>Loan period (years)<\/th>\n<th>Interest rate<\/th>\n<th>Monthly round-up<\/th>\n<th>Total amount<\/th>\n<\/tr>\n<tr>\n<td>900<\/td>\n<td>1<\/td>\n<td>5,00%<\/td>\n<td>77,05 \u20ac<\/td>\n<td>924,56 \u20ac<\/td>\n<\/tr>\n<tr>\n<td>900<\/td>\n<td>2<\/td>\n<td>5,00%<\/td>\n<td>39,48 \u20ac<\/td>\n<td>947,62 \u20ac<\/td>\n<\/tr>\n<tr>\n<td>900<\/td>\n<td>3<\/td>\n<td>5,00%<\/td>\n<td>26,97 \u20ac<\/td>\n<td>971,06 \u20ac<\/td>\n<\/tr>\n<tr>\n<td>900<\/td>\n<td>4<\/td>\n<td>5,00%<\/td>\n<td>20,73 \u20ac<\/td>\n<td>994,87 \u20ac<\/td>\n<\/tr>\n<tr>\n<td>900<\/td>\n<td>5<\/td>\n<td>5,00%<\/td>\n<td>16,98 \u20ac<\/td>\n<td>1\u00a0019,05 \u20ac<\/td>\n<\/tr>\n<tr>\n<td>900<\/td>\n<td>1<\/td>\n<td>10,00%<\/td>\n<td>79,12 \u20ac<\/td>\n<td>949,49 \u20ac<\/td>\n<\/tr>\n<tr>\n<td>900<\/td>\n<td>2<\/td>\n<td>10,00%<\/td>\n<td>41,53 \u20ac<\/td>\n<td>996,73 \u20ac<\/td>\n<\/tr>\n<tr>\n<td>900<\/td>\n<td>2<\/td>\n<td>10,00%<\/td>\n<td>29,04 \u20ac<\/td>\n<td>1\u00a0045,46 \u20ac<\/td>\n<\/tr>\n<tr>\n<td>900<\/td>\n<td>4<\/td>\n<td>10,00%<\/td>\n<td>22,83 \u20ac<\/td>\n<td>1\u00a0095,66 \u20ac<\/td>\n<\/tr>\n<tr>\n<td>900<\/td>\n<td>5<\/td>\n<td>10,00%<\/td>\n<td>19,12 \u20ac<\/td>\n<td>1\u00a0147,34 \u20ac<\/td>\n<\/tr>\n<tr>\n<td>900<\/td>\n<td>1<\/td>\n<td>20,00%<\/td>\n<td>83,37 \u20ac<\/td>\n<td>1\u00a0000,45 \u20ac<\/td>\n<\/tr>\n<tr>\n<td>900<\/td>\n<td>2<\/td>\n<td>20,00%<\/td>\n<td>45,81 \u20ac<\/td>\n<td>1\u00a0099,35 \u20ac<\/td>\n<\/tr>\n<tr>\n<td>900<\/td>\n<td>3<\/td>\n<td>20,00%<\/td>\n<td>33,45 \u20ac<\/td>\n<td>1\u00a0204,10 \u20ac<\/td>\n<\/tr>\n<tr>\n<td>900<\/td>\n<td>4<\/td>\n<td>20,00%<\/td>\n<td>27,39 \u20ac<\/td>\n<td>1\u00a0314,59 \u20ac<\/td>\n<\/tr>\n<tr>\n<td>900<\/td>\n<td>5<\/td>\n<td>20,00%<\/td>\n<td>23,84 \u20ac<\/td>\n<td>1\u00a0430,67 \u20ac<\/td>\n<\/tr>\n<\/tbody>\n<\/table>\n<h2>900\u20ac pennies are known by different names<\/h2>\n<p>Although usually it is actually a consumer credit, the \u20ac900 leverage can be called by many different names: for some it is <a href=\"http:\/\/lenders.fi\/en\/pikavippi\/900-e\/\">900\u20ac quick loan<\/a> or <a href=\"http:\/\/lenders.fi\/en\/pikalaina\/900-e\/\">900\u20ac quick loan<\/a>, another may simply use the term <a href=\"http:\/\/lenders.fi\/en\/laina\/900-e\/\">900\u20ac loan<\/a>. Regardless of the title, the loan offers that are transmitted through our site are mainly related to consumer credit and credit lines - all of them are loans that can be granted by the lender to the borrower without any collateral. In addition, the loans are usually paid back very quickly.<\/p>","protected":false},"excerpt":{"rendered":"<p>Quick \u20ac900 online withdrawal Apply for a withdrawal through our partners and get the money in your account today. A voucher is an easy way to get money for unexpected expenses. Fill in the loan application and get a loan decision in minutes. Compare \u20ac900 tips and find the cheapest \u20ac900 tip can cost more than you need if you don't compare tips before taking out a loan. Fortunately, it's easy to compete for a voucher - [...]<\/p>","protected":false},"author":1,"featured_media":0,"parent":68,"menu_order":0,"comment_status":"open","ping_status":"open","template":"","meta":{"_monsterinsights_skip_tracking":false,"_monsterinsights_sitenote_active":false,"_monsterinsights_sitenote_note":"","_monsterinsights_sitenote_category":0,"footnotes":""},"class_list":["post-301","page","type-page","status-publish","hentry","post-wrapper","thrv_wrapper"],"yoast_head":"<!-- This site is optimized with the Yoast SEO plugin v21.8 - https:\/\/yoast.com\/wordpress\/plugins\/seo\/ -->\n<title>Vippi 900 \u20ac | Vertaa 900 euron vipit | Lenders.fi<\/title>\n<meta name=\"robots\" content=\"index, follow, max-snippet:-1, max-image-preview:large, max-video-preview:-1\" \/>\n<link rel=\"canonical\" href=\"https:\/\/lenders.fi\/en\/vippi\/900-e-2\/\" \/>\n<meta property=\"og:locale\" content=\"en_US\" \/>\n<meta property=\"og:type\" content=\"article\" \/>\n<meta property=\"og:title\" content=\"Vippi 900 \u20ac | Vertaa 900 euron vipit | Lenders.fi\" \/>\n<meta property=\"og:description\" content=\"900 euron vippi nopeasti netist\u00e4 Hae vippi\u00e4 kumppaniemme kautta ja voit saada rahat tilillesi jo t\u00e4n\u00e4\u00e4n. Vippi on helppo tapa hankkia rahaa yll\u00e4tt\u00e4viin menoihin. T\u00e4yt\u00e4 lainahakemus ja saat lainap\u00e4\u00e4t\u00f6ksen minuuteissa. Vertaa 900\u20ac vipit ja l\u00f6yd\u00e4 edullisin 900\u20ac vippi voi tulla tarvittavaa kalliimmaksi, jos vippej\u00e4 ei vertaile ennen lainan nostamista. Vippi on onneksi helppoa kilpailuttaa \u2013 [&hellip;]\" \/>\n<meta property=\"og:url\" content=\"https:\/\/lenders.fi\/en\/vippi\/900-e-2\/\" \/>\n<meta property=\"og:site_name\" content=\"Lenders.fi\" \/>\n<meta name=\"twitter:card\" content=\"summary_large_image\" \/>\n<meta name=\"twitter:label1\" content=\"Est. reading time\" \/>\n\t<meta name=\"twitter:data1\" content=\"2 minutes\" \/>\n<script type=\"application\/ld+json\" class=\"yoast-schema-graph\">{\"@context\":\"https:\/\/schema.org\",\"@graph\":[{\"@type\":\"WebPage\",\"@id\":\"https:\/\/lenders.fi\/vippi\/900-e\/\",\"url\":\"https:\/\/lenders.fi\/vippi\/900-e\/\",\"name\":\"Vippi 900 \u20ac | Vertaa 900 euron vipit | Lenders.fi\",\"isPartOf\":{\"@id\":\"https:\/\/lenders.fi\/#website\"},\"datePublished\":\"2022-09-14T19:10:05+00:00\",\"dateModified\":\"2022-09-14T19:10:05+00:00\",\"breadcrumb\":{\"@id\":\"https:\/\/lenders.fi\/vippi\/900-e\/#breadcrumb\"},\"inLanguage\":\"en-US\",\"potentialAction\":[{\"@type\":\"ReadAction\",\"target\":[\"https:\/\/lenders.fi\/vippi\/900-e\/\"]}]},{\"@type\":\"BreadcrumbList\",\"@id\":\"https:\/\/lenders.fi\/vippi\/900-e\/#breadcrumb\",\"itemListElement\":[{\"@type\":\"ListItem\",\"position\":1,\"name\":\"Etusivu\",\"item\":\"http:\/\/lenders.fi\/en\/\"},{\"@type\":\"ListItem\",\"position\":2,\"name\":\"Vippi\",\"item\":\"https:\/\/lenders.fi\/vippi\/\"},{\"@type\":\"ListItem\",\"position\":3,\"name\":\"900\u20ac vippi\"}]},{\"@type\":\"WebSite\",\"@id\":\"https:\/\/lenders.fi\/#website\",\"url\":\"https:\/\/lenders.fi\/\",\"name\":\"Lenders.fi\",\"description\":\"Vertaamme lainantarjoajat puolestasi\",\"potentialAction\":[{\"@type\":\"SearchAction\",\"target\":{\"@type\":\"EntryPoint\",\"urlTemplate\":\"https:\/\/lenders.fi\/?s={search_term_string}\"},\"query-input\":\"required name=search_term_string\"}],\"inLanguage\":\"en-US\"}]}<\/script>\n<!-- \/ Yoast SEO plugin. -->","yoast_head_json":{"title":"Vippi 900 \u20ac | Vertaa 900 euron vipit | Lenders.fi","robots":{"index":"index","follow":"follow","max-snippet":"max-snippet:-1","max-image-preview":"max-image-preview:large","max-video-preview":"max-video-preview:-1"},"canonical":"https:\/\/lenders.fi\/en\/vippi\/900-e-2\/","og_locale":"en_US","og_type":"article","og_title":"Vippi 900 \u20ac | Vertaa 900 euron vipit | Lenders.fi","og_description":"900 euron vippi nopeasti netist\u00e4 Hae vippi\u00e4 kumppaniemme kautta ja voit saada rahat tilillesi jo t\u00e4n\u00e4\u00e4n. Vippi on helppo tapa hankkia rahaa yll\u00e4tt\u00e4viin menoihin. T\u00e4yt\u00e4 lainahakemus ja saat lainap\u00e4\u00e4t\u00f6ksen minuuteissa. Vertaa 900\u20ac vipit ja l\u00f6yd\u00e4 edullisin 900\u20ac vippi voi tulla tarvittavaa kalliimmaksi, jos vippej\u00e4 ei vertaile ennen lainan nostamista. Vippi on onneksi helppoa kilpailuttaa \u2013 [&hellip;]","og_url":"https:\/\/lenders.fi\/en\/vippi\/900-e-2\/","og_site_name":"Lenders.fi","twitter_card":"summary_large_image","twitter_misc":{"Est. reading time":"2 minutes"},"schema":{"@context":"https:\/\/schema.org","@graph":[{"@type":"WebPage","@id":"https:\/\/lenders.fi\/vippi\/900-e\/","url":"https:\/\/lenders.fi\/vippi\/900-e\/","name":"Vippi 900 \u20ac | Vertaa 900 euron vipit | Lenders.fi","isPartOf":{"@id":"https:\/\/lenders.fi\/#website"},"datePublished":"2022-09-14T19:10:05+00:00","dateModified":"2022-09-14T19:10:05+00:00","breadcrumb":{"@id":"https:\/\/lenders.fi\/vippi\/900-e\/#breadcrumb"},"inLanguage":"en-US","potentialAction":[{"@type":"ReadAction","target":["https:\/\/lenders.fi\/vippi\/900-e\/"]}]},{"@type":"BreadcrumbList","@id":"https:\/\/lenders.fi\/vippi\/900-e\/#breadcrumb","itemListElement":[{"@type":"ListItem","position":1,"name":"Etusivu","item":"http:\/\/lenders.fi\/en\/"},{"@type":"ListItem","position":2,"name":"Vippi","item":"https:\/\/lenders.fi\/vippi\/"},{"@type":"ListItem","position":3,"name":"900\u20ac vippi"}]},{"@type":"WebSite","@id":"https:\/\/lenders.fi\/#website","url":"https:\/\/lenders.fi\/","name":"Lenders.fi","description":"Vertaamme lainantarjoajat puolestasi","potentialAction":[{"@type":"SearchAction","target":{"@type":"EntryPoint","urlTemplate":"https:\/\/lenders.fi\/?s={search_term_string}"},"query-input":"required name=search_term_string"}],"inLanguage":"en-US"}]}},"_links":{"self":[{"href":"https:\/\/lenders.fi\/en\/wp-json\/wp\/v2\/pages\/301"}],"collection":[{"href":"https:\/\/lenders.fi\/en\/wp-json\/wp\/v2\/pages"}],"about":[{"href":"https:\/\/lenders.fi\/en\/wp-json\/wp\/v2\/types\/page"}],"author":[{"embeddable":true,"href":"https:\/\/lenders.fi\/en\/wp-json\/wp\/v2\/users\/1"}],"replies":[{"embeddable":true,"href":"https:\/\/lenders.fi\/en\/wp-json\/wp\/v2\/comments?post=301"}],"version-history":[{"count":0,"href":"https:\/\/lenders.fi\/en\/wp-json\/wp\/v2\/pages\/301\/revisions"}],"up":[{"embeddable":true,"href":"https:\/\/lenders.fi\/en\/wp-json\/wp\/v2\/pages\/68"}],"wp:attachment":[{"href":"https:\/\/lenders.fi\/en\/wp-json\/wp\/v2\/media?parent=301"}],"curies":[{"name":"wp","href":"https:\/\/api.w.org\/{rel}","templated":true}]}}