{"id":3,"date":"2022-09-06T09:39:56","date_gmt":"2022-09-06T09:39:56","guid":{"rendered":"http:\/\/lenders.fi\/?page_id=3"},"modified":"2023-12-14T09:52:56","modified_gmt":"2023-12-14T09:52:56","slug":"tietosuojaseloste","status":"publish","type":"page","link":"https:\/\/lenders.fi\/en\/privacy-policy\/","title":{"rendered":"Register and Privacy Policy"},"content":{"rendered":"<p>Tietosuojaseloste<\/p>\n\n\n\n<p>T\u00e4m\u00e4 tietosuojaseloste kertoo, mink\u00e4 tyyppist\u00e4 tietoa ker\u00e4\u00e4mme verkkosivustomme k\u00e4ytt\u00e4jist\u00e4, kuinka k\u00e4yt\u00e4mme n\u00e4it\u00e4 tietoja ja miten luovutamme niit\u00e4 kolmansille osapuolille. Selosteessa kerrotaan my\u00f6s ev\u00e4stek\u00e4yt\u00e4nn\u00f6ist\u00e4mme verkkosivustollamme ja kolmansien osapuolien sivustoilla. K\u00e4ytt\u00e4m\u00e4ll\u00e4 sivustoamme hyv\u00e4ksyt henkil\u00f6tietojesi k\u00e4sittelyn t\u00e4m\u00e4n selosteen mukaisesti.<\/p>\n\n\n\n<p>Lenders.fi on verkkopalvelu, joka on sitoutunut verkkosivustonsa k\u00e4ytt\u00e4jien yksityisyyden suojaamiseen henkil\u00f6tietolain, s\u00e4hk\u00f6isen viestinn\u00e4n tietosuojalain sek\u00e4 muun soveltuvan lains\u00e4\u00e4d\u00e4nn\u00f6n mukaisesti.<\/p>\n\n\n\n<p>TIETOSUOJASELOSTE Lenders.fi asiakkaiden henkil\u00f6tietojen k\u00e4sittely sek\u00e4 markkinointiin liittyv\u00e4 henkil\u00f6tietojen k\u00e4sittely<\/p>\n\n\n\n<p>TIETOJENK\u00c4SITTELY TIIVISTETTYN\u00c4 Ker\u00e4\u00e4mme henkil\u00f6tietojasi, kun asioit Lenders.fi-verkkopalvelussamme. K\u00e4sittelem\u00e4mme tiedot ovat sellaisia, joita annat lainahakemukselle taikka esimerkiksi uutiskirjeen tilaamisen yhteydess\u00e4 tai joita olemme hankkineet markkinointitarkoituksia varten yhteisty\u00f6kumppaneiltamme. Tietoja k\u00e4ytet\u00e4\u00e4n asiakaspalveluun, asiakasviestint\u00e4\u00e4n ja markkinointimateriaalien l\u00e4hett\u00e4miseen.<\/p>\n\n\n\n<p>KUKA K\u00c4SITTELEE HENKIL\u00d6TIETOJASI? Lenders.fi \/ Helsinki<\/p>\n\n\n\n<p>KENEEN VOIT OLLA YHTEYDESS\u00c4 TIETOSUOJAAN LIITTYVISS\u00c4 KYSYMYKSISS\u00c4? Tietosuojaan liittyviss\u00e4 kysymyksiss\u00e4 voit olla yhteydess\u00e4: <a href=\"mailto:info@lenders.fi\">info@lenders.fi<\/a><\/p>\n\n\n\n<p>MIT\u00c4 HENKIL\u00d6TIETOJA K\u00c4SITTELEMME?<\/p>\n\n\n\n<p>K\u00e4sittelemme sinusta seuraavia asiakassuhteen hoitamiseksi ja markkinointia varten tarvittavia tietoja:<\/p>\n\n\n\n<p>Perustiedot, kuten<\/p>\n\n\n\n<ul class=\"wp-block-list\">\n<li>etu- ja sukunimet<\/li>\n\n\n\n<li>yhteystiedot (s\u00e4hk\u00f6postiosoitteet, postiosoitteet, puhelinnumerot)<\/li>\n\n\n\n<li>ik\u00e4<\/li>\n\n\n\n<li>sukupuoli<\/li>\n\n\n\n<li>kieli<\/li>\n<\/ul>\n\n\n\n<p>Asiakkuuteen liittyv\u00e4t tiedot, kuten<\/p>\n\n\n\n<ul class=\"wp-block-list\">\n<li>asiakkuuden alkup\u00e4iv\u00e4m\u00e4\u00e4r\u00e4<\/li>\n\n\n\n<li>tieto lainahakemuksen tekemisest\u00e4<\/li>\n\n\n\n<li>suostumuksellasi tieto siit\u00e4, hyv\u00e4ksyttiink\u00f6 yhteisty\u00f6kumppanin Oy Salus Group Ab:n palvelun kautta tehty luottohakemus ja tieto hakemuksen laadusta<\/li>\n\n\n\n<li>tarjoamiemme www-verkkopalvelujen k\u00e4ytt\u00e4j\u00e4tunnukset ja salasanat<\/li>\n\n\n\n<li>reklamaatiot, palautteet sek\u00e4 muu asiakkuuteen liittyv\u00e4 yhteydenpito, viestint\u00e4 ja toimenpiteet, mukaan lukien puheluiden taltiot, sinuun kohdistetut markkinointitoimenpiteet, niiden k\u00e4ytt\u00f6 ja niiden yhteydess\u00e4 annetut tiedot sek\u00e4 s\u00e4hk\u00f6isten palveluiden ja sis\u00e4lt\u00f6jen hy\u00f6dynt\u00e4mist\u00e4 koskevat tiedot,<\/li>\n\n\n\n<li>suoramarkkinointiluvat ja kiellot,<\/li>\n\n\n\n<li>selaimesi palvelimellemme l\u00e4hett\u00e4m\u00e4t tekniset tiedot (IP-osoite, selain, selainversio) sek\u00e4 selaimellesi l\u00e4hetettyihin ev\u00e4steisiin liittyv\u00e4t tiedot (esim. milt\u00e4 sivulta olet saapunut palveluumme, mit\u00e4 selainta k\u00e4yt\u00e4t tai milloin ja mit\u00e4 palvelun osiota olet selannut).<\/li>\n<\/ul>\n\n\n\n<p>MIHIN TARKOITUKSIIN K\u00c4SITTELEMME HENKIL\u00d6TIETOJASI? <\/p>\n\n\n\n<p>K\u00e4sittelemme tietojasi haluamiesi palveluiden toimittamiseksi ja asiakkuutta koskevien sopimusten valmistelemiseksi ja t\u00e4yt\u00e4nt\u00f6\u00f6n panemiseksi.<\/p>\n\n\n\n<p>K\u00e4sittelemme tietojasi my\u00f6s asiakassuhteen tai mahdollisen asiakassuhteen synnytt\u00e4m\u00e4n oikeutetun edun perusteella sek\u00e4 lakis\u00e4\u00e4teiseen velvoitteeseen perustuen.<\/p>\n\n\n\n<p>K\u00e4sittelemme henkil\u00f6tietojasi antamasi suostumuksen perusteella, kun pyyd\u00e4mme sinulta markkinointilupaa suoramarkkinoinnin ja uutiskirjeen l\u00e4hett\u00e4miseksi.<\/p>\n\n\n\n<p>MILL\u00c4 PERUSTEELLA K\u00c4SITTELEMME TIETOJASI? K\u00e4sittelemme tietojasi palveluiden toimittamiseksi, asiakassuhteen hoitamiseksi ja lakis\u00e4\u00e4teisiin velvoitteisiin perustuen.<\/p>\n\n\n\n<p>KENELLE LUOVUTAMME HENKIL\u00d6TIETOJASI? <\/p>\n\n\n\n<p>Voimme luovuttaa s\u00e4hk\u00f6postiosoitteesi yhteisty\u00f6kumppanillemme Sambla Group Oy:lle sen selvitt\u00e4miseksi, ottavatko he vastaan lainahakemuksesi.<\/p>\n\n\n\n<p>Tietoja ei luovuteta s\u00e4\u00e4nn\u00f6nmukaisesti muille kolmansille.<\/p>\n\n\n\n<p>Olemme ulkoistaneet henkil\u00f6tietojen k\u00e4sittely\u00e4 seuraaville palveluntarjoajille, jotka k\u00e4sittelev\u00e4t henkil\u00f6tietojasi meid\u00e4n lukuumme:<\/p>\n\n\n\n<ul class=\"wp-block-list\">\n<li>IT-j\u00e4rjestelm\u00e4toimittajille<\/li>\n\n\n\n<li>Internetpalveluihin liittyvien palveluiden toimittajille<\/li>\n\n\n\n<li>Tallennustilapalveluiden toimittajille<\/li>\n\n\n\n<li>Viestint\u00e4palveluiden toimittajille<\/li>\n\n\n\n<li>Analysointipalveluiden toimittajille<\/li>\n<\/ul>\n\n\n\n<p>KUINKA KAUAN S\u00c4ILYT\u00c4MME HENKIL\u00d6TIETOJASI? S\u00e4ilyt\u00e4mme henkil\u00f6tietojasi niin kauan kuin se on tarpeen henkil\u00f6tietojen k\u00e4sittelyn tarkoitusten, palvelun kehitt\u00e4misen kannalta tai lakis\u00e4\u00e4teisten velvoitteiden noudattamiseksi.<\/p>\n\n\n\n<p>MIT\u00c4 OIKEUKSIA SINULLA ON? Sinulla on oikeus saada p\u00e4\u00e4sy tietoihisi, oikaista tietojasi, pyyt\u00e4\u00e4 tietojesi poistamista, rajoittaa k\u00e4sittely\u00e4, siirt\u00e4\u00e4 tietoja j\u00e4rjestelm\u00e4st\u00e4 toiseen ja vastustaa tietojen k\u00e4sittely\u00e4.<\/p>\n\n\n\n<p>OIKEUS TEHD\u00c4 VALITUS VALVONTAVIRANOMAISELLE Sinulla on oikeus tehd\u00e4 valitus tietosuojavaltuutetulle.<\/p>\n\n\n\n<p>MIST\u00c4 SAAMME HENKIL\u00d6TIETOSI? Ker\u00e4\u00e4mme tietojasi p\u00e4\u00e4asiassa sinulta, kun asioit Lenders.fi-verkkosivuillamme.<\/p>\n\n\n\n<p>KUINKA VARMISTAMME TIETOTURVAN HENKIL\u00d6TIETOJEN K\u00c4SITTELYSS\u00c4? K\u00e4sitelt\u00e4v\u00e4t tiedot ovat suojattuja asianmukaisin teknisin keinoin, ja vain valtuutetulla henkil\u00f6st\u00f6ll\u00e4mme on p\u00e4\u00e4sy tietoihin.<\/p>","protected":false},"excerpt":{"rendered":"<p>Tietosuojaseloste T\u00e4m\u00e4 tietosuojaseloste kertoo, mink\u00e4 tyyppist\u00e4 tietoa ker\u00e4\u00e4mme verkkosivustomme k\u00e4ytt\u00e4jist\u00e4, kuinka k\u00e4yt\u00e4mme n\u00e4it\u00e4 tietoja ja miten luovutamme niit\u00e4 kolmansille osapuolille. Selosteessa kerrotaan my\u00f6s ev\u00e4stek\u00e4yt\u00e4nn\u00f6ist\u00e4mme verkkosivustollamme ja kolmansien osapuolien sivustoilla. K\u00e4ytt\u00e4m\u00e4ll\u00e4 sivustoamme hyv\u00e4ksyt henkil\u00f6tietojesi k\u00e4sittelyn t\u00e4m\u00e4n selosteen mukaisesti. Lenders.fi on verkkopalvelu, joka on sitoutunut verkkosivustonsa k\u00e4ytt\u00e4jien yksityisyyden suojaamiseen henkil\u00f6tietolain, s\u00e4hk\u00f6isen viestinn\u00e4n tietosuojalain sek\u00e4 muun soveltuvan lains\u00e4\u00e4d\u00e4nn\u00f6n [&hellip;]<\/p>","protected":false},"author":1,"featured_media":0,"parent":0,"menu_order":0,"comment_status":"closed","ping_status":"open","template":"","meta":{"_monsterinsights_skip_tracking":false,"_monsterinsights_sitenote_active":false,"_monsterinsights_sitenote_note":"","_monsterinsights_sitenote_category":0,"footnotes":""},"class_list":["post-3","page","type-page","status-publish","hentry","post-wrapper","thrv_wrapper"],"yoast_head":"<!-- This site is optimized with the Yoast SEO plugin v21.8 - https:\/\/yoast.com\/wordpress\/plugins\/seo\/ -->\n<title>Rekisteri- ja tietosuojaseloste - Lenders.fi<\/title>\n<meta name=\"robots\" content=\"noindex, nofollow\" \/>\n<meta property=\"og:locale\" content=\"en_US\" \/>\n<meta property=\"og:type\" content=\"article\" \/>\n<meta property=\"og:title\" content=\"Rekisteri- ja tietosuojaseloste - Lenders.fi\" \/>\n<meta property=\"og:description\" content=\"Tietosuojaseloste T\u00e4m\u00e4 tietosuojaseloste kertoo, mink\u00e4 tyyppist\u00e4 tietoa ker\u00e4\u00e4mme verkkosivustomme k\u00e4ytt\u00e4jist\u00e4, kuinka k\u00e4yt\u00e4mme n\u00e4it\u00e4 tietoja ja miten luovutamme niit\u00e4 kolmansille osapuolille. Selosteessa kerrotaan my\u00f6s ev\u00e4stek\u00e4yt\u00e4nn\u00f6ist\u00e4mme verkkosivustollamme ja kolmansien osapuolien sivustoilla. K\u00e4ytt\u00e4m\u00e4ll\u00e4 sivustoamme hyv\u00e4ksyt henkil\u00f6tietojesi k\u00e4sittelyn t\u00e4m\u00e4n selosteen mukaisesti. Lenders.fi on verkkopalvelu, joka on sitoutunut verkkosivustonsa k\u00e4ytt\u00e4jien yksityisyyden suojaamiseen henkil\u00f6tietolain, s\u00e4hk\u00f6isen viestinn\u00e4n tietosuojalain sek\u00e4 muun soveltuvan lains\u00e4\u00e4d\u00e4nn\u00f6n [&hellip;]\" \/>\n<meta property=\"og:url\" content=\"https:\/\/lenders.fi\/en\/privacy-policy\/\" \/>\n<meta property=\"og:site_name\" content=\"Lenders.fi\" \/>\n<meta property=\"article:modified_time\" content=\"2023-12-14T09:52:56+00:00\" \/>\n<meta name=\"twitter:card\" content=\"summary_large_image\" \/>\n<meta name=\"twitter:label1\" content=\"Est. reading time\" \/>\n\t<meta name=\"twitter:data1\" content=\"3 minutes\" \/>\n<script type=\"application\/ld+json\" class=\"yoast-schema-graph\">{\"@context\":\"https:\/\/schema.org\",\"@graph\":[{\"@type\":\"WebPage\",\"@id\":\"https:\/\/lenders.fi\/tietosuojaseloste\/\",\"url\":\"https:\/\/lenders.fi\/tietosuojaseloste\/\",\"name\":\"Rekisteri- ja tietosuojaseloste - Lenders.fi\",\"isPartOf\":{\"@id\":\"https:\/\/lenders.fi\/#website\"},\"datePublished\":\"2022-09-06T09:39:56+00:00\",\"dateModified\":\"2023-12-14T09:52:56+00:00\",\"breadcrumb\":{\"@id\":\"https:\/\/lenders.fi\/tietosuojaseloste\/#breadcrumb\"},\"inLanguage\":\"en-US\",\"potentialAction\":[{\"@type\":\"ReadAction\",\"target\":[\"https:\/\/lenders.fi\/tietosuojaseloste\/\"]}]},{\"@type\":\"BreadcrumbList\",\"@id\":\"https:\/\/lenders.fi\/tietosuojaseloste\/#breadcrumb\",\"itemListElement\":[{\"@type\":\"ListItem\",\"position\":1,\"name\":\"Etusivu\",\"item\":\"http:\/\/lenders.fi\/en\/\"},{\"@type\":\"ListItem\",\"position\":2,\"name\":\"Rekisteri- ja tietosuojaseloste\"}]},{\"@type\":\"WebSite\",\"@id\":\"https:\/\/lenders.fi\/#website\",\"url\":\"https:\/\/lenders.fi\/\",\"name\":\"Lenders.fi\",\"description\":\"Vertaamme lainantarjoajat puolestasi\",\"potentialAction\":[{\"@type\":\"SearchAction\",\"target\":{\"@type\":\"EntryPoint\",\"urlTemplate\":\"https:\/\/lenders.fi\/?s={search_term_string}\"},\"query-input\":\"required name=search_term_string\"}],\"inLanguage\":\"en-US\"}]}<\/script>\n<!-- \/ Yoast SEO plugin. -->","yoast_head_json":{"title":"Rekisteri- ja tietosuojaseloste - Lenders.fi","robots":{"index":"noindex","follow":"nofollow"},"og_locale":"en_US","og_type":"article","og_title":"Rekisteri- ja tietosuojaseloste - Lenders.fi","og_description":"Tietosuojaseloste T\u00e4m\u00e4 tietosuojaseloste kertoo, mink\u00e4 tyyppist\u00e4 tietoa ker\u00e4\u00e4mme verkkosivustomme k\u00e4ytt\u00e4jist\u00e4, kuinka k\u00e4yt\u00e4mme n\u00e4it\u00e4 tietoja ja miten luovutamme niit\u00e4 kolmansille osapuolille. Selosteessa kerrotaan my\u00f6s ev\u00e4stek\u00e4yt\u00e4nn\u00f6ist\u00e4mme verkkosivustollamme ja kolmansien osapuolien sivustoilla. K\u00e4ytt\u00e4m\u00e4ll\u00e4 sivustoamme hyv\u00e4ksyt henkil\u00f6tietojesi k\u00e4sittelyn t\u00e4m\u00e4n selosteen mukaisesti. Lenders.fi on verkkopalvelu, joka on sitoutunut verkkosivustonsa k\u00e4ytt\u00e4jien yksityisyyden suojaamiseen henkil\u00f6tietolain, s\u00e4hk\u00f6isen viestinn\u00e4n tietosuojalain sek\u00e4 muun soveltuvan lains\u00e4\u00e4d\u00e4nn\u00f6n [&hellip;]","og_url":"https:\/\/lenders.fi\/en\/privacy-policy\/","og_site_name":"Lenders.fi","article_modified_time":"2023-12-14T09:52:56+00:00","twitter_card":"summary_large_image","twitter_misc":{"Est. reading time":"3 minutes"},"schema":{"@context":"https:\/\/schema.org","@graph":[{"@type":"WebPage","@id":"https:\/\/lenders.fi\/tietosuojaseloste\/","url":"https:\/\/lenders.fi\/tietosuojaseloste\/","name":"Rekisteri- ja tietosuojaseloste - Lenders.fi","isPartOf":{"@id":"https:\/\/lenders.fi\/#website"},"datePublished":"2022-09-06T09:39:56+00:00","dateModified":"2023-12-14T09:52:56+00:00","breadcrumb":{"@id":"https:\/\/lenders.fi\/tietosuojaseloste\/#breadcrumb"},"inLanguage":"en-US","potentialAction":[{"@type":"ReadAction","target":["https:\/\/lenders.fi\/tietosuojaseloste\/"]}]},{"@type":"BreadcrumbList","@id":"https:\/\/lenders.fi\/tietosuojaseloste\/#breadcrumb","itemListElement":[{"@type":"ListItem","position":1,"name":"Etusivu","item":"http:\/\/lenders.fi\/en\/"},{"@type":"ListItem","position":2,"name":"Rekisteri- ja tietosuojaseloste"}]},{"@type":"WebSite","@id":"https:\/\/lenders.fi\/#website","url":"https:\/\/lenders.fi\/","name":"Lenders.fi","description":"Vertaamme lainantarjoajat puolestasi","potentialAction":[{"@type":"SearchAction","target":{"@type":"EntryPoint","urlTemplate":"https:\/\/lenders.fi\/?s={search_term_string}"},"query-input":"required name=search_term_string"}],"inLanguage":"en-US"}]}},"_links":{"self":[{"href":"https:\/\/lenders.fi\/en\/wp-json\/wp\/v2\/pages\/3"}],"collection":[{"href":"https:\/\/lenders.fi\/en\/wp-json\/wp\/v2\/pages"}],"about":[{"href":"https:\/\/lenders.fi\/en\/wp-json\/wp\/v2\/types\/page"}],"author":[{"embeddable":true,"href":"https:\/\/lenders.fi\/en\/wp-json\/wp\/v2\/users\/1"}],"replies":[{"embeddable":true,"href":"https:\/\/lenders.fi\/en\/wp-json\/wp\/v2\/comments?post=3"}],"version-history":[{"count":4,"href":"https:\/\/lenders.fi\/en\/wp-json\/wp\/v2\/pages\/3\/revisions"}],"predecessor-version":[{"id":735,"href":"https:\/\/lenders.fi\/en\/wp-json\/wp\/v2\/pages\/3\/revisions\/735"}],"wp:attachment":[{"href":"https:\/\/lenders.fi\/en\/wp-json\/wp\/v2\/media?parent=3"}],"curies":[{"name":"wp","href":"https:\/\/api.w.org\/{rel}","templated":true}]}}