{"id":193,"date":"2022-09-14T14:37:32","date_gmt":"2022-09-14T14:37:32","guid":{"rendered":"http:\/\/lenders.fi\/70000-e\/"},"modified":"2022-09-14T14:37:34","modified_gmt":"2022-09-14T14:37:34","slug":"70000-e","status":"publish","type":"page","link":"https:\/\/lenders.fi\/en\/loan\/70000-e-2\/","title":{"rendered":"Borrow \u20ac70,000"},"content":{"rendered":"<h1>70000\u20ac loan instantly on your account - apply for a loan in minutes<\/h1>\n<p>Through our website partners you can get <a href=\"https:\/\/lenders.fi\/en\/loan\/\">Quoted from<\/a> \u20ac70,000 fast - even in minutes. It only takes a moment to complete the application and you can usually get a loan decision on your \u20ac70000 loan instantly.<\/p>\n<h2>Loan 70000 \u20ac effortlessly<\/h2>\n<p>Sometimes life takes you by surprise, and the need for a \u20ac70,000 loan comes unexpectedly and unpredictably. Fortunately, applying for a loan and getting a loan decision for a \u20ac70000 loan is quick and easy these days.<\/p>\n<h2>Always check the interest rates and charges before taking out a \u20ac70,000 loan<\/h2>\n<p>For a \u20ac70,000 loan, it's always worth competing - i.e. comparing the interest rates and charges of different lenders before you take out a loan. This way you get the best loan for you and don't end up paying for nothing.<\/p>\n<h2>Can I get a \u20ac70,000 loan?<\/h2>\n<p>Lenders.fi is a service that connects different loan providers and loan seekers. We do not grant loans ourselves or make decisions about granting loans, so we cannot say for sure whether you will be able to get a \u20ac70,000 loan.<\/p>\n<p>You can easily find out your situation by applying for a loan. There is no cost to apply for a loan and you are not yet bound to anything. The criteria for a \u20ac70,000 loan vary between banks and loan providers.<\/p>\n<h2>How fast can I get \u20ac70,000 in my account?<\/h2>\n<p>When you apply for a loan, you can even get \u20ac70,000 in your account immediately. With the fastest loan providers, you can get a loan decision immediately, which also means that the loan will be paid into your account immediately after the loan offer is approved.<\/p>\n<h2>Do I need to add annexes for a \u20ac70,000 loan application?<\/h2>\n<p>The need for annexes varies from one lender to another. Lenders want to be sure of your ability to pay, so attachments - such as salary slips and tax returns - may be requested when you apply for a loan.<\/p>\n<h2>Interest and charges on a \u20ac70,000 loan - examples<\/h2>\n<p>In the table below you will find examples of the instalments and total costs of a \u20ac70,000 loan with different payment periods and interest rates. In our example we have used interest rates of 5%, 10%, and 20%.<\/p>\n<p><i>Note! The figures in the table are examples and our partners do not necessarily offer loans similar to the example. The purpose of the table is to illustrate the impact of different repayment periods and interest rates on the instalments and total cost of a loan of \u20ac70,000. Always check the interest rates and costs of your loan with your loan provider before taking out a loan. In addition to interest charges, the loan may also include an opening fee or a monthly account management fee, for example.<\/i><\/p>\n<table>\n<tbody>\n<tr>\n<th>Loan amount<\/th>\n<th>Loan period (years)<\/th>\n<th>Interest rate<\/th>\n<th>Monthly round-up<\/th>\n<th>Total amount<\/th>\n<\/tr>\n<tr>\n<td>70000<\/td>\n<td>1<\/td>\n<td>5,00%<\/td>\n<td>5\u00a0992,52 \u20ac<\/td>\n<td>71\u00a0910,28 \u20ac<\/td>\n<\/tr>\n<tr>\n<td>70000<\/td>\n<td>2<\/td>\n<td>5,00%<\/td>\n<td>3\u00a0071,00 \u20ac<\/td>\n<td>73\u00a0703,93 \u20ac<\/td>\n<\/tr>\n<tr>\n<td>70000<\/td>\n<td>3<\/td>\n<td>5,00%<\/td>\n<td>2\u00a0097,96 \u20ac<\/td>\n<td>75\u00a0526,66 \u20ac<\/td>\n<\/tr>\n<tr>\n<td>70000<\/td>\n<td>4<\/td>\n<td>5,00%<\/td>\n<td>1\u00a0612,05 \u20ac<\/td>\n<td>77\u00a0378,43 \u20ac<\/td>\n<\/tr>\n<tr>\n<td>70000<\/td>\n<td>5<\/td>\n<td>5,00%<\/td>\n<td>1\u00a0320,99 \u20ac<\/td>\n<td>79\u00a0259,18 \u20ac<\/td>\n<\/tr>\n<tr>\n<td>70000<\/td>\n<td>1<\/td>\n<td>10,00%<\/td>\n<td>6\u00a0154,11 \u20ac<\/td>\n<td>73\u00a0849,35 \u20ac<\/td>\n<\/tr>\n<tr>\n<td>70000<\/td>\n<td>2<\/td>\n<td>10,00%<\/td>\n<td>3\u00a0230,14 \u20ac<\/td>\n<td>77\u00a0523,48 \u20ac<\/td>\n<\/tr>\n<tr>\n<td>70000<\/td>\n<td>2<\/td>\n<td>10,00%<\/td>\n<td>2\u00a0258,70 \u20ac<\/td>\n<td>81\u00a0313,31 \u20ac<\/td>\n<\/tr>\n<tr>\n<td>70000<\/td>\n<td>4<\/td>\n<td>10,00%<\/td>\n<td>1\u00a0775,38 \u20ac<\/td>\n<td>85\u00a0218,28 \u20ac<\/td>\n<\/tr>\n<tr>\n<td>70000<\/td>\n<td>5<\/td>\n<td>10,00%<\/td>\n<td>1\u00a0487,29 \u20ac<\/td>\n<td>89\u00a0237,59 \u20ac<\/td>\n<\/tr>\n<tr>\n<td>70000<\/td>\n<td>1<\/td>\n<td>20,00%<\/td>\n<td>6\u00a0484,42 \u20ac<\/td>\n<td>77\u00a0812,98 \u20ac<\/td>\n<\/tr>\n<tr>\n<td>70000<\/td>\n<td>2<\/td>\n<td>20,00%<\/td>\n<td>3\u00a0562,71 \u20ac<\/td>\n<td>85\u00a0504,95 \u20ac<\/td>\n<\/tr>\n<tr>\n<td>70000<\/td>\n<td>3<\/td>\n<td>20,00%<\/td>\n<td>2\u00a0601,45 \u20ac<\/td>\n<td>93\u00a0652,23 \u20ac<\/td>\n<\/tr>\n<tr>\n<td>70000<\/td>\n<td>4<\/td>\n<td>20,00%<\/td>\n<td>2\u00a0130,13 \u20ac<\/td>\n<td>102\u00a0246,02 \u20ac<\/td>\n<\/tr>\n<tr>\n<td>70000<\/td>\n<td>5<\/td>\n<td>20,00%<\/td>\n<td>1\u00a0854,57 \u20ac<\/td>\n<td>111\u00a0274,31 \u20ac<\/td>\n<\/tr>\n<\/tbody>\n<\/table>\n<h2>The \u20ac70,000 unsecured loan goes by many different names<\/h2>\n<p>Although it is usually a consumer loan, a \u20ac70,000 loan can be called by many different names: for some it is a <a href=\"http:\/\/lenders.fi\/en\/pikavippi\/70000-e\/\">70000\u20ac quick loan<\/a> or just <a href=\"http:\/\/lenders.fi\/en\/vippi\/70000-e\/\">70000\u20ac vippi<\/a>, another may use the term <a href=\"http:\/\/lenders.fi\/en\/pikalaina\/70000-e\/\">70000\u20ac quick loan<\/a>. Regardless of the title, the loan offers that are transmitted through our site are mainly related to consumer credit and credit lines - all of them are loans that can be granted by the lender to the borrower without any collateral. In addition, the loans are usually paid back very quickly.<\/p>","protected":false},"excerpt":{"rendered":"<p>Get a \u20ac70,000 loan instantly - get a loan in minutes Through our partners on our website, you can get a \u20ac70,000 loan quickly - even in minutes. It only takes a moment to fill in the application form and you can usually get a loan decision for your \u20ac70000 loan instantly. Loan \u20ac70000 effortlessly Sometimes life takes you by surprise and the need for a \u20ac70000 loan comes unexpectedly and unpredictably. Applying for a loan and getting a loan decision for \u20ac70000 [...]<\/p>","protected":false},"author":1,"featured_media":0,"parent":66,"menu_order":0,"comment_status":"open","ping_status":"open","template":"","meta":{"_monsterinsights_skip_tracking":false,"_monsterinsights_sitenote_active":false,"_monsterinsights_sitenote_note":"","_monsterinsights_sitenote_category":0,"footnotes":""},"class_list":["post-193","page","type-page","status-publish","hentry","post-wrapper","thrv_wrapper"],"yoast_head":"<!-- This site is optimized with the Yoast SEO plugin v21.8 - https:\/\/yoast.com\/wordpress\/plugins\/seo\/ -->\n<title>70000 euroa lainaa heti tilille | Vertaa 70000\u20ac lainat | Lenders.fi<\/title>\n<meta name=\"robots\" content=\"index, follow, max-snippet:-1, max-image-preview:large, max-video-preview:-1\" \/>\n<link rel=\"canonical\" href=\"https:\/\/lenders.fi\/en\/loan\/70000-e-2\/\" \/>\n<meta property=\"og:locale\" content=\"en_US\" \/>\n<meta property=\"og:type\" content=\"article\" \/>\n<meta property=\"og:title\" content=\"70000 euroa lainaa heti tilille | Vertaa 70000\u20ac lainat | Lenders.fi\" \/>\n<meta property=\"og:description\" content=\"70000\u20ac laina heti tilille \u2013 hae lainaa minuutissa Sivustomme yhteisty\u00f6kumppanien kautta voit saada lainaa 70000 euroa nopeasti \u2013 jopa muutamassa minuutissa. Hakemuksen t\u00e4ytt\u00e4minen vie aikaa vain hetken, ja saat lainap\u00e4\u00e4t\u00f6ksen 70000\u20ac lainalle yleens\u00e4 heti. Lainaa 70000 \u20ac vaivattomasti Joskus el\u00e4m\u00e4 yll\u00e4tt\u00e4\u00e4, ja tarve 70000\u20ac lainalle tulee yll\u00e4tt\u00e4en ja arvaamatta. Lainan hakeminen ja lainap\u00e4\u00e4t\u00f6ksen saaminen 70000\u20ac [&hellip;]\" \/>\n<meta property=\"og:url\" content=\"https:\/\/lenders.fi\/en\/loan\/70000-e-2\/\" \/>\n<meta property=\"og:site_name\" content=\"Lenders.fi\" \/>\n<meta property=\"article:modified_time\" content=\"2022-09-14T14:37:34+00:00\" \/>\n<meta name=\"twitter:card\" content=\"summary_large_image\" \/>\n<meta name=\"twitter:label1\" content=\"Est. reading time\" \/>\n\t<meta name=\"twitter:data1\" content=\"2 minutes\" \/>\n<script type=\"application\/ld+json\" class=\"yoast-schema-graph\">{\"@context\":\"https:\/\/schema.org\",\"@graph\":[{\"@type\":\"WebPage\",\"@id\":\"https:\/\/lenders.fi\/lainaa\/70000-e\/\",\"url\":\"https:\/\/lenders.fi\/lainaa\/70000-e\/\",\"name\":\"70000 euroa lainaa heti tilille | Vertaa 70000\u20ac lainat | Lenders.fi\",\"isPartOf\":{\"@id\":\"https:\/\/lenders.fi\/#website\"},\"datePublished\":\"2022-09-14T14:37:32+00:00\",\"dateModified\":\"2022-09-14T14:37:34+00:00\",\"breadcrumb\":{\"@id\":\"https:\/\/lenders.fi\/lainaa\/70000-e\/#breadcrumb\"},\"inLanguage\":\"en-US\",\"potentialAction\":[{\"@type\":\"ReadAction\",\"target\":[\"https:\/\/lenders.fi\/lainaa\/70000-e\/\"]}]},{\"@type\":\"BreadcrumbList\",\"@id\":\"https:\/\/lenders.fi\/lainaa\/70000-e\/#breadcrumb\",\"itemListElement\":[{\"@type\":\"ListItem\",\"position\":1,\"name\":\"Etusivu\",\"item\":\"http:\/\/lenders.fi\/en\/\"},{\"@type\":\"ListItem\",\"position\":2,\"name\":\"Lainaa\",\"item\":\"https:\/\/lenders.fi\/lainaa\/\"},{\"@type\":\"ListItem\",\"position\":3,\"name\":\"Lainaa 70000 euroa\"}]},{\"@type\":\"WebSite\",\"@id\":\"https:\/\/lenders.fi\/#website\",\"url\":\"https:\/\/lenders.fi\/\",\"name\":\"Lenders.fi\",\"description\":\"Vertaamme lainantarjoajat puolestasi\",\"potentialAction\":[{\"@type\":\"SearchAction\",\"target\":{\"@type\":\"EntryPoint\",\"urlTemplate\":\"https:\/\/lenders.fi\/?s={search_term_string}\"},\"query-input\":\"required name=search_term_string\"}],\"inLanguage\":\"en-US\"}]}<\/script>\n<!-- \/ Yoast SEO plugin. -->","yoast_head_json":{"title":"70000 euroa lainaa heti tilille | Vertaa 70000\u20ac lainat | Lenders.fi","robots":{"index":"index","follow":"follow","max-snippet":"max-snippet:-1","max-image-preview":"max-image-preview:large","max-video-preview":"max-video-preview:-1"},"canonical":"https:\/\/lenders.fi\/en\/loan\/70000-e-2\/","og_locale":"en_US","og_type":"article","og_title":"70000 euroa lainaa heti tilille | Vertaa 70000\u20ac lainat | Lenders.fi","og_description":"70000\u20ac laina heti tilille \u2013 hae lainaa minuutissa Sivustomme yhteisty\u00f6kumppanien kautta voit saada lainaa 70000 euroa nopeasti \u2013 jopa muutamassa minuutissa. Hakemuksen t\u00e4ytt\u00e4minen vie aikaa vain hetken, ja saat lainap\u00e4\u00e4t\u00f6ksen 70000\u20ac lainalle yleens\u00e4 heti. Lainaa 70000 \u20ac vaivattomasti Joskus el\u00e4m\u00e4 yll\u00e4tt\u00e4\u00e4, ja tarve 70000\u20ac lainalle tulee yll\u00e4tt\u00e4en ja arvaamatta. Lainan hakeminen ja lainap\u00e4\u00e4t\u00f6ksen saaminen 70000\u20ac [&hellip;]","og_url":"https:\/\/lenders.fi\/en\/loan\/70000-e-2\/","og_site_name":"Lenders.fi","article_modified_time":"2022-09-14T14:37:34+00:00","twitter_card":"summary_large_image","twitter_misc":{"Est. reading time":"2 minutes"},"schema":{"@context":"https:\/\/schema.org","@graph":[{"@type":"WebPage","@id":"https:\/\/lenders.fi\/lainaa\/70000-e\/","url":"https:\/\/lenders.fi\/lainaa\/70000-e\/","name":"70000 euroa lainaa heti tilille | Vertaa 70000\u20ac lainat | Lenders.fi","isPartOf":{"@id":"https:\/\/lenders.fi\/#website"},"datePublished":"2022-09-14T14:37:32+00:00","dateModified":"2022-09-14T14:37:34+00:00","breadcrumb":{"@id":"https:\/\/lenders.fi\/lainaa\/70000-e\/#breadcrumb"},"inLanguage":"en-US","potentialAction":[{"@type":"ReadAction","target":["https:\/\/lenders.fi\/lainaa\/70000-e\/"]}]},{"@type":"BreadcrumbList","@id":"https:\/\/lenders.fi\/lainaa\/70000-e\/#breadcrumb","itemListElement":[{"@type":"ListItem","position":1,"name":"Etusivu","item":"http:\/\/lenders.fi\/en\/"},{"@type":"ListItem","position":2,"name":"Lainaa","item":"https:\/\/lenders.fi\/lainaa\/"},{"@type":"ListItem","position":3,"name":"Lainaa 70000 euroa"}]},{"@type":"WebSite","@id":"https:\/\/lenders.fi\/#website","url":"https:\/\/lenders.fi\/","name":"Lenders.fi","description":"Vertaamme lainantarjoajat puolestasi","potentialAction":[{"@type":"SearchAction","target":{"@type":"EntryPoint","urlTemplate":"https:\/\/lenders.fi\/?s={search_term_string}"},"query-input":"required name=search_term_string"}],"inLanguage":"en-US"}]}},"_links":{"self":[{"href":"https:\/\/lenders.fi\/en\/wp-json\/wp\/v2\/pages\/193"}],"collection":[{"href":"https:\/\/lenders.fi\/en\/wp-json\/wp\/v2\/pages"}],"about":[{"href":"https:\/\/lenders.fi\/en\/wp-json\/wp\/v2\/types\/page"}],"author":[{"embeddable":true,"href":"https:\/\/lenders.fi\/en\/wp-json\/wp\/v2\/users\/1"}],"replies":[{"embeddable":true,"href":"https:\/\/lenders.fi\/en\/wp-json\/wp\/v2\/comments?post=193"}],"version-history":[{"count":1,"href":"https:\/\/lenders.fi\/en\/wp-json\/wp\/v2\/pages\/193\/revisions"}],"predecessor-version":[{"id":283,"href":"https:\/\/lenders.fi\/en\/wp-json\/wp\/v2\/pages\/193\/revisions\/283"}],"up":[{"embeddable":true,"href":"https:\/\/lenders.fi\/en\/wp-json\/wp\/v2\/pages\/66"}],"wp:attachment":[{"href":"https:\/\/lenders.fi\/en\/wp-json\/wp\/v2\/media?parent=193"}],"curies":[{"name":"wp","href":"https:\/\/api.w.org\/{rel}","templated":true}]}}