{"id":169,"date":"2022-09-14T14:37:28","date_gmt":"2022-09-14T14:37:28","guid":{"rendered":"http:\/\/lenders.fi\/30000-e\/"},"modified":"2022-09-14T14:37:29","modified_gmt":"2022-09-14T14:37:29","slug":"30000-e","status":"publish","type":"page","link":"https:\/\/lenders.fi\/en\/loan\/30000-e\/","title":{"rendered":"Borrow \u20ac30,000"},"content":{"rendered":"<h1>30000\u20ac loan instantly on your account - apply for a loan in minutes<\/h1>\n<p>Through our website partners you can get <a href=\"https:\/\/lenders.fi\/en\/loan\/\">Quoted from<\/a> \u20ac30,000 fast - even in minutes. It only takes a moment to complete the application and you can usually get a loan decision for your \u20ac30,000 loan instantly.<\/p>\n<h2>Borrow 30000 \u20ac effortlessly<\/h2>\n<p>Sometimes life takes you by surprise, and the need for a \u20ac30,000 loan comes unexpectedly and unpredictably. Fortunately, applying for a loan and getting a loan decision for a \u20ac30,000 loan is quick and easy these days.<\/p>\n<h2>Always check the interest rates and charges before taking out a \u20ac30,000 loan<\/h2>\n<p>For a \u20ac30,000 loan, it's always worth competing - i.e. comparing the interest rates and charges of different lenders before taking out a loan. This way you get the best loan for you and don't end up paying for nothing.<\/p>\n<h2>Can I get a \u20ac30,000 loan?<\/h2>\n<p>Lenders.fi is a service that connects different loan providers and loan seekers. We do not grant loans ourselves or make decisions about granting loans, so we cannot say for sure whether you will be able to get a \u20ac30,000 loan.<\/p>\n<p>You can easily find out your situation by applying for a loan. There is no cost to apply for a loan and you are not yet bound to anything. The criteria for a \u20ac30,000 loan vary between banks and loan providers.<\/p>\n<h2>How quickly can I get \u20ac30,000 in my account?<\/h2>\n<p>When you apply for a loan, you can even get \u20ac30,000 in your account immediately. With the fastest loan providers, you can get a loan decision immediately, which also means that the loan will be paid into your account immediately after the loan offer is approved.<\/p>\n<h2>Do I need to add attachments for a \u20ac30,000 loan application?<\/h2>\n<p>The need for annexes varies from one lender to another. Lenders want to be sure of your ability to pay, so attachments - such as salary slips and tax returns - may be requested when you apply for a loan.<\/p>\n<h2>Interest and charges on a \u20ac30,000 loan - examples<\/h2>\n<p>In the table below you will find examples of the instalments and total costs of a \u20ac30,000 loan with different payment periods and interest rates. In our example we have used interest rates of 5%, 10%, and 20%.<\/p>\n<p><i>Note! The figures in the table are examples and our partners do not necessarily offer loans similar to the example. The purpose of the table is to illustrate the impact of different repayment periods and interest rates on the instalments and total cost of a loan of \u20ac30,000. Always check the interest rates and costs of your loan with your loan provider before taking out a loan. In addition to the interest charges, the loan may also include, for example, an opening fee or a monthly account management fee.<\/i><\/p>\n<table>\n<tbody>\n<tr>\n<th>Loan amount<\/th>\n<th>Loan period (years)<\/th>\n<th>Interest rate<\/th>\n<th>Monthly round-up<\/th>\n<th>Total amount<\/th>\n<\/tr>\n<tr>\n<td>30000<\/td>\n<td>1<\/td>\n<td>5,00%<\/td>\n<td>2\u00a0568,22 \u20ac<\/td>\n<td>30\u00a0818,69 \u20ac<\/td>\n<\/tr>\n<tr>\n<td>30000<\/td>\n<td>2<\/td>\n<td>5,00%<\/td>\n<td>1\u00a0316,14 \u20ac<\/td>\n<td>31\u00a0587,40 \u20ac<\/td>\n<\/tr>\n<tr>\n<td>30000<\/td>\n<td>3<\/td>\n<td>5,00%<\/td>\n<td>899,13 \u20ac<\/td>\n<td>32\u00a0368,57 \u20ac<\/td>\n<\/tr>\n<tr>\n<td>30000<\/td>\n<td>4<\/td>\n<td>5,00%<\/td>\n<td>690,88 \u20ac<\/td>\n<td>33\u00a0162,18 \u20ac<\/td>\n<\/tr>\n<tr>\n<td>30000<\/td>\n<td>5<\/td>\n<td>5,00%<\/td>\n<td>566,14 \u20ac<\/td>\n<td>33\u00a0968,22 \u20ac<\/td>\n<\/tr>\n<tr>\n<td>30000<\/td>\n<td>1<\/td>\n<td>10,00%<\/td>\n<td>2\u00a0637,48 \u20ac<\/td>\n<td>31\u00a0649,72 \u20ac<\/td>\n<\/tr>\n<tr>\n<td>30000<\/td>\n<td>2<\/td>\n<td>10,00%<\/td>\n<td>1\u00a0384,35 \u20ac<\/td>\n<td>33\u00a0224,35 \u20ac<\/td>\n<\/tr>\n<tr>\n<td>30000<\/td>\n<td>2<\/td>\n<td>10,00%<\/td>\n<td>968,02 \u20ac<\/td>\n<td>34\u00a0848,56 \u20ac<\/td>\n<\/tr>\n<tr>\n<td>30000<\/td>\n<td>4<\/td>\n<td>10,00%<\/td>\n<td>760,88 \u20ac<\/td>\n<td>36\u00a0522,12 \u20ac<\/td>\n<\/tr>\n<tr>\n<td>30000<\/td>\n<td>5<\/td>\n<td>10,00%<\/td>\n<td>637,41 \u20ac<\/td>\n<td>38\u00a0244,68 \u20ac<\/td>\n<\/tr>\n<tr>\n<td>30000<\/td>\n<td>1<\/td>\n<td>20,00%<\/td>\n<td>2\u00a0779,04 \u20ac<\/td>\n<td>33\u00a0348,42 \u20ac<\/td>\n<\/tr>\n<tr>\n<td>30000<\/td>\n<td>2<\/td>\n<td>20,00%<\/td>\n<td>1\u00a0526,87 \u20ac<\/td>\n<td>36\u00a0644,98 \u20ac<\/td>\n<\/tr>\n<tr>\n<td>30000<\/td>\n<td>3<\/td>\n<td>20,00%<\/td>\n<td>1\u00a0114,91 \u20ac<\/td>\n<td>40\u00a0136,67 \u20ac<\/td>\n<\/tr>\n<tr>\n<td>30000<\/td>\n<td>4<\/td>\n<td>20,00%<\/td>\n<td>912,91 \u20ac<\/td>\n<td>43\u00a0819,72 \u20ac<\/td>\n<\/tr>\n<tr>\n<td>30000<\/td>\n<td>5<\/td>\n<td>20,00%<\/td>\n<td>794,82 \u20ac<\/td>\n<td>47\u00a0688,99 \u20ac<\/td>\n<\/tr>\n<\/tbody>\n<\/table>\n<h2>The \u20ac30,000 unsecured loan goes by many different names<\/h2>\n<p>Although it is usually a consumer loan, a \u20ac30,000 loan can be called by many different names: for some, it is a <a href=\"http:\/\/lenders.fi\/en\/pikavippi\/30000-e\/\">30000\u20ac quick loan<\/a> or just <a href=\"http:\/\/lenders.fi\/en\/vippi\/30000-e\/\">\u20ac30,000 vippi<\/a>, another may use the term <a href=\"http:\/\/lenders.fi\/en\/pikalaina\/30000-e\/\">30000\u20ac quick loan<\/a>. Regardless of the title, the loan offers that are transmitted through our site are mainly related to consumer credit and credit lines - all of them are loans that can be granted by the lender to the borrower without any collateral. In addition, the loans are usually paid back very quickly.<\/p>","protected":false},"excerpt":{"rendered":"<p>Get a \u20ac30,000 loan instantly - get a loan in minutes Through our partners on our website, you can get a \u20ac30,000 loan quickly - even in minutes. It only takes a moment to fill in the application form and you can usually get a loan decision for a \u20ac30000 loan instantly. Loan \u20ac30000 effortlessly Sometimes life takes you by surprise and the need for a \u20ac30000 loan comes unexpectedly and unpredictably. Applying for a loan and getting a loan decision for \u20ac30000 [...]<\/p>","protected":false},"author":1,"featured_media":0,"parent":66,"menu_order":0,"comment_status":"open","ping_status":"open","template":"","meta":{"_monsterinsights_skip_tracking":false,"_monsterinsights_sitenote_active":false,"_monsterinsights_sitenote_note":"","_monsterinsights_sitenote_category":0,"footnotes":""},"class_list":["post-169","page","type-page","status-publish","hentry","post-wrapper","thrv_wrapper"],"yoast_head":"<!-- This site is optimized with the Yoast SEO plugin v21.8 - https:\/\/yoast.com\/wordpress\/plugins\/seo\/ -->\n<title>30000 euroa lainaa heti tilille | Vertaa 30000\u20ac lainat | Lenders.fi<\/title>\n<meta name=\"robots\" content=\"index, follow, max-snippet:-1, max-image-preview:large, max-video-preview:-1\" \/>\n<link rel=\"canonical\" href=\"https:\/\/lenders.fi\/en\/loan\/30000-e\/\" \/>\n<meta property=\"og:locale\" content=\"en_US\" \/>\n<meta property=\"og:type\" content=\"article\" \/>\n<meta property=\"og:title\" content=\"30000 euroa lainaa heti tilille | Vertaa 30000\u20ac lainat | Lenders.fi\" \/>\n<meta property=\"og:description\" content=\"30000\u20ac laina heti tilille \u2013 hae lainaa minuutissa Sivustomme yhteisty\u00f6kumppanien kautta voit saada lainaa 30000 euroa nopeasti \u2013 jopa muutamassa minuutissa. Hakemuksen t\u00e4ytt\u00e4minen vie aikaa vain hetken, ja saat lainap\u00e4\u00e4t\u00f6ksen 30000\u20ac lainalle yleens\u00e4 heti. Lainaa 30000 \u20ac vaivattomasti Joskus el\u00e4m\u00e4 yll\u00e4tt\u00e4\u00e4, ja tarve 30000\u20ac lainalle tulee yll\u00e4tt\u00e4en ja arvaamatta. Lainan hakeminen ja lainap\u00e4\u00e4t\u00f6ksen saaminen 30000\u20ac [&hellip;]\" \/>\n<meta property=\"og:url\" content=\"https:\/\/lenders.fi\/en\/loan\/30000-e\/\" \/>\n<meta property=\"og:site_name\" content=\"Lenders.fi\" \/>\n<meta property=\"article:modified_time\" content=\"2022-09-14T14:37:29+00:00\" \/>\n<meta name=\"twitter:card\" content=\"summary_large_image\" \/>\n<meta name=\"twitter:label1\" content=\"Est. reading time\" \/>\n\t<meta name=\"twitter:data1\" content=\"2 minutes\" \/>\n<script type=\"application\/ld+json\" class=\"yoast-schema-graph\">{\"@context\":\"https:\/\/schema.org\",\"@graph\":[{\"@type\":\"WebPage\",\"@id\":\"https:\/\/lenders.fi\/en\/loan\/30000-e\/\",\"url\":\"https:\/\/lenders.fi\/en\/loan\/30000-e\/\",\"name\":\"30000 euroa lainaa heti tilille | Vertaa 30000\u20ac lainat | Lenders.fi\",\"isPartOf\":{\"@id\":\"https:\/\/lenders.fi\/#website\"},\"datePublished\":\"2022-09-14T14:37:28+00:00\",\"dateModified\":\"2022-09-14T14:37:29+00:00\",\"breadcrumb\":{\"@id\":\"https:\/\/lenders.fi\/en\/loan\/30000-e\/#breadcrumb\"},\"inLanguage\":\"en-US\",\"potentialAction\":[{\"@type\":\"ReadAction\",\"target\":[\"https:\/\/lenders.fi\/en\/loan\/30000-e\/\"]}]},{\"@type\":\"BreadcrumbList\",\"@id\":\"https:\/\/lenders.fi\/en\/loan\/30000-e\/#breadcrumb\",\"itemListElement\":[{\"@type\":\"ListItem\",\"position\":1,\"name\":\"Etusivu\",\"item\":\"http:\/\/lenders.fi\/en\/\"},{\"@type\":\"ListItem\",\"position\":2,\"name\":\"Lainaa\",\"item\":\"https:\/\/lenders.fi\/lainaa\/\"},{\"@type\":\"ListItem\",\"position\":3,\"name\":\"Lainaa 30000 euroa\"}]},{\"@type\":\"WebSite\",\"@id\":\"https:\/\/lenders.fi\/#website\",\"url\":\"https:\/\/lenders.fi\/\",\"name\":\"Lenders.fi\",\"description\":\"Vertaamme lainantarjoajat puolestasi\",\"potentialAction\":[{\"@type\":\"SearchAction\",\"target\":{\"@type\":\"EntryPoint\",\"urlTemplate\":\"https:\/\/lenders.fi\/?s={search_term_string}\"},\"query-input\":\"required name=search_term_string\"}],\"inLanguage\":\"en-US\"}]}<\/script>\n<!-- \/ Yoast SEO plugin. -->","yoast_head_json":{"title":"30000 euroa lainaa heti tilille | Vertaa 30000\u20ac lainat | Lenders.fi","robots":{"index":"index","follow":"follow","max-snippet":"max-snippet:-1","max-image-preview":"max-image-preview:large","max-video-preview":"max-video-preview:-1"},"canonical":"https:\/\/lenders.fi\/en\/loan\/30000-e\/","og_locale":"en_US","og_type":"article","og_title":"30000 euroa lainaa heti tilille | Vertaa 30000\u20ac lainat | Lenders.fi","og_description":"30000\u20ac laina heti tilille \u2013 hae lainaa minuutissa Sivustomme yhteisty\u00f6kumppanien kautta voit saada lainaa 30000 euroa nopeasti \u2013 jopa muutamassa minuutissa. Hakemuksen t\u00e4ytt\u00e4minen vie aikaa vain hetken, ja saat lainap\u00e4\u00e4t\u00f6ksen 30000\u20ac lainalle yleens\u00e4 heti. Lainaa 30000 \u20ac vaivattomasti Joskus el\u00e4m\u00e4 yll\u00e4tt\u00e4\u00e4, ja tarve 30000\u20ac lainalle tulee yll\u00e4tt\u00e4en ja arvaamatta. Lainan hakeminen ja lainap\u00e4\u00e4t\u00f6ksen saaminen 30000\u20ac [&hellip;]","og_url":"https:\/\/lenders.fi\/en\/loan\/30000-e\/","og_site_name":"Lenders.fi","article_modified_time":"2022-09-14T14:37:29+00:00","twitter_card":"summary_large_image","twitter_misc":{"Est. reading time":"2 minutes"},"schema":{"@context":"https:\/\/schema.org","@graph":[{"@type":"WebPage","@id":"https:\/\/lenders.fi\/en\/loan\/30000-e\/","url":"https:\/\/lenders.fi\/en\/loan\/30000-e\/","name":"30000 euroa lainaa heti tilille | Vertaa 30000\u20ac lainat | Lenders.fi","isPartOf":{"@id":"https:\/\/lenders.fi\/#website"},"datePublished":"2022-09-14T14:37:28+00:00","dateModified":"2022-09-14T14:37:29+00:00","breadcrumb":{"@id":"https:\/\/lenders.fi\/en\/loan\/30000-e\/#breadcrumb"},"inLanguage":"en-US","potentialAction":[{"@type":"ReadAction","target":["https:\/\/lenders.fi\/en\/loan\/30000-e\/"]}]},{"@type":"BreadcrumbList","@id":"https:\/\/lenders.fi\/en\/loan\/30000-e\/#breadcrumb","itemListElement":[{"@type":"ListItem","position":1,"name":"Etusivu","item":"http:\/\/lenders.fi\/en\/"},{"@type":"ListItem","position":2,"name":"Lainaa","item":"https:\/\/lenders.fi\/lainaa\/"},{"@type":"ListItem","position":3,"name":"Lainaa 30000 euroa"}]},{"@type":"WebSite","@id":"https:\/\/lenders.fi\/#website","url":"https:\/\/lenders.fi\/","name":"Lenders.fi","description":"Vertaamme lainantarjoajat puolestasi","potentialAction":[{"@type":"SearchAction","target":{"@type":"EntryPoint","urlTemplate":"https:\/\/lenders.fi\/?s={search_term_string}"},"query-input":"required name=search_term_string"}],"inLanguage":"en-US"}]}},"_links":{"self":[{"href":"https:\/\/lenders.fi\/en\/wp-json\/wp\/v2\/pages\/169"}],"collection":[{"href":"https:\/\/lenders.fi\/en\/wp-json\/wp\/v2\/pages"}],"about":[{"href":"https:\/\/lenders.fi\/en\/wp-json\/wp\/v2\/types\/page"}],"author":[{"embeddable":true,"href":"https:\/\/lenders.fi\/en\/wp-json\/wp\/v2\/users\/1"}],"replies":[{"embeddable":true,"href":"https:\/\/lenders.fi\/en\/wp-json\/wp\/v2\/comments?post=169"}],"version-history":[{"count":1,"href":"https:\/\/lenders.fi\/en\/wp-json\/wp\/v2\/pages\/169\/revisions"}],"predecessor-version":[{"id":259,"href":"https:\/\/lenders.fi\/en\/wp-json\/wp\/v2\/pages\/169\/revisions\/259"}],"up":[{"embeddable":true,"href":"https:\/\/lenders.fi\/en\/wp-json\/wp\/v2\/pages\/66"}],"wp:attachment":[{"href":"https:\/\/lenders.fi\/en\/wp-json\/wp\/v2\/media?parent=169"}],"curies":[{"name":"wp","href":"https:\/\/api.w.org\/{rel}","templated":true}]}}