{"id":149,"date":"2022-09-14T14:37:23","date_gmt":"2022-09-14T14:37:23","guid":{"rendered":"http:\/\/lenders.fi\/10000-e\/"},"modified":"2023-02-22T07:03:38","modified_gmt":"2023-02-22T07:03:38","slug":"10000-e","status":"publish","type":"page","link":"https:\/\/lenders.fi\/en\/loan\/10000-e\/","title":{"rendered":"Borrow 10000 euros"},"content":{"rendered":"<h1>Borrow 10000 euros<\/h1>\n<p style=\"\">Compare unsecured loans and apply for a \u20ac10 000 loan in minutes. <\/p>\n<ul>\n<li style=\"padding-bottom: 6px !important;\">                    <span style=\"\"><span style=\"\">Complete the loan application in 1 minute<\/span><\/span><\/li>\n<li style=\"padding-bottom: 6px !important;\">                    <span style=\"\">Choose the loan that best suits your needs<\/span><\/li>\n<li style=\"padding-bottom: 6px !important;\"><span style=\"\">Get your money in your account today!<\/span><\/li>\n<\/ul>\n<h2 data-pm-slice=\"1 1 []\">10000\u20ac loan instantly on your account - apply for a loan in minutes<\/h2>\n<p>Through our partners you can get\u00a0<a href=\"https:\/\/lenders.fi\/en\/loan\/\" target=\"_blank\" rel=\"noopener\">Quoted from<\/a> \u20ac10,000 fast - even in a few minutes. It only takes a moment to fill in the application form and you can usually get a loan decision for a \u20ac10,000 loan straight away.<\/p>\n<h2 data-pm-slice=\"1 1 []\">Borrow \u20ac10 000 without collateral or guarantors easily<\/h2>\n<p>Sometimes life takes you by surprise, and the need for a \u20ac10,000 loan comes unexpectedly and unpredictably. Fortunately, applying for a loan and getting a loan decision for a \u20ac10,000 loan is quick and easy these days.<\/p>\n<p>Through our partners, you can apply for a loan of EUR 10 000 without collateral or guarantors. This means that, in addition to your own information, you only need to provide proof of income, such as a payslip or tax statement. No separate collateral or guarantors are therefore required.<\/p>\n<h2>Where to apply for a loan of \u20ac10,000?<\/h2>\n<p>If you need a loan of \u20ac10,000 quickly, the best option is usually to apply for a loan online. You can apply for a loan without collateral from various financial institutions and competition sites and, ideally, you can get a loan on your account the same day.<\/p>\n<p>Applications for unsecured loans are usually processed very quickly. As a result, a loan of EUR 10 000 is usually the fastest to obtain without collateral.<\/p>\n<h2>How to apply for a loan of \u20ac10,000 in minutes<\/h2>\n<p>Applying for an uninsured loan is easy. You can easily apply for a \u20ac10 000 loan online and, ideally, you will receive a loan decision immediately after submitting your application.<\/p>\n<p>Through our partners, you can apply for a loan of \u20ac10,000 with a single application from several different financial institutions. This means you can easily get several different loan offers for a \u20ac10,000 loan.<\/p>\n<p>After submitting your application, you will usually receive loan offers immediately. Once you have received the loan offers, you can compare the interest rates and costs of the different loans and then choose the one that suits you best.<\/p>\n<p><span style=\"\"><img decoding=\"async\" alt=\"\" data-id=\"452\" data-init-width=\"500\" data-init-height=\"334\" title=\"\" loading=\"lazy\" src=\"http:\/\/lenders.fi\/wp-content\/uploads\/2022\/11\/shutterstock_768058255.jpg\" data-width=\"396\" data-height=\"265\" data-link-wrap=\"true\" style=\"\" mt-d=\"0\" mt-m=\"0\" center-v-d=\"false\" mt-t=\"-32\" ml-t=\"0\" ml-m=\"0\" ml-d=\"0\" center-h-d=\"false\" width=\"396\" height=\"265\"><\/span><\/p>\n<h2 data-pm-slice=\"1 1 []\">Always check the interest and charges before taking out a \u20ac10,000 loan<\/h2>\n<p data-pm-slice=\"1 1 []\">For a \u20ac10,000 loan, it's always worth competing - i.e. comparing the interest rates and charges of different lenders before you take out a loan. This way you get the best loan for you and don't end up paying for nothing.<\/p>\n<p>A loan of \u20ac10 000 can be surprisingly expensive if the interest and costs of the loan are not taken into account before applying.<\/p>\n<p><span style=\"\"><img decoding=\"async\" alt=\"\" data-id=\"453\" data-init-width=\"500\" data-init-height=\"334\" title=\"\" loading=\"lazy\" src=\"http:\/\/lenders.fi\/wp-content\/uploads\/2022\/11\/shutterstock_1785061694.jpg\" data-width=\"461\" data-height=\"308\" data-link-wrap=\"true\" style=\"\" mt-d=\"0\" mt-m=\"0\" center-v-d=\"false\" mt-t=\"-32\" ml-t=\"0\" ml-m=\"0\" ml-d=\"0\" center-h-d=\"false\" width=\"461\" height=\"308\"><\/span><\/p>\n<h3 data-pm-slice=\"1 1 []\">Always check the annual percentage rate of charge<\/h3>\n<p data-pm-slice=\"1 1 []\">Always check the annual percentage rate of charge before taking out a loan. The APR includes not only the nominal interest rate on the loan, but also, for example, account management fees, which are not included in the nominal interest rate. The APR is therefore an easy indicator for comparing the total cost of different loans.<\/p>\n<p><span style=\"\"><img decoding=\"async\" alt=\"\" data-id=\"454\" data-init-width=\"500\" data-init-height=\"334\" title=\"\" loading=\"lazy\" src=\"http:\/\/lenders.fi\/wp-content\/uploads\/2022\/11\/shutterstock_1992076766.jpg\" data-width=\"434\" data-height=\"290\" data-link-wrap=\"true\" style=\"\" mt-d=\"0\" mt-m=\"0\" center-v-d=\"false\" mt-t=\"-32\" ml-t=\"0\" ml-m=\"0\" ml-d=\"0\" center-h-d=\"false\" width=\"434\" height=\"290\"><\/span><\/p>\n<h3 data-pm-slice=\"1 1 []\">Longer loan periods increase costs<\/h3>\n<p data-pm-slice=\"1 1 []\">Also note that a longer loan term will increase the total cost of the loan significantly. This is due to the fact that the interest on the loan is paid over a longer period of time. Therefore, the same interest rate over a longer period will ultimately cost more, even though the loan instalments may be smaller.<\/p>\n<h2 data-pm-slice=\"1 1 []\">Can I get a loan of \u20ac10 000?<\/h2>\n<p>Lenders.fi is a service that connects different loan providers and loan seekers. We do not grant loans ourselves or make decisions about granting loans, so we cannot say for sure whether you will be able to get a \u20ac10,000 loan.<\/p>\n<p>You can easily find out your situation by applying for a loan. There is no cost to apply for a loan and you are not yet bound to anything. The criteria for a \u20ac10,000 loan vary between banks and loan providers.<\/p>\n<p>In practice, all financial institutions require a regular income from the applicant and proof of income in order to grant a loan of \u20ac10 000. Many financial institutions also have a minimum age for which a loan can be granted. This age can be, for example, 20 years.<\/p>\n<h2>How quickly can I get \u20ac10,000 in my account?<\/h2>\n<p>When you apply for a loan, you can even get \u20ac10,000 in your account immediately. With the fastest loan providers, you can get a loan decision immediately after submitting your application.<\/p>\n<p>This usually also means that the loan is paid into the account immediately after the loan offer is accepted - or at least within the same day.<\/p>\n<p>Please note, however, that the loan can only be paid into your account between 7am and 11pm on weekdays. This means that on weekends and at night, a loan of \u20ac10,000 cannot be withdrawn immediately.<\/p>\n<h2>Do I need to add attachments for a \u20ac10,000 loan application?<\/h2>\n<p>Generally, for a loan of EUR 10 000, you will need to include a salary certificate or tax statement with your application. The need for attachments varies from one financial institution to another.<\/p>\n<p>While it is often possible to get a small loan without attachments, a loan of \u20ac10,000 usually requires proof of income. Financial institutions want to be sure of their client's ability to repay, and verifying income is part of this process.<\/p>\n<h2 data-pm-slice=\"1 1 []\">Always compete for loans before applying for a loan<\/h2>\n<p data-pm-slice=\"1 1 []\">Competing for loans is important whenever you apply for a loan. It is particularly important to compete for larger amounts, as the interest costs of a larger loan will have a greater impact on your finances. Thus, when applying for a loan of \u20ac10 000, it is much more important to compete than when applying for a loan of, say, \u20ac100.<\/p>\n<p>Fortunately, competing for loans is quick and easy, as you can apply for a loan from several different financial institutions in one application. Once you have applied, you are free to choose the most suitable option from the various loan offers.<\/p>\n<p>When competing for a loan, you should take into account, among other things, the actual annual interest rate and the number of years over which the loan is offered.<\/p>\n<p>After comparison, you can choose which 10 000 loan is most suitable for you and withdraw the money from your account.<\/p>\n<h2 data-pm-slice=\"1 1 []\">Interest and charges on a \u20ac10,000 loan - examples<\/h2>\n<p>In the table below you will find examples of the instalments and total costs of a \u20ac10,000 loan with different payment periods and interest rates. In our example, we have used interest rates of 5%, 10%, and 20%.<\/p>\n<p><em>Note! The figures in the table are examples and our partners do not necessarily offer loans similar to the example. The purpose of the table is to illustrate the impact of different repayment periods and interest rates on the instalments and total cost of a loan of \u20ac10,000. Always check the interest rates and costs of your loan with your loan provider before taking out a loan. In addition to interest charges, the loan may also include, for example, an opening fee or a monthly account management fee.<\/em><\/p>\n<table>\n<tbody>\n<tr>\n<th>Loan amount<\/th>\n<th>Loan period (years)<\/th>\n<th>Interest rate<\/th>\n<th>Monthly round-up<\/th>\n<th>Total amount<\/th>\n<\/tr>\n<tr>\n<td>10000<\/td>\n<td>1<\/td>\n<td>5,00%<\/td>\n<td>856,07 \u20ac<\/td>\n<td>10\u00a0272,90 \u20ac<\/td>\n<\/tr>\n<tr>\n<td>10000<\/td>\n<td>2<\/td>\n<td>5,00%<\/td>\n<td>438,71 \u20ac<\/td>\n<td>10\u00a0529,13 \u20ac<\/td>\n<\/tr>\n<tr>\n<td>10000<\/td>\n<td>3<\/td>\n<td>5,00%<\/td>\n<td>299,71 \u20ac<\/td>\n<td>10\u00a0789,52 \u20ac<\/td>\n<\/tr>\n<tr>\n<td>10000<\/td>\n<td>4<\/td>\n<td>5,00%<\/td>\n<td>230,29 \u20ac<\/td>\n<td>11\u00a0054,06 \u20ac<\/td>\n<\/tr>\n<tr>\n<td>10000<\/td>\n<td>5<\/td>\n<td>5,00%<\/td>\n<td>188,71 \u20ac<\/td>\n<td>11\u00a0322,74 \u20ac<\/td>\n<\/tr>\n<tr>\n<td>10000<\/td>\n<td>1<\/td>\n<td>10,00%<\/td>\n<td>879,16 \u20ac<\/td>\n<td>10\u00a0549,91 \u20ac<\/td>\n<\/tr>\n<tr>\n<td>10000<\/td>\n<td>2<\/td>\n<td>10,00%<\/td>\n<td>461,45 \u20ac<\/td>\n<td>11\u00a0074,78 \u20ac<\/td>\n<\/tr>\n<tr>\n<td>10000<\/td>\n<td>2<\/td>\n<td>10,00%<\/td>\n<td>322,67 \u20ac<\/td>\n<td>11\u00a0616,19 \u20ac<\/td>\n<\/tr>\n<tr>\n<td>10000<\/td>\n<td>4<\/td>\n<td>10,00%<\/td>\n<td>253,63 \u20ac<\/td>\n<td>12\u00a0174,04 \u20ac<\/td>\n<\/tr>\n<tr>\n<td>10000<\/td>\n<td>5<\/td>\n<td>10,00%<\/td>\n<td>212,47 \u20ac<\/td>\n<td>12\u00a0748,23 \u20ac<\/td>\n<\/tr>\n<tr>\n<td>10000<\/td>\n<td>1<\/td>\n<td>20,00%<\/td>\n<td>926,35 \u20ac<\/td>\n<td>11\u00a0116,14 \u20ac<\/td>\n<\/tr>\n<tr>\n<td>10000<\/td>\n<td>2<\/td>\n<td>20,00%<\/td>\n<td>508,96 \u20ac<\/td>\n<td>12\u00a0214,99 \u20ac<\/td>\n<\/tr>\n<tr>\n<td>10000<\/td>\n<td>3<\/td>\n<td>20,00%<\/td>\n<td>371,64 \u20ac<\/td>\n<td>13\u00a0378,89 \u20ac<\/td>\n<\/tr>\n<tr>\n<td>10000<\/td>\n<td>4<\/td>\n<td>20,00%<\/td>\n<td>304,30 \u20ac<\/td>\n<td>14\u00a0606,57 \u20ac<\/td>\n<\/tr>\n<tr>\n<td>10000<\/td>\n<td>5<\/td>\n<td>20,00%<\/td>\n<td>264,94 \u20ac<\/td>\n<td>15\u00a0896,33 \u20ac<\/td>\n<\/tr>\n<\/tbody>\n<\/table>\n<h2 data-pm-slice=\"1 1 []\">\u00a0<\/h2>\n<h2 data-pm-slice=\"1 1 []\">The \u20ac10,000 unsecured loan goes by many different names<\/h2>\n<p>Although it is usually a consumer loan, a \u20ac10,000 loan can be called by many different names: for some, it is a\u00a0<a href=\"http:\/\/lenders.fi\/en\/pikavippi\/10000-e\/\" target=\"_blank\" rel=\"noopener\">10000\u20ac quick loan<\/a>\u00a0or just\u00a0<a href=\"https:\/\/lenders.fi\/en\/vippi\/10000-e-2\/\" target=\"_blank\" rel=\"noopener\">10000\u20ac vippi<\/a>, another may use the term\u00a0<a href=\"http:\/\/lenders.fi\/en\/pikalaina\/10000-e\/\" target=\"_blank\" rel=\"noopener\">10000\u20ac quick loan<\/a>.<\/p>\n<p>Regardless of the title, the loan offers transmitted through our website are mainly related to consumer credit and credit lines - all of them are loans that can be granted by the lender to the borrower without any collateral. In addition, loans are usually paid back very quickly.<\/p>\n<h2 data-pm-slice=\"1 1 []\">10 000 euro loan - Frequently Asked Questions<\/h2>","protected":false},"excerpt":{"rendered":"<p>Borrow \u20ac10,000 Compare unsecured loans and apply for a \u20ac10,000 loan in minutes. Complete the loan application in 1 minute Choose the loan that best suits your needs Get your money in your account today! Get a \u20ac10,000 loan instantly - apply for a loan in minutes Through our partners, you can get a \u20ac10,000 loan quickly - even in minutes. It only takes a moment to fill in the application form and you'll receive a loan decision [...]<\/p>","protected":false},"author":1,"featured_media":0,"parent":66,"menu_order":0,"comment_status":"open","ping_status":"open","template":"","meta":{"_monsterinsights_skip_tracking":false,"_monsterinsights_sitenote_active":false,"_monsterinsights_sitenote_note":"","_monsterinsights_sitenote_category":0,"footnotes":""},"class_list":["post-149","page","type-page","status-publish","hentry","post-wrapper","thrv_wrapper"],"yoast_head":"<!-- This site is optimized with the Yoast SEO plugin v21.8 - https:\/\/yoast.com\/wordpress\/plugins\/seo\/ -->\n<title>Lainaa 10000 euroa heti tilille | Vertaa 10 000\u20ac lainat | Lenders.fi<\/title>\n<meta name=\"robots\" content=\"index, follow, max-snippet:-1, max-image-preview:large, max-video-preview:-1\" \/>\n<link rel=\"canonical\" href=\"https:\/\/lenders.fi\/en\/loan\/10000-e\/\" \/>\n<meta property=\"og:locale\" content=\"en_US\" \/>\n<meta property=\"og:type\" content=\"article\" \/>\n<meta property=\"og:title\" content=\"Lainaa 10000 euroa heti tilille | Vertaa 10 000\u20ac lainat | Lenders.fi\" \/>\n<meta property=\"og:description\" content=\"Lainaa 10000 euroa Vertaa vakuudettomat lainat ja hae 10 000 euroa lainaa muutamassa minuutissa. T\u00e4yt\u00e4 lainahakemus 1 minuutissa Valitse tarpeisiisi sopivin laina Nosta rahat tilille jo t\u00e4n\u00e4\u00e4n! 10000\u20ac laina heti tilille \u2013 hae lainaa minuutissa Kumppaniemme kautta voit saada\u00a0lainaa 10000 euroa nopeasti \u2013 jopa muutamassa minuutissa. Hakemuksen t\u00e4ytt\u00e4minen vie aikaa vain hetken, ja saat lainap\u00e4\u00e4t\u00f6ksen [&hellip;]\" \/>\n<meta property=\"og:url\" content=\"https:\/\/lenders.fi\/en\/loan\/10000-e\/\" \/>\n<meta property=\"og:site_name\" content=\"Lenders.fi\" \/>\n<meta property=\"article:modified_time\" content=\"2023-02-22T07:03:38+00:00\" \/>\n<meta property=\"og:image\" content=\"http:\/\/lenders.fi\/wp-content\/uploads\/2022\/11\/shutterstock_768058255.jpg\" \/>\n<meta name=\"twitter:card\" content=\"summary_large_image\" \/>\n<meta name=\"twitter:label1\" content=\"Est. reading time\" \/>\n\t<meta name=\"twitter:data1\" content=\"7 minutes\" \/>\n<script type=\"application\/ld+json\" class=\"yoast-schema-graph\">{\"@context\":\"https:\/\/schema.org\",\"@graph\":[{\"@type\":\"WebPage\",\"@id\":\"https:\/\/lenders.fi\/lainaa\/10000-e\/\",\"url\":\"https:\/\/lenders.fi\/lainaa\/10000-e\/\",\"name\":\"Lainaa 10000 euroa heti tilille | Vertaa 10 000\u20ac lainat | Lenders.fi\",\"isPartOf\":{\"@id\":\"https:\/\/lenders.fi\/#website\"},\"datePublished\":\"2022-09-14T14:37:23+00:00\",\"dateModified\":\"2023-02-22T07:03:38+00:00\",\"breadcrumb\":{\"@id\":\"https:\/\/lenders.fi\/lainaa\/10000-e\/#breadcrumb\"},\"inLanguage\":\"en-US\",\"potentialAction\":[{\"@type\":\"ReadAction\",\"target\":[\"https:\/\/lenders.fi\/lainaa\/10000-e\/\"]}]},{\"@type\":\"BreadcrumbList\",\"@id\":\"https:\/\/lenders.fi\/lainaa\/10000-e\/#breadcrumb\",\"itemListElement\":[{\"@type\":\"ListItem\",\"position\":1,\"name\":\"Etusivu\",\"item\":\"http:\/\/lenders.fi\/en\/\"},{\"@type\":\"ListItem\",\"position\":2,\"name\":\"Lainaa\",\"item\":\"https:\/\/lenders.fi\/lainaa\/\"},{\"@type\":\"ListItem\",\"position\":3,\"name\":\"Lainaa 10000 euroa\"}]},{\"@type\":\"WebSite\",\"@id\":\"https:\/\/lenders.fi\/#website\",\"url\":\"https:\/\/lenders.fi\/\",\"name\":\"Lenders.fi\",\"description\":\"Vertaamme lainantarjoajat puolestasi\",\"potentialAction\":[{\"@type\":\"SearchAction\",\"target\":{\"@type\":\"EntryPoint\",\"urlTemplate\":\"https:\/\/lenders.fi\/?s={search_term_string}\"},\"query-input\":\"required name=search_term_string\"}],\"inLanguage\":\"en-US\"}]}<\/script>\n<!-- \/ Yoast SEO plugin. -->","yoast_head_json":{"title":"Lainaa 10000 euroa heti tilille | Vertaa 10 000\u20ac lainat | Lenders.fi","robots":{"index":"index","follow":"follow","max-snippet":"max-snippet:-1","max-image-preview":"max-image-preview:large","max-video-preview":"max-video-preview:-1"},"canonical":"https:\/\/lenders.fi\/en\/loan\/10000-e\/","og_locale":"en_US","og_type":"article","og_title":"Lainaa 10000 euroa heti tilille | Vertaa 10 000\u20ac lainat | Lenders.fi","og_description":"Lainaa 10000 euroa Vertaa vakuudettomat lainat ja hae 10 000 euroa lainaa muutamassa minuutissa. T\u00e4yt\u00e4 lainahakemus 1 minuutissa Valitse tarpeisiisi sopivin laina Nosta rahat tilille jo t\u00e4n\u00e4\u00e4n! 10000\u20ac laina heti tilille \u2013 hae lainaa minuutissa Kumppaniemme kautta voit saada\u00a0lainaa 10000 euroa nopeasti \u2013 jopa muutamassa minuutissa. Hakemuksen t\u00e4ytt\u00e4minen vie aikaa vain hetken, ja saat lainap\u00e4\u00e4t\u00f6ksen [&hellip;]","og_url":"https:\/\/lenders.fi\/en\/loan\/10000-e\/","og_site_name":"Lenders.fi","article_modified_time":"2023-02-22T07:03:38+00:00","og_image":[{"url":"http:\/\/lenders.fi\/wp-content\/uploads\/2022\/11\/shutterstock_768058255.jpg"}],"twitter_card":"summary_large_image","twitter_misc":{"Est. reading time":"7 minutes"},"schema":{"@context":"https:\/\/schema.org","@graph":[{"@type":"WebPage","@id":"https:\/\/lenders.fi\/lainaa\/10000-e\/","url":"https:\/\/lenders.fi\/lainaa\/10000-e\/","name":"Lainaa 10000 euroa heti tilille | Vertaa 10 000\u20ac lainat | Lenders.fi","isPartOf":{"@id":"https:\/\/lenders.fi\/#website"},"datePublished":"2022-09-14T14:37:23+00:00","dateModified":"2023-02-22T07:03:38+00:00","breadcrumb":{"@id":"https:\/\/lenders.fi\/lainaa\/10000-e\/#breadcrumb"},"inLanguage":"en-US","potentialAction":[{"@type":"ReadAction","target":["https:\/\/lenders.fi\/lainaa\/10000-e\/"]}]},{"@type":"BreadcrumbList","@id":"https:\/\/lenders.fi\/lainaa\/10000-e\/#breadcrumb","itemListElement":[{"@type":"ListItem","position":1,"name":"Etusivu","item":"http:\/\/lenders.fi\/en\/"},{"@type":"ListItem","position":2,"name":"Lainaa","item":"https:\/\/lenders.fi\/lainaa\/"},{"@type":"ListItem","position":3,"name":"Lainaa 10000 euroa"}]},{"@type":"WebSite","@id":"https:\/\/lenders.fi\/#website","url":"https:\/\/lenders.fi\/","name":"Lenders.fi","description":"Vertaamme lainantarjoajat puolestasi","potentialAction":[{"@type":"SearchAction","target":{"@type":"EntryPoint","urlTemplate":"https:\/\/lenders.fi\/?s={search_term_string}"},"query-input":"required name=search_term_string"}],"inLanguage":"en-US"}]}},"_links":{"self":[{"href":"https:\/\/lenders.fi\/en\/wp-json\/wp\/v2\/pages\/149"}],"collection":[{"href":"https:\/\/lenders.fi\/en\/wp-json\/wp\/v2\/pages"}],"about":[{"href":"https:\/\/lenders.fi\/en\/wp-json\/wp\/v2\/types\/page"}],"author":[{"embeddable":true,"href":"https:\/\/lenders.fi\/en\/wp-json\/wp\/v2\/users\/1"}],"replies":[{"embeddable":true,"href":"https:\/\/lenders.fi\/en\/wp-json\/wp\/v2\/comments?post=149"}],"version-history":[{"count":6,"href":"https:\/\/lenders.fi\/en\/wp-json\/wp\/v2\/pages\/149\/revisions"}],"predecessor-version":[{"id":664,"href":"https:\/\/lenders.fi\/en\/wp-json\/wp\/v2\/pages\/149\/revisions\/664"}],"up":[{"embeddable":true,"href":"https:\/\/lenders.fi\/en\/wp-json\/wp\/v2\/pages\/66"}],"wp:attachment":[{"href":"https:\/\/lenders.fi\/en\/wp-json\/wp\/v2\/media?parent=149"}],"curies":[{"name":"wp","href":"https:\/\/api.w.org\/{rel}","templated":true}]}}