{"id":108,"date":"2022-09-14T14:37:13","date_gmt":"2022-09-14T14:37:13","guid":{"rendered":"http:\/\/lenders.fi\/100-e\/"},"modified":"2023-02-22T07:04:42","modified_gmt":"2023-02-22T07:04:42","slug":"100-e","status":"publish","type":"page","link":"https:\/\/lenders.fi\/en\/loan\/100-e-2\/","title":{"rendered":"Borrow 100 euros"},"content":{"rendered":"<h1>Loan 100 euros, immediately to your account<\/h1>\n<p style=\"\">Get a \u20ac100 loan quickly and easily. It takes no time at all to apply for a loan, and you can even get the money in your account right away!<\/p>\n<ul>\n<li style=\"padding-bottom: 6px !important;\">                    <span style=\"\"><span style=\"\">Complete the loan application in 1 minute<\/span><\/span><\/li>\n<li style=\"padding-bottom: 6px !important;\">                    <span style=\"\">Choose the loan that best suits your needs<\/span><\/li>\n<li style=\"padding-bottom: 6px !important;\"><span style=\"\">Get your money in your account today!<\/span><\/li>\n<\/ul>\n<h1 data-pm-slice=\"1 1 []\">100\u20ac loan instantly on your account - apply for a loan in minutes<\/h1>\n<p>Through our website partners you can get\u00a0<a href=\"https:\/\/lenders.fi\/en\/loan\/\" target=\"_blank\" rel=\"noopener\">Quoted from<\/a>\u00a0100 euros quickly - even in a few minutes. It only takes a moment to complete the application, and you'll usually get a loan decision for a \u20ac100 loan straight away.<\/p>\n<p>A loan of \u20ac100 can usually be credited to your account on a weekday within the same day, or even within minutes at best!<\/p>\n<p><span style=\"\"><img decoding=\"async\" alt=\"\" data-id=\"411\" data-init-width=\"500\" data-init-height=\"334\" title=\"\" loading=\"lazy\" src=\"http:\/\/lenders.fi\/wp-content\/uploads\/2022\/11\/shutterstock_633327704.jpg\" data-width=\"396\" data-height=\"265\" data-link-wrap=\"true\" style=\"\" mt-d=\"0\" mt-m=\"0\" center-v-d=\"false\" mt-t=\"-32\" ml-t=\"0\" ml-m=\"0\" ml-d=\"0\" center-h-d=\"false\" width=\"396\" height=\"265\"><\/span><\/p>\n<h2 data-pm-slice=\"1 1 []\">Get a loan of \u20ac100 easily online<\/h2>\n<p data-pm-slice=\"1 1 []\">Sometimes life takes you by surprise, and the need for a \u20ac100 loan comes unexpectedly and unpredictably. Fortunately, applying for a loan and getting a loan decision for a \u20ac100 loan is quick and easy these days.<\/p>\n<p><span style=\"\"><img decoding=\"async\" alt=\"\" data-id=\"412\" data-init-width=\"500\" data-init-height=\"334\" title=\"\" loading=\"lazy\" src=\"http:\/\/lenders.fi\/wp-content\/uploads\/2022\/11\/shutterstock_1204727542.jpg\" data-width=\"396\" data-height=\"265\" data-link-wrap=\"true\" style=\"\" mt-d=\"0\" mt-m=\"0\" center-v-d=\"false\" mt-t=\"-32\" ml-t=\"0\" ml-m=\"0\" ml-d=\"0\" center-h-d=\"false\" width=\"396\" height=\"265\"><\/span><\/p>\n<h2 data-pm-slice=\"1 1 []\">Always check the interest and charges before taking out a \u20ac100 loan<\/h2>\n<p data-pm-slice=\"1 1 []\">It's always worth competing for a \u20ac100 loan - i.e. comparing the interest rates and charges of different lenders before you take out a loan. This way you get the best loan for you and don't end up paying for nothing.<\/p>\n<p><span style=\"\"><img decoding=\"async\" alt=\"\" data-id=\"413\" data-init-width=\"500\" data-init-height=\"334\" title=\"\" loading=\"lazy\" src=\"http:\/\/lenders.fi\/wp-content\/uploads\/2022\/11\/shutterstock_1887352297.jpg\" data-width=\"396\" data-height=\"265\" data-link-wrap=\"true\" style=\"\" mt-d=\"0\" mt-m=\"0\" center-v-d=\"false\" mt-t=\"-32\" ml-t=\"0\" ml-m=\"0\" ml-d=\"0\" center-h-d=\"false\" width=\"396\" height=\"265\"><\/span><\/p>\n<h2 data-pm-slice=\"1 1 []\">Can I get a \u20ac100 loan?<\/h2>\n<p data-pm-slice=\"1 1 []\">Lenders.fi is a service that connects different loan providers and loan seekers. We do not grant loans ourselves or make decisions about granting loans, so we cannot say for sure whether you will be able to get a loan of \u20ac100.<\/p>\n<p>You can easily find out your situation by applying for a loan. There is no cost to apply for a loan and you are not yet bound to anything. The criteria for a \u20ac100 loan vary between banks and loan providers.<\/p>\n<p>You can apply for a \u20ac100 loan at any time from the comfort of your own home.<\/p>\n<h2 data-pm-slice=\"1 1 []\">How quickly will a loan of \u20ac100 be paid into an account?<\/h2>\n<p>When you apply for a loan, you can even get \u20ac100 in your account immediately. With the fastest loan providers, you can get a loan decision immediately after submitting your application, which also means that the loan will be paid into your account immediately after the loan offer is approved.<\/p>\n<p>Please note, however, that by law the loan can only be paid between 7am and 11pm on weekdays. During nights and weekends the loan cannot be paid, but you can still apply for a loan of \u20ac100.<\/p>\n<h2 data-pm-slice=\"1 1 []\">Do I need to add attachments for a \u20ac100 loan application?<\/h2>\n<p data-pm-slice=\"1 1 []\">The need for annexes varies from one lender to another. Lenders want to be sure of your ability to pay, so attachments - such as salary slips and tax returns - may be requested when you apply for a loan.<\/p>\n<p>A loan of \u20ac100 is such a small amount that you can often get it without any attachments. You can check whether you need any attachments by applying for a loan and seeing whether financial institutions ask for separate attachments after you have sent in your application.<\/p>\n<h2>Interest and charges on a \u20ac100 loan - examples<\/h2>\n<p>In the table below you will find examples of instalments and total costs for a \u20ac100 loan with different payment periods and interest rates. In our example, we have used interest rates of 5%, 10%, and 20%.<\/p>\n<p>Note! The figures in the table are examples and our partners do not necessarily offer loans similar to the example. The purpose of the table is to illustrate the impact of different repayment periods and interest rates on the instalments and total cost of a \u20ac100 loan. Always check the interest rates and costs of your loan with your loan provider before taking out a loan. In addition to interest charges, the loan may also include, for example, an opening fee or a monthly account management fee.<\/p>\n<table>\n<tbody>\n<tr>\n<th>Loan amount<\/th>\n<th>Loan period (years)<\/th>\n<th>Interest rate<\/th>\n<th>Monthly round-up<\/th>\n<th>Total amount<\/th>\n<\/tr>\n<tr>\n<td>100<\/td>\n<td>1<\/td>\n<td>5,00%<\/td>\n<td>8,56 \u20ac<\/td>\n<td>102,73 \u20ac<\/td>\n<\/tr>\n<tr>\n<td>100<\/td>\n<td>2<\/td>\n<td>5,00%<\/td>\n<td>4,39 \u20ac<\/td>\n<td>105,29 \u20ac<\/td>\n<\/tr>\n<tr>\n<td>100<\/td>\n<td>3<\/td>\n<td>5,00%<\/td>\n<td>3,00 \u20ac<\/td>\n<td>107,90 \u20ac<\/td>\n<\/tr>\n<tr>\n<td>100<\/td>\n<td>4<\/td>\n<td>5,00%<\/td>\n<td>2,30 \u20ac<\/td>\n<td>110,54 \u20ac<\/td>\n<\/tr>\n<tr>\n<td>100<\/td>\n<td>5<\/td>\n<td>5,00%<\/td>\n<td>1,89 \u20ac<\/td>\n<td>113,23 \u20ac<\/td>\n<\/tr>\n<tr>\n<td>100<\/td>\n<td>1<\/td>\n<td>10,00%<\/td>\n<td>8,79 \u20ac<\/td>\n<td>105,50 \u20ac<\/td>\n<\/tr>\n<tr>\n<td>100<\/td>\n<td>2<\/td>\n<td>10,00%<\/td>\n<td>4,61 \u20ac<\/td>\n<td>110,75 \u20ac<\/td>\n<\/tr>\n<tr>\n<td>100<\/td>\n<td>2<\/td>\n<td>10,00%<\/td>\n<td>3,23 \u20ac<\/td>\n<td>116,16 \u20ac<\/td>\n<\/tr>\n<tr>\n<td>100<\/td>\n<td>4<\/td>\n<td>10,00%<\/td>\n<td>2,54 \u20ac<\/td>\n<td>121,74 \u20ac<\/td>\n<\/tr>\n<tr>\n<td>100<\/td>\n<td>5<\/td>\n<td>10,00%<\/td>\n<td>2,12 \u20ac<\/td>\n<td>127,48 \u20ac<\/td>\n<\/tr>\n<tr>\n<td>100<\/td>\n<td>1<\/td>\n<td>20,00%<\/td>\n<td>9,26 \u20ac<\/td>\n<td>111,16 \u20ac<\/td>\n<\/tr>\n<tr>\n<td>100<\/td>\n<td>2<\/td>\n<td>20,00%<\/td>\n<td>5,09 \u20ac<\/td>\n<td>122,15 \u20ac<\/td>\n<\/tr>\n<tr>\n<td>100<\/td>\n<td>3<\/td>\n<td>20,00%<\/td>\n<td>3,72 \u20ac<\/td>\n<td>133,79 \u20ac<\/td>\n<\/tr>\n<tr>\n<td>100<\/td>\n<td>4<\/td>\n<td>20,00%<\/td>\n<td>3,04 \u20ac<\/td>\n<td>146,07 \u20ac<\/td>\n<\/tr>\n<tr>\n<td>100<\/td>\n<td>5<\/td>\n<td>20,00%<\/td>\n<td>2,65 \u20ac<\/td>\n<td>158,96 \u20ac<\/td>\n<\/tr>\n<\/tbody>\n<\/table>\n<h2>\u00a0<\/h2>\n<h2>100\u20ac unsecured loan goes by many names<\/h2>\n<p>Although it is usually a consumer loan, a \u20ac100 loan can be called by many different names: for some, it is a <a href=\"http:\/\/lenders.fi\/en\/pikavippi\/100-e\/\">100\u20ac quick loan<\/a> or just <a href=\"https:\/\/lenders.fi\/en\/vippi\/100-e\/\">100\u20ac vippi<\/a>, another may use the term <a href=\"http:\/\/lenders.fi\/en\/pikalaina\/100-e\/\">100\u20ac quick loan<\/a>.<\/p>\n<p>Regardless of the title, the loan offers transmitted through our website are mainly related to consumer credit and credit lines - all of them are loans that can be granted by the lender to the borrower without any collateral. In addition, loans are usually paid back very quickly.<\/p>\n<h2 data-pm-slice=\"1 1 []\">Loan 100 euros - Frequently Asked Questions<\/h2>","protected":false},"excerpt":{"rendered":"<p>Loan 100 euros, instantly to your account Get a 100 euro loan quickly and easily. It takes no time at all to apply for a loan, and you can even get the money in your account right away! Complete the loan application in 1 minute Choose the loan that best suits your needs Get the money in your account today! Get a \u20ac100 loan instantly - apply for a loan in minutes Through our website partners, you can get a \u20ac100 loan quickly - even in minutes. [...]<\/p>","protected":false},"author":1,"featured_media":0,"parent":66,"menu_order":0,"comment_status":"open","ping_status":"open","template":"","meta":{"_monsterinsights_skip_tracking":false,"_monsterinsights_sitenote_active":false,"_monsterinsights_sitenote_note":"","_monsterinsights_sitenote_category":0,"footnotes":""},"class_list":["post-108","page","type-page","status-publish","hentry","post-wrapper","thrv_wrapper"],"yoast_head":"<!-- This site is optimized with the Yoast SEO plugin v21.8 - https:\/\/yoast.com\/wordpress\/plugins\/seo\/ -->\n<title>100 euroa lainaa heti tilille | Vertaa 100\u20ac lainat | Lenders.fi<\/title>\n<meta name=\"robots\" content=\"index, follow, max-snippet:-1, max-image-preview:large, max-video-preview:-1\" \/>\n<link rel=\"canonical\" href=\"https:\/\/lenders.fi\/en\/loan\/100-e-2\/\" \/>\n<meta property=\"og:locale\" content=\"en_US\" \/>\n<meta property=\"og:type\" content=\"article\" \/>\n<meta property=\"og:title\" content=\"100 euroa lainaa heti tilille | Vertaa 100\u20ac lainat | Lenders.fi\" \/>\n<meta property=\"og:description\" content=\"Lainaa 100 euroa, heti tilille Hae 100 euron lainaa helposti ja nopeasti. Lainan hakeminen onnistuu hetkess\u00e4, ja voit saada rahat tilillesi jopa heti! T\u00e4yt\u00e4 lainahakemus 1 minuutissa Valitse tarpeisiisi sopivin laina Nosta rahat tilille jo t\u00e4n\u00e4\u00e4n! 100\u20ac laina heti tilille \u2013 hae lainaa minuutissa Sivustomme yhteisty\u00f6kumppanien kautta voit saada\u00a0lainaa\u00a0100 euroa nopeasti \u2013 jopa muutamassa minuutissa. [&hellip;]\" \/>\n<meta property=\"og:url\" content=\"https:\/\/lenders.fi\/en\/loan\/100-e-2\/\" \/>\n<meta property=\"og:site_name\" content=\"Lenders.fi\" \/>\n<meta property=\"article:modified_time\" content=\"2023-02-22T07:04:42+00:00\" \/>\n<meta property=\"og:image\" content=\"http:\/\/lenders.fi\/wp-content\/uploads\/2022\/11\/shutterstock_633327704.jpg\" \/>\n<meta name=\"twitter:card\" content=\"summary_large_image\" \/>\n<meta name=\"twitter:label1\" content=\"Est. reading time\" \/>\n\t<meta name=\"twitter:data1\" content=\"3 minutes\" \/>\n<script type=\"application\/ld+json\" class=\"yoast-schema-graph\">{\"@context\":\"https:\/\/schema.org\",\"@graph\":[{\"@type\":\"WebPage\",\"@id\":\"https:\/\/lenders.fi\/lainaa\/100-e\/\",\"url\":\"https:\/\/lenders.fi\/lainaa\/100-e\/\",\"name\":\"100 euroa lainaa heti tilille | Vertaa 100\u20ac lainat | Lenders.fi\",\"isPartOf\":{\"@id\":\"https:\/\/lenders.fi\/#website\"},\"datePublished\":\"2022-09-14T14:37:13+00:00\",\"dateModified\":\"2023-02-22T07:04:42+00:00\",\"breadcrumb\":{\"@id\":\"https:\/\/lenders.fi\/lainaa\/100-e\/#breadcrumb\"},\"inLanguage\":\"en-US\",\"potentialAction\":[{\"@type\":\"ReadAction\",\"target\":[\"https:\/\/lenders.fi\/lainaa\/100-e\/\"]}]},{\"@type\":\"BreadcrumbList\",\"@id\":\"https:\/\/lenders.fi\/lainaa\/100-e\/#breadcrumb\",\"itemListElement\":[{\"@type\":\"ListItem\",\"position\":1,\"name\":\"Etusivu\",\"item\":\"http:\/\/lenders.fi\/en\/\"},{\"@type\":\"ListItem\",\"position\":2,\"name\":\"Lainaa\",\"item\":\"https:\/\/lenders.fi\/lainaa\/\"},{\"@type\":\"ListItem\",\"position\":3,\"name\":\"Lainaa 100 euroa\"}]},{\"@type\":\"WebSite\",\"@id\":\"https:\/\/lenders.fi\/#website\",\"url\":\"https:\/\/lenders.fi\/\",\"name\":\"Lenders.fi\",\"description\":\"Vertaamme lainantarjoajat puolestasi\",\"potentialAction\":[{\"@type\":\"SearchAction\",\"target\":{\"@type\":\"EntryPoint\",\"urlTemplate\":\"https:\/\/lenders.fi\/?s={search_term_string}\"},\"query-input\":\"required name=search_term_string\"}],\"inLanguage\":\"en-US\"}]}<\/script>\n<!-- \/ Yoast SEO plugin. -->","yoast_head_json":{"title":"100 euroa lainaa heti tilille | Vertaa 100\u20ac lainat | Lenders.fi","robots":{"index":"index","follow":"follow","max-snippet":"max-snippet:-1","max-image-preview":"max-image-preview:large","max-video-preview":"max-video-preview:-1"},"canonical":"https:\/\/lenders.fi\/en\/loan\/100-e-2\/","og_locale":"en_US","og_type":"article","og_title":"100 euroa lainaa heti tilille | Vertaa 100\u20ac lainat | Lenders.fi","og_description":"Lainaa 100 euroa, heti tilille Hae 100 euron lainaa helposti ja nopeasti. Lainan hakeminen onnistuu hetkess\u00e4, ja voit saada rahat tilillesi jopa heti! T\u00e4yt\u00e4 lainahakemus 1 minuutissa Valitse tarpeisiisi sopivin laina Nosta rahat tilille jo t\u00e4n\u00e4\u00e4n! 100\u20ac laina heti tilille \u2013 hae lainaa minuutissa Sivustomme yhteisty\u00f6kumppanien kautta voit saada\u00a0lainaa\u00a0100 euroa nopeasti \u2013 jopa muutamassa minuutissa. [&hellip;]","og_url":"https:\/\/lenders.fi\/en\/loan\/100-e-2\/","og_site_name":"Lenders.fi","article_modified_time":"2023-02-22T07:04:42+00:00","og_image":[{"url":"http:\/\/lenders.fi\/wp-content\/uploads\/2022\/11\/shutterstock_633327704.jpg"}],"twitter_card":"summary_large_image","twitter_misc":{"Est. reading time":"3 minutes"},"schema":{"@context":"https:\/\/schema.org","@graph":[{"@type":"WebPage","@id":"https:\/\/lenders.fi\/lainaa\/100-e\/","url":"https:\/\/lenders.fi\/lainaa\/100-e\/","name":"100 euroa lainaa heti tilille | Vertaa 100\u20ac lainat | Lenders.fi","isPartOf":{"@id":"https:\/\/lenders.fi\/#website"},"datePublished":"2022-09-14T14:37:13+00:00","dateModified":"2023-02-22T07:04:42+00:00","breadcrumb":{"@id":"https:\/\/lenders.fi\/lainaa\/100-e\/#breadcrumb"},"inLanguage":"en-US","potentialAction":[{"@type":"ReadAction","target":["https:\/\/lenders.fi\/lainaa\/100-e\/"]}]},{"@type":"BreadcrumbList","@id":"https:\/\/lenders.fi\/lainaa\/100-e\/#breadcrumb","itemListElement":[{"@type":"ListItem","position":1,"name":"Etusivu","item":"http:\/\/lenders.fi\/en\/"},{"@type":"ListItem","position":2,"name":"Lainaa","item":"https:\/\/lenders.fi\/lainaa\/"},{"@type":"ListItem","position":3,"name":"Lainaa 100 euroa"}]},{"@type":"WebSite","@id":"https:\/\/lenders.fi\/#website","url":"https:\/\/lenders.fi\/","name":"Lenders.fi","description":"Vertaamme lainantarjoajat puolestasi","potentialAction":[{"@type":"SearchAction","target":{"@type":"EntryPoint","urlTemplate":"https:\/\/lenders.fi\/?s={search_term_string}"},"query-input":"required name=search_term_string"}],"inLanguage":"en-US"}]}},"_links":{"self":[{"href":"https:\/\/lenders.fi\/en\/wp-json\/wp\/v2\/pages\/108"}],"collection":[{"href":"https:\/\/lenders.fi\/en\/wp-json\/wp\/v2\/pages"}],"about":[{"href":"https:\/\/lenders.fi\/en\/wp-json\/wp\/v2\/types\/page"}],"author":[{"embeddable":true,"href":"https:\/\/lenders.fi\/en\/wp-json\/wp\/v2\/users\/1"}],"replies":[{"embeddable":true,"href":"https:\/\/lenders.fi\/en\/wp-json\/wp\/v2\/comments?post=108"}],"version-history":[{"count":5,"href":"https:\/\/lenders.fi\/en\/wp-json\/wp\/v2\/pages\/108\/revisions"}],"predecessor-version":[{"id":665,"href":"https:\/\/lenders.fi\/en\/wp-json\/wp\/v2\/pages\/108\/revisions\/665"}],"up":[{"embeddable":true,"href":"https:\/\/lenders.fi\/en\/wp-json\/wp\/v2\/pages\/66"}],"wp:attachment":[{"href":"https:\/\/lenders.fi\/en\/wp-json\/wp\/v2\/media?parent=108"}],"curies":[{"name":"wp","href":"https:\/\/api.w.org\/{rel}","templated":true}]}}